{"id":32827,"date":"2023-05-14T21:46:04","date_gmt":"2023-05-14T21:46:04","guid":{"rendered":"https:\/\/www.tornum.com\/product\/centriklon-dust-separator\/"},"modified":"2025-07-15T09:56:19","modified_gmt":"2025-07-15T09:56:19","slug":"urzadzenie-odpylajace-centriklon","status":"publish","type":"product","link":"https:\/\/www.tornum.com\/pl\/produkt\/urzadzenie-odpylajace-centriklon\/","title":{"rendered":"URZ\u0104DZENIE ODPYLAJ\u0104CE CENTRIKLON"},"content":{"rendered":"<p>Tornum Centriklon to bardzo wydajne urz\u0105dzenie odpylaj\u0105ce dla suszarni do ziarna. Wyr\u00f3\u017cnia si\u0119 bardzo du\u017c\u0105 wydajno\u015bci\u0105 pomimo niewielkich gabaryt\u00f3w, zapewniaj\u0105c niezwyk\u0142\u0105 niezawodno\u015b\u0107 przy minimalnych nak\u0142adach konserwacyjnych, kt\u00f3re wynikaj\u0105 z braku ruchomych cz\u0119\u015bci. Centriklon jest dost\u0119pny w kilku wielko\u015bciach i odpowiada okre\u015blonym wymaganiom wobec przep\u0142ywu powietrza i wydajno\u015bci pracy. Jest to doskona\u0142e rozwi\u0105zanie dla os\u00f3b poszukuj\u0105cych skutecznego urz\u0105dzenia do odpylania i plewienia w procesach suszenia ziarna.<\/p>\n","protected":false},"excerpt":{"rendered":"<p>Centriklon firmy Tornum to niewielkie i niezawodne urz\u0105dzenie odpylaj\u0105ce dla suszarni do ziarna, s\u0142yn\u0105ce z du\u017cej wydajno\u015bci i niskich nak\u0142ad\u00f3w konserwacyjnych. Jest dost\u0119pne w r\u00f3\u017cnych wielko\u015bciach, zatem mo\u017cna je dobra\u0107 do konkretnych wymaga\u0144 wobec przep\u0142ywu powietrza i wydajno\u015bci. Dlatego te\u017c idealnie nadaje si\u0119 do skutecznego odpylania i plewienia podczas suszenia ziarna.<\/p>\n","protected":false},"featured_media":32828,"comment_status":"open","ping_status":"closed","template":"","meta":{"_acf_changed":false},"product_brand":[],"product_cat":[955,968,969],"product_tag":[974,960,1007,972],"class_list":{"0":"post-32827","1":"product","2":"type-product","3":"status-publish","4":"has-post-thumbnail","6":"product_cat-all-products-pl","7":"product_cat-material-handling-pl","8":"product_cat-dust-separation-pl","9":"product_tag-dust-pl","10":"product_tag-fan-pl","11":"product_tag-radial-fan-pl","12":"product_tag-separation-pl","13":"description-off","15":"first","16":"instock","17":"shipping-taxable","18":"product-type-simple"},"acf":[],"_links":{"self":[{"href":"https:\/\/www.tornum.com\/pl\/wp-json\/wp\/v2\/product\/32827","targetHints":{"allow":["GET"]}}],"collection":[{"href":"https:\/\/www.tornum.com\/pl\/wp-json\/wp\/v2\/product"}],"about":[{"href":"https:\/\/www.tornum.com\/pl\/wp-json\/wp\/v2\/types\/product"}],"replies":[{"embeddable":true,"href":"https:\/\/www.tornum.com\/pl\/wp-json\/wp\/v2\/comments?post=32827"}],"version-history":[{"count":2,"href":"https:\/\/www.tornum.com\/pl\/wp-json\/wp\/v2\/product\/32827\/revisions"}],"predecessor-version":[{"id":33030,"href":"https:\/\/www.tornum.com\/pl\/wp-json\/wp\/v2\/product\/32827\/revisions\/33030"}],"wp:featuredmedia":[{"embeddable":true,"href":"https:\/\/www.tornum.com\/pl\/wp-json\/wp\/v2\/media\/32828"}],"wp:attachment":[{"href":"https:\/\/www.tornum.com\/pl\/wp-json\/wp\/v2\/media?parent=32827"}],"wp:term":[{"taxonomy":"product_brand","embeddable":true,"href":"https:\/\/www.tornum.com\/pl\/wp-json\/wp\/v2\/product_brand?post=32827"},{"taxonomy":"product_cat","embeddable":true,"href":"https:\/\/www.tornum.com\/pl\/wp-json\/wp\/v2\/product_cat?post=32827"},{"taxonomy":"product_tag","embeddable":true,"href":"https:\/\/www.tornum.com\/pl\/wp-json\/wp\/v2\/product_tag?post=32827"}],"curies":[{"name":"wp","href":"https:\/\/api.w.org\/{rel}","templated":true}]}}