{"id":32832,"date":"2023-05-14T20:11:38","date_gmt":"2023-05-14T20:11:38","guid":{"rendered":"https:\/\/www.tornum.com\/product\/combi-sweep\/"},"modified":"2024-05-24T08:57:03","modified_gmt":"2024-05-24T08:57:03","slug":"combi-sweep","status":"publish","type":"product","link":"https:\/\/www.tornum.com\/pl\/produkt\/combi-sweep\/","title":{"rendered":"COMBI SWEEP"},"content":{"rendered":"<div class=\"wpb-content-wrapper\"><p>[vc_row][vc_column width=&#8221;2\/3&#8243;][vc_column_text]<\/p>\n<h3><strong>TORNUM COMBI SWEEP<\/strong><\/h3>\n<p>Combi Sweep firmy Tornum to system \u0142\u0105cz\u0105cy przeno\u015bnik \u015blimakowy do roz\u0142adunku i przeno\u015bnik \u015blimakowy zbieraj\u0105cy, s\u0142u\u017c\u0105c do za\u0142adunku pojazd\u00f3w ci\u0119\u017carowych bezpo\u015bredniego z silosu. Combi Sweep sk\u0142ada si\u0119 z po\u0142\u0105czonego ze sob\u0105 poziomego i pionowego przeno\u015bnika \u015blimakowego a tak\u017ce przeno\u015bnika \u015blimakowego sta\u0142ego do ostatecznego roz\u0142adunku ziarna z silos\u00f3w magazynowych. Ka\u017cdy przeno\u015bnik \u015blimakowy ma w\u0142asny uk\u0142ad nap\u0119dowy. Przeno\u015bnik \u015blimakowy do roz\u0142adunku dost\u0119pny jest w wielu standardowych d\u0142ugo\u015bciach, a tak\u017ce d\u0142ugo\u015bci na zam\u00f3wienie r\u00f3wnej nawet 11,6 metra i maksymalnej wysoko\u015bci transportowej 4,7 metra. Maksymalna przepustowo\u015b\u0107:<br \/>\n80 ton\/h.[\/vc_column_text][\/vc_column][vc_column width=&#8221;1\/3&#8243;][vc_column_text]<strong>CECHY<\/strong><br \/>\n\u2022 Rury i uk\u0142ad nap\u0119dowy ze stali ocynkowanej \u2013 pozosta\u0142e cz\u0119\u015bci malowane proszkowo<br \/>\n\u2022 Zespo\u0142y nap\u0119dowe z automatycznym napinaczem \u0142a\u0144cucha<br \/>\n\u2022 Dwie wersje: pozioma i pionowa \u2013 jak na ilustracji \u2013 lub wy\u0142\u0105cznie pozioma<\/p>\n<p>[\/vc_column_text][\/vc_column][\/vc_row]<\/p>\n<\/div>","protected":false},"excerpt":{"rendered":"<p>Combi Sweep firmy Tornum to zintegrowany system, kt\u00f3ry \u0142\u0105czy przeno\u015bnik \u015blimakowy do roz\u0142adunku z przeno\u015bnikiem \u015blimakowym zbieraj\u0105cym, umo\u017cliwiaj\u0105c bezpo\u015bredni transport materia\u0142u z silosu do pojazdu ci\u0119\u017carowego.<\/p>\n","protected":false},"featured_media":32833,"comment_status":"open","ping_status":"closed","template":"","meta":{"_acf_changed":false},"product_brand":[],"product_cat":[955,963,968,1008,1009],"product_tag":[988,961,1003,989],"class_list":{"0":"post-32832","1":"product","2":"type-product","3":"status-publish","4":"has-post-thumbnail","6":"product_cat-all-products-pl","7":"product_cat-grain-pl","8":"product_cat-material-handling-pl","9":"product_cat-silo-discharge-pl","10":"product_cat-screw-auger-pl","11":"product_tag-conveyor-pl","12":"product_tag-silo-pl","13":"product_tag-storage-pl","14":"product_tag-transport-pl","15":"description-off","17":"first","18":"instock","19":"shipping-taxable","20":"product-type-simple"},"acf":[],"_links":{"self":[{"href":"https:\/\/www.tornum.com\/pl\/wp-json\/wp\/v2\/product\/32832","targetHints":{"allow":["GET"]}}],"collection":[{"href":"https:\/\/www.tornum.com\/pl\/wp-json\/wp\/v2\/product"}],"about":[{"href":"https:\/\/www.tornum.com\/pl\/wp-json\/wp\/v2\/types\/product"}],"replies":[{"embeddable":true,"href":"https:\/\/www.tornum.com\/pl\/wp-json\/wp\/v2\/comments?post=32832"}],"version-history":[{"count":2,"href":"https:\/\/www.tornum.com\/pl\/wp-json\/wp\/v2\/product\/32832\/revisions"}],"predecessor-version":[{"id":33038,"href":"https:\/\/www.tornum.com\/pl\/wp-json\/wp\/v2\/product\/32832\/revisions\/33038"}],"wp:featuredmedia":[{"embeddable":true,"href":"https:\/\/www.tornum.com\/pl\/wp-json\/wp\/v2\/media\/32833"}],"wp:attachment":[{"href":"https:\/\/www.tornum.com\/pl\/wp-json\/wp\/v2\/media?parent=32832"}],"wp:term":[{"taxonomy":"product_brand","embeddable":true,"href":"https:\/\/www.tornum.com\/pl\/wp-json\/wp\/v2\/product_brand?post=32832"},{"taxonomy":"product_cat","embeddable":true,"href":"https:\/\/www.tornum.com\/pl\/wp-json\/wp\/v2\/product_cat?post=32832"},{"taxonomy":"product_tag","embeddable":true,"href":"https:\/\/www.tornum.com\/pl\/wp-json\/wp\/v2\/product_tag?post=32832"}],"curies":[{"name":"wp","href":"https:\/\/api.w.org\/{rel}","templated":true}]}}