{"id":32834,"date":"2023-05-14T21:41:21","date_gmt":"2023-05-14T21:41:21","guid":{"rendered":"https:\/\/www.tornum.com\/product\/clean-air-control\/"},"modified":"2025-07-15T10:31:02","modified_gmt":"2025-07-15T10:31:02","slug":"clean-air-control","status":"publish","type":"product","link":"https:\/\/www.tornum.com\/pl\/produkt\/clean-air-control\/","title":{"rendered":"CLEAN AIR CONTROL"},"content":{"rendered":"<div class=\"wpb-content-wrapper\"><p>[vc_row][vc_column width=&#8221;2\/3&#8243;][vc_column_text]Tornum Clean Air Control ma specjalnie skonstruowan\u0105 obudow\u0119 wentylatora i wirnik, kt\u00f3re podnosz\u0105 jego energooszcz\u0119dno\u015b\u0107 i daj\u0105 wi\u0119kszy przep\u0142yw powietrza przy r\u00f3wnowa\u017cnym przeciwci\u015bnieniu \u2013 w por\u00f3wnaniu z poprzednimi modelami. Urz\u0105dzenie usuwa 95 procent py\u0142u zbo\u017cowego i plew, przy mniejszym poziomie emisji py\u0142u w por\u00f3wnaniu z tradycyjnym wentylatorem bez separacji.[\/vc_column_text][\/vc_column][vc_column width=&#8221;1\/3&#8243;][vc_column_text]<strong>CECHY<\/strong><br \/>\n\u2022 Obudowa ocynkowana ogniowo dla d\u0142ugotrwa\u0142ej ochrony przed korozj\u0105.<br \/>\n\u2022 Mo\u017cliwo\u015b\u0107 monta\u017cu poziomego lub pionowego.<br \/>\n\u2022 Z przodu wentylatora przewidziano przepustnice umo\u017cliwiaj\u0105ce indywidualn\u0105 regulacj\u0119 przep\u0142ywu powietrza.<br \/>\n\u2022 Silnik wentylatora z zabezpieczeniem termicznym, dost\u0119pny w wykonaniu na dowolne napi\u0119cie zasilania.<br \/>\n\u2022 Obudowa wentylatora wyposa\u017cona jest we w\u0142az rewizyjny i wyczystki, u\u0142atwiaj\u0105ce przegl\u0105dy techniczne i konserwacj\u0119.<br \/>\n\u2022 Wirnik o specjalnej konstrukcji daje optymalny przep\u0142yw powietrza przy minimalnym poziomie ha\u0142asu.<\/p>\n<p><strong>WYPOSA\u017bENIE STANDARDOWE<\/strong><br \/>\n\u2022 Zbiornik na py\u0142<br \/>\n\u2022 T\u0142umik<br \/>\n\u2022 Zabezpieczenie przed wstrz\u0105sami<br \/>\n\u2022 Zabezpieczenie przed deszczem[\/vc_column_text][\/vc_column][\/vc_row]<\/p>\n<\/div>","protected":false},"excerpt":{"rendered":"<p>System Clean Air Control firmy Tornum wyr\u00f3\u017cnia si\u0119 specjalnie skonstruowan\u0105 obudow\u0105 wentylatora i wirnikiem. Rozwi\u0105zania te sprzyjaj\u0105 lepszej energooszcz\u0119dno\u015bci i wy\u017cszemu przep\u0142ywowi powietrza w r\u00f3wnowa\u017cnych warunkach przeciwci\u015bnienia w por\u00f3wnaniu z poprzednimi modelami tego urz\u0105dzenia.<\/p>\n","protected":false},"featured_media":32840,"comment_status":"open","ping_status":"closed","template":"","meta":{"_acf_changed":false},"product_brand":[],"product_cat":[955,968,969],"product_tag":[958,966,984,967],"class_list":{"0":"post-32834","1":"product","2":"type-product","3":"status-publish","4":"has-post-thumbnail","6":"product_cat-all-products-pl","7":"product_cat-material-handling-pl","8":"product_cat-dust-separation-pl","9":"product_tag-axial-pl","10":"product_tag-dryer-pl","11":"product_tag-dryer-tk-pl","12":"product_tag-dryer-tkr-pl","13":"description-off","15":"first","16":"instock","17":"shipping-taxable","18":"product-type-simple"},"acf":[],"_links":{"self":[{"href":"https:\/\/www.tornum.com\/pl\/wp-json\/wp\/v2\/product\/32834","targetHints":{"allow":["GET"]}}],"collection":[{"href":"https:\/\/www.tornum.com\/pl\/wp-json\/wp\/v2\/product"}],"about":[{"href":"https:\/\/www.tornum.com\/pl\/wp-json\/wp\/v2\/types\/product"}],"replies":[{"embeddable":true,"href":"https:\/\/www.tornum.com\/pl\/wp-json\/wp\/v2\/comments?post=32834"}],"version-history":[{"count":2,"href":"https:\/\/www.tornum.com\/pl\/wp-json\/wp\/v2\/product\/32834\/revisions"}],"predecessor-version":[{"id":33034,"href":"https:\/\/www.tornum.com\/pl\/wp-json\/wp\/v2\/product\/32834\/revisions\/33034"}],"wp:featuredmedia":[{"embeddable":true,"href":"https:\/\/www.tornum.com\/pl\/wp-json\/wp\/v2\/media\/32840"}],"wp:attachment":[{"href":"https:\/\/www.tornum.com\/pl\/wp-json\/wp\/v2\/media?parent=32834"}],"wp:term":[{"taxonomy":"product_brand","embeddable":true,"href":"https:\/\/www.tornum.com\/pl\/wp-json\/wp\/v2\/product_brand?post=32834"},{"taxonomy":"product_cat","embeddable":true,"href":"https:\/\/www.tornum.com\/pl\/wp-json\/wp\/v2\/product_cat?post=32834"},{"taxonomy":"product_tag","embeddable":true,"href":"https:\/\/www.tornum.com\/pl\/wp-json\/wp\/v2\/product_tag?post=32834"}],"curies":[{"name":"wp","href":"https:\/\/api.w.org\/{rel}","templated":true}]}}