{"id":32835,"date":"2023-05-04T11:22:01","date_gmt":"2023-05-04T11:22:01","guid":{"rendered":"https:\/\/www.tornum.com\/product\/conditioning-bin-lt-2\/"},"modified":"2025-07-30T09:12:38","modified_gmt":"2025-07-30T09:12:38","slug":"silos-kondycjonujacy-lt","status":"publish","type":"product","link":"https:\/\/www.tornum.com\/pl\/produkt\/silos-kondycjonujacy-lt\/","title":{"rendered":"SILOS KONDYCJONUJ\u0104CY LT"},"content":{"rendered":"<div class=\"wpb-content-wrapper\"><p>[vc_row gap=&#8221;35&#8243;][vc_column width=&#8221;2\/3&#8243;][vc_column_text]Silos kondycjonuj\u0105cy LT jest przeznaczony do ch\u0142odzenia i przechowywania buforowego ziarna przed suszeniem, a tak\u017ce mo\u017ce pe\u0142ni\u0107 rol\u0119 silosu magazynowego dla ziarna gotowego. W odpowiedzi na zapotrzebowanie rynku na wi\u0119ksze wydajno\u015bci roz\u0142adunku za pomoc\u0105 mniejszych wentylator\u00f3w, firma TORNUM zaprojektowa\u0142a zupe\u0142nie now\u0105 podstaw\u0119 kondycjonuj\u0105c\u0105 \u2013 o najwi\u0119kszej na rynku pr\u0119dko\u015bci roz\u0142adunku ko\u0144cowego. Kana\u0142y poprzeczne i kana\u0142 g\u0142\u00f3wny zmniejszaj\u0105 powierzchni\u0119 niezb\u0119dn\u0105 pod zabudow\u0119 urz\u0105dzenia, podaj\u0105c wi\u0119ksz\u0105 ilo\u015b\u0107 powietrza przez p\u0142yt\u0119 pod\u0142ogow\u0105, a tym samym przyspieszaj\u0105c pr\u0119dko\u015b\u0107 ostatecznego roz\u0142adunku ziarna. Podstawa kondycjonuj\u0105ca w po\u0142\u0105czeniu z g\u0142adkimi \u015bciankami wewn\u0119trznymi sprawiaj\u0105, \u017ce silos ten idealnie nadaje si\u0119 do gospodarki ziarnem. Dolna cz\u0119\u015b\u0107 silosu kondycjonuj\u0105cego ma wbudowany kana\u0142 g\u0142\u00f3wny z zasuw\u0105, kt\u00f3ry umo\u017cliwia po\u0142\u0105czenie ze sob\u0105 wi\u0119kszej liczby silos\u00f3w tego typu.<\/p>\n<p><strong>BUDOWA I FUNKCJA<\/strong><br \/>\n\u2022 Wykonanie z blachy ocynkowanej ogniowo<br \/>\n\u2022 Wysoko\u015b\u0107 w pionie sekcji zamontowanych nad sekcj\u0105 doln\u0105 \u2013 505 mm<br \/>\n\u2022 G\u0142adkie \u015bcianki wewn\u0119trzne u\u0142atwiaj\u0105 utrzymanie czysto\u015bci<br \/>\n\u2022 Konstrukcja umo\u017cliwia kilka metod monta\u017cu, co skraca czas zabudowy<br \/>\n\u2022 Silos jest dost\u0119pny z wysypem \u015brodkowym lub bocznym<br \/>\n\u2022 W komplecie z zasuw\u0105 wylotow\u0105 i w\u0142azem rewizyjnym na sekcji<br \/>\n\u2022 Najszybszy wyrzut ko\u0144cowy ziarna na rynku[\/vc_column_text][\/vc_column][vc_column width=&#8221;1\/3&#8243;][vc_column_text]<strong>WYPOSA\u017bENIE DODATKOWE<\/strong><br \/>\n\u2022 Wska\u017anik poziomu<br \/>\n\u2022 Pomiar temperatury<br \/>\n\u2022 Otw\u00f3r rewizyjny z kratk\u0105 zabezpieczaj\u0105c\u0105, zamontowany na pod\u0142odze<br \/>\n\u2022 Z\u0142\u0105cze wylotowe[\/vc_column_text][\/vc_column][\/vc_row]<\/p>\n<\/div>","protected":false},"excerpt":{"rendered":"<div class=\"flex flex-grow flex-col gap-3 max-w-full\">\n<div class=\"min-h-[20px] flex flex-col items-start gap-3 overflow-x-auto whitespace-pre-wrap break-words\">\n<div class=\"markdown prose w-full break-words dark:prose-invert light\">\n<p>Silos kondycjonuj\u0105cy LT jest wszechstronnym urz\u0105dzeniem, kt\u00f3re mo\u017ce s\u0142u\u017cy\u0107 do ch\u0142odzenia ziarna, buforowania ziarna przed suszeniem, a tak\u017ce jako silos magazynowy dla ziarna gotowego. Firma Tornum opracowa\u0142a now\u0105 podstaw\u0119 kondycjonuj\u0105c\u0105, aby sprosta\u0107 oczekiwaniom rynku wobec wi\u0119kszej wydajno\u015bci roz\u0142adunku za pomoc\u0105 mniejszych wentylator\u00f3w \u2013 rozwi\u0105zanie to wyr\u00f3\u017cnia si\u0119 najwi\u0119ksz\u0105 mo\u017cliw\u0105 obecnie pr\u0119dko\u015bci\u0105 wy\u0142adunku.<\/p>\n<\/div>\n<\/div>\n<\/div>\n<div class=\"flex justify-between lg:block\">\n<div class=\"text-gray-400 flex self-end lg:self-center justify-center mt-2 gap-2 md:gap-3 lg:gap-1 lg:absolute lg:top-0 lg:translate-x-full lg:right-0 lg:mt-0 lg:pl-2 visible\"><\/div>\n<\/div>\n<div class=\"flex-1 overflow-hidden\">\n<div class=\"react-scroll-to-bottom--css-zcyaj-79elbk h-full dark:bg-gray-800\">\n<div class=\"react-scroll-to-bottom--css-zcyaj-1n7m0yu\">\n<div class=\"flex flex-col text-sm dark:bg-gray-800\">\n<div class=\"h-32 md:h-48 flex-shrink-0\"><\/div>\n<\/div>\n<\/div>\n<\/div>\n<\/div>\n<div class=\"absolute bottom-0 left-0 w-full border-t md:border-t-0 dark:border-white\/20 md:border-transparent md:dark:border-transparent md:bg-vert-light-gradient bg-white dark:bg-gray-800 md:!bg-transparent dark:md:bg-vert-dark-gradient pt-2 md:pl-2 md:w-[calc(100%-.5rem)]\">\n<form class=\"stretch mx-2 flex flex-row gap-3 last:mb-2 md:mx-4 md:last:mb-6 lg:mx-auto lg:max-w-2xl xl:max-w-3xl\">\n<div class=\"relative flex h-full flex-1 items-stretch md:flex-col\">\n<div>\n<div class=\"h-full flex ml-1 md:w-full md:m-auto md:mb-4 gap-0 md:gap-2 justify-center\">\n<div class=\"grow\"><\/div>\n<\/div>\n<\/div>\n<\/div>\n<\/form>\n<\/div>\n","protected":false},"featured_media":32837,"comment_status":"open","ping_status":"closed","template":"","meta":{"_acf_changed":false},"product_brand":[],"product_cat":[955,973,962,963,1000,1010],"product_tag":[987,1002,961,1003],"class_list":{"0":"post-32835","1":"product","2":"type-product","3":"status-publish","4":"has-post-thumbnail","6":"product_cat-all-products-pl","7":"product_cat-feed-pl","8":"product_cat-food-2-pl","9":"product_cat-grain-pl","10":"product_cat-storage-pl","11":"product_cat-conditioning-bin-pl","12":"product_tag-bin-pl","13":"product_tag-bins-pl","14":"product_tag-silo-pl","15":"product_tag-storage-pl","16":"description-off","18":"first","19":"instock","20":"shipping-taxable","21":"product-type-simple"},"acf":[],"_links":{"self":[{"href":"https:\/\/www.tornum.com\/pl\/wp-json\/wp\/v2\/product\/32835","targetHints":{"allow":["GET"]}}],"collection":[{"href":"https:\/\/www.tornum.com\/pl\/wp-json\/wp\/v2\/product"}],"about":[{"href":"https:\/\/www.tornum.com\/pl\/wp-json\/wp\/v2\/types\/product"}],"replies":[{"embeddable":true,"href":"https:\/\/www.tornum.com\/pl\/wp-json\/wp\/v2\/comments?post=32835"}],"version-history":[{"count":2,"href":"https:\/\/www.tornum.com\/pl\/wp-json\/wp\/v2\/product\/32835\/revisions"}],"predecessor-version":[{"id":33039,"href":"https:\/\/www.tornum.com\/pl\/wp-json\/wp\/v2\/product\/32835\/revisions\/33039"}],"wp:featuredmedia":[{"embeddable":true,"href":"https:\/\/www.tornum.com\/pl\/wp-json\/wp\/v2\/media\/32837"}],"wp:attachment":[{"href":"https:\/\/www.tornum.com\/pl\/wp-json\/wp\/v2\/media?parent=32835"}],"wp:term":[{"taxonomy":"product_brand","embeddable":true,"href":"https:\/\/www.tornum.com\/pl\/wp-json\/wp\/v2\/product_brand?post=32835"},{"taxonomy":"product_cat","embeddable":true,"href":"https:\/\/www.tornum.com\/pl\/wp-json\/wp\/v2\/product_cat?post=32835"},{"taxonomy":"product_tag","embeddable":true,"href":"https:\/\/www.tornum.com\/pl\/wp-json\/wp\/v2\/product_tag?post=32835"}],"curies":[{"name":"wp","href":"https:\/\/api.w.org\/{rel}","templated":true}]}}