{"id":32841,"date":"2023-05-14T20:48:07","date_gmt":"2023-05-14T20:48:07","guid":{"rendered":"https:\/\/www.tornum.com\/product\/conditioning-floor\/"},"modified":"2025-07-30T09:22:14","modified_gmt":"2025-07-30T09:22:14","slug":"plyty-kondycjonujace","status":"publish","type":"product","link":"https:\/\/www.tornum.com\/pl\/produkt\/plyty-kondycjonujace\/","title":{"rendered":"P\u0141YTY KONDYCJONUJ\u0104CE"},"content":{"rendered":"\t\t<div data-elementor-type=\"product-post\" data-elementor-id=\"32841\" class=\"elementor elementor-32841 elementor-11314\" data-elementor-settings=\"{&quot;ha_cmc_init_switcher&quot;:&quot;no&quot;}\" data-elementor-post-type=\"product\">\n\t\t\t\t\t\t<section class=\"elementor-section elementor-top-section elementor-element elementor-element-37d9c3cd elementor-section-boxed elementor-section-height-default elementor-section-height-default\" data-id=\"37d9c3cd\" data-element_type=\"section\" data-settings=\"{&quot;_ha_eqh_enable&quot;:false}\">\n\t\t\t\t\t\t<div class=\"elementor-container elementor-column-gap-default\">\n\t\t\t\t\t<div class=\"elementor-column elementor-col-100 elementor-top-column elementor-element elementor-element-5acf7c3f\" data-id=\"5acf7c3f\" data-element_type=\"column\">\n\t\t\t<div class=\"elementor-widget-wrap elementor-element-populated\">\n\t\t\t\t\t\t<div class=\"elementor-element elementor-element-76e514c7 elementor-widget elementor-widget-text-editor\" data-id=\"76e514c7\" data-element_type=\"widget\" data-widget_type=\"text-editor.default\">\n\t\t\t\t<div class=\"elementor-widget-container\">\n\t\t\t\t\t\t\t\t\t<p>Kompletna pod\u0142oga z p\u0142yt kondycjonuj\u0105cych, wyr\u00f3\u017cniaj\u0105ca si\u0119 du\u017cym przep\u0142ywem powietrza. Zapewnia r\u00f3wnomierne rozprowadzanie powietrza. Dost\u0119pna dla silos\u00f3w o dowolnej \u015brednicy. Dostarczana w komplecie z planem zabudowy opracowanym dla \u015brednicy silosu podanej przez klienta. Standardowa konstrukcja jest przeznaczona do nasion rzepaku.<\/p>\t\t\t\t\t\t\t\t<\/div>\n\t\t\t\t<\/div>\n\t\t\t\t\t<\/div>\n\t\t<\/div>\n\t\t\t\t\t<\/div>\n\t\t<\/section>\n\t\t\t\t<\/div>\n\t\t","protected":false},"excerpt":{"rendered":"<p>Kompletna pod\u0142oga z p\u0142yt kondycjonuj\u0105cych, wyr\u00f3\u017cniaj\u0105ca si\u0119 du\u017cym przep\u0142ywem powietrza i r\u00f3wnomiernym jego rozprowadzeniem. Dost\u0119pna dla silos\u00f3w o dowolnej \u015brednicy.<\/p>\n","protected":false},"featured_media":32843,"comment_status":"open","ping_status":"closed","template":"","meta":{"_acf_changed":false},"product_brand":[],"product_cat":[955,956,1011],"product_tag":[970,959,961,1003],"class_list":{"0":"post-32841","1":"product","2":"type-product","3":"status-publish","4":"has-post-thumbnail","6":"product_cat-all-products-pl","7":"product_cat-conditioning-pl","8":"product_cat-conditioning-floor-pl","9":"product_tag-conditioning-pl","10":"product_tag-conditioning-laterals-pl","11":"product_tag-silo-pl","12":"product_tag-storage-pl","14":"first","15":"instock","16":"shipping-taxable","17":"product-type-simple"},"acf":[],"_links":{"self":[{"href":"https:\/\/www.tornum.com\/pl\/wp-json\/wp\/v2\/product\/32841","targetHints":{"allow":["GET"]}}],"collection":[{"href":"https:\/\/www.tornum.com\/pl\/wp-json\/wp\/v2\/product"}],"about":[{"href":"https:\/\/www.tornum.com\/pl\/wp-json\/wp\/v2\/types\/product"}],"replies":[{"embeddable":true,"href":"https:\/\/www.tornum.com\/pl\/wp-json\/wp\/v2\/comments?post=32841"}],"version-history":[{"count":5,"href":"https:\/\/www.tornum.com\/pl\/wp-json\/wp\/v2\/product\/32841\/revisions"}],"predecessor-version":[{"id":50537,"href":"https:\/\/www.tornum.com\/pl\/wp-json\/wp\/v2\/product\/32841\/revisions\/50537"}],"wp:featuredmedia":[{"embeddable":true,"href":"https:\/\/www.tornum.com\/pl\/wp-json\/wp\/v2\/media\/32843"}],"wp:attachment":[{"href":"https:\/\/www.tornum.com\/pl\/wp-json\/wp\/v2\/media?parent=32841"}],"wp:term":[{"taxonomy":"product_brand","embeddable":true,"href":"https:\/\/www.tornum.com\/pl\/wp-json\/wp\/v2\/product_brand?post=32841"},{"taxonomy":"product_cat","embeddable":true,"href":"https:\/\/www.tornum.com\/pl\/wp-json\/wp\/v2\/product_cat?post=32841"},{"taxonomy":"product_tag","embeddable":true,"href":"https:\/\/www.tornum.com\/pl\/wp-json\/wp\/v2\/product_tag?post=32841"}],"curies":[{"name":"wp","href":"https:\/\/api.w.org\/{rel}","templated":true}]}}