{"id":32850,"date":"2023-01-29T22:13:53","date_gmt":"2023-01-29T22:13:53","guid":{"rendered":"https:\/\/www.tornum.com\/product\/continuous-grain-dryer-hr\/"},"modified":"2025-07-14T06:59:17","modified_gmt":"2025-07-14T06:59:17","slug":"suszarnia-do-ziarna-do-pracy-ciaglej-hr","status":"publish","type":"product","link":"https:\/\/www.tornum.com\/pl\/produkt\/suszarnia-do-ziarna-do-pracy-ciaglej-hr\/","title":{"rendered":"SUSZARNIA DO ZIARNA DO PRACY CI\u0104G\u0141EJ HR"},"content":{"rendered":"<div class=\"wpb-content-wrapper\"><p>[vc_row gap=&#8221;35&#8243;][vc_column width=&#8221;2\/3&#8243;][vc_column_text]Suszarnia do ziarna typu HR (z odzyskiem ciep\u0142a) firmy Tornum jest owocem naszych ci\u0105g\u0142ych prac nad rozwojem oferty produkt\u00f3w o coraz wi\u0119kszej energooszcz\u0119dno\u015bci<br \/>\ni tym samym jeszcze mniejszym wp\u0142ywie cz\u0142owieka na \u015brodowisko. Suszarnia do ziarna typu HR wykorzystuje energi\u0119, kt\u00f3ra tracona jest w tradycyjnych suszarniach do ziarna. Urz\u0105dzenie to mo\u017ce zwykle odzyska\u0107 a\u017c 30 procent ciep\u0142a. Specjalna konstrukcja suszarni HR sprzyja czysto\u015bci i ciszy w miejscu pracy. Podobnie jak wszystkie suszarnie firmy Tornum do ziarna, seria HR jest wykonana z blachy stalowej ocynkowanej ogniowo.<\/p>\n<p><strong>WYPOSA\u017bENIE STANDARDOWE<\/strong><br \/>\n\u2022 Wska\u017anik poziomu<br \/>\n\u2022 Komora powietrza wilgotnego<br \/>\n\u2022 Sekcja wylotowa impulsowa<br \/>\n\u2022 Czujnik poziomu<br \/>\n\u2022 Strefa buforowa<br \/>\n\u2022 System wykrywania po\u017caru<br \/>\n\u2022 Drabiny i pomosty<br \/>\n\u2022 Strefa odzysku ciep\u0142a<br \/>\n\u2022 Kontrola wilgotno\u015bci<br \/>\n\u2022 Pomiar ci\u015bnienia do regulacji pracy na etapie rozruchu[\/vc_column_text][\/vc_column][vc_column width=&#8221;1\/3&#8243;][vc_column_text]<strong>Oszcz\u0119dza nawet do 30% energii<\/strong><br \/>\nMniej wi\u0119cej jednej czwarta najcieplejszego powietrza w suszarni do ziarna HR podlega recyrkulacji. Odzyskane powietrze przep\u0142ywa przez stref\u0119 recyrkulacji, a nast\u0119pnie miesza si\u0119 z podgrzanym powietrzem ch\u0142odz\u0105cym. Poniewa\u017c powietrze zawracane<br \/>\nz obiegu jest cieplejsze ni\u017c powietrze czerpane z otoczenia, mo\u017cna osi\u0105gn\u0105\u0107 oczekiwan\u0105 temperatur\u0119 suszenia, ograniczaj\u0105c przy tym ilo\u015b\u0107 energii zu\u017cywanej spalaj\u0105c paliwo w palniku gazowym (w por\u00f3wnaniu z suszeniem wy\u0142\u0105cznie za pomoc\u0105 \u015bwie\u017cego powietrza). Konstrukcja suszarni do ziarna HR przek\u0142ada si\u0119 r\u00f3wnie\u017c na mniejsz\u0105 moc wentylator\u00f3w wyci\u0105gowych zamontowanych na g\u00f3rze urz\u0105dzenia.\u00a0<strong>Obejrzyj film na stronie\u00a0<\/strong><a href=\"https:\/\/youtu.be\/HOoipzpGT4w\"><strong>YouTube<\/strong><\/a><strong>\u00a0aby zobaczy\u0107, jak wygl\u0105da obieg powietrza w suszarni.<\/strong><\/p>\n<p><strong>WYPOSA\u017bENIE DODATKOWE<\/strong><br \/>\n\u2022 Powi\u0119kszenie strefy buforowej<br \/>\n\u2022 Odpylanie z przeno\u015bnikiem \u015blimakowym do roz\u0142adunku<br \/>\n\u2022 T\u0142umik[\/vc_column_text][\/vc_column][\/vc_row]<\/p>\n<\/div>","protected":false},"excerpt":{"rendered":"<p>Suszarnia do ziarna typu HR (z odzyskiem ciep\u0142a) firmy Tornum to energooszcz\u0119dne i innowacyjne urz\u0105dzenie, kt\u00f3re zawraca i wykorzystuje ponownie nawet 30% ciep\u0142a, zwykle traconego w tradycyjnej suszarni do ziarna \u2013 w ten spos\u00f3b przyczynia si\u0119 do mniejszego zu\u017cycia energii i wp\u0142ywu na \u015brodowisko naturalne.<\/p>\n","protected":false},"featured_media":32852,"comment_status":"open","ping_status":"closed","template":"","meta":{"_acf_changed":false},"product_brand":[],"product_cat":[955,973,962,963,956,983],"product_tag":[965,966,984,967],"class_list":{"0":"post-32850","1":"product","2":"type-product","3":"status-publish","4":"has-post-thumbnail","6":"product_cat-all-products-pl","7":"product_cat-feed-pl","8":"product_cat-food-2-pl","9":"product_cat-grain-pl","10":"product_cat-conditioning-pl","11":"product_cat-grain-dryers-pl","12":"product_tag-burner-pl","13":"product_tag-dryer-pl","14":"product_tag-dryer-tk-pl","15":"product_tag-dryer-tkr-pl","16":"pa_products-type-all-products-pl","17":"pa_products-type-grain-pl","18":"description-off","20":"first","21":"instock","22":"shipping-taxable","23":"product-type-simple"},"acf":[],"_links":{"self":[{"href":"https:\/\/www.tornum.com\/pl\/wp-json\/wp\/v2\/product\/32850","targetHints":{"allow":["GET"]}}],"collection":[{"href":"https:\/\/www.tornum.com\/pl\/wp-json\/wp\/v2\/product"}],"about":[{"href":"https:\/\/www.tornum.com\/pl\/wp-json\/wp\/v2\/types\/product"}],"replies":[{"embeddable":true,"href":"https:\/\/www.tornum.com\/pl\/wp-json\/wp\/v2\/comments?post=32850"}],"version-history":[{"count":2,"href":"https:\/\/www.tornum.com\/pl\/wp-json\/wp\/v2\/product\/32850\/revisions"}],"predecessor-version":[{"id":33067,"href":"https:\/\/www.tornum.com\/pl\/wp-json\/wp\/v2\/product\/32850\/revisions\/33067"}],"wp:featuredmedia":[{"embeddable":true,"href":"https:\/\/www.tornum.com\/pl\/wp-json\/wp\/v2\/media\/32852"}],"wp:attachment":[{"href":"https:\/\/www.tornum.com\/pl\/wp-json\/wp\/v2\/media?parent=32850"}],"wp:term":[{"taxonomy":"product_brand","embeddable":true,"href":"https:\/\/www.tornum.com\/pl\/wp-json\/wp\/v2\/product_brand?post=32850"},{"taxonomy":"product_cat","embeddable":true,"href":"https:\/\/www.tornum.com\/pl\/wp-json\/wp\/v2\/product_cat?post=32850"},{"taxonomy":"product_tag","embeddable":true,"href":"https:\/\/www.tornum.com\/pl\/wp-json\/wp\/v2\/product_tag?post=32850"}],"curies":[{"name":"wp","href":"https:\/\/api.w.org\/{rel}","templated":true}]}}