{"id":32853,"date":"2023-01-29T22:13:35","date_gmt":"2023-01-29T22:13:35","guid":{"rendered":"https:\/\/www.tornum.com\/product\/continuous-grain-dryer-rex\/"},"modified":"2025-07-30T09:30:30","modified_gmt":"2025-07-30T09:30:30","slug":"suszarnia-do-ziarna-do-pracy-ciaglej-rex","status":"publish","type":"product","link":"https:\/\/www.tornum.com\/pl\/produkt\/suszarnia-do-ziarna-do-pracy-ciaglej-rex\/","title":{"rendered":"SUSZARNIA DO ZIARNA DO PRACY CI\u0104G\u0141EJ REX"},"content":{"rendered":"<div class=\"wpb-content-wrapper\"><p>[vc_row][vc_column width=&#8221;2\/3&#8243;][vc_column_text]TORNUM REX \u2013 nowa generacja suszarni do ziarna.<br \/>\nNa przestrzeni ostatnich dziesi\u0119cioleci nasze suszarnie z ci\u0105g\u0142ym przep\u0142ywem mieszanym zdoby\u0142y na ca\u0142ym \u015bwiecie niepodwa\u017caln\u0105 reputacj\u0119 dzi\u0119ki najwy\u017cszej wydajno\u015bci i jako\u015bci wykonania. Dzi\u015b robimy wielki skok w przysz\u0142o\u015b\u0107 suszenia dzi\u0119ki serii Tornum Rex. Lata prac rozwojowych zaowocowa\u0142y znacznie ulepszon\u0105 koncepcj\u0105 suszarni do ziaren. Nowe suszarnie maj\u0105 nowe, lepsze i cenne funkcje, kt\u00f3re umo\u017cliwiaj\u0105 \u0142agodniejsze i wydajniejsze suszenie, \u0142atwiejsze czyszczenie, a tak\u017ce ni\u017csze zu\u017cycie energii i wy\u015bmienite parametry ekologiczne. Kr\u00f3tko m\u00f3wi\u0105c: oto nast\u0119pna generacja, czerpi\u0105ca z dekad do\u015bwiadcze\u0144.[\/vc_column_text][\/vc_column][vc_column width=&#8221;1\/3&#8243;][vc_column_text]<\/p>\n<ul>\n<li>Izolacja i wst\u0119pne podgrzewanie zwi\u0119kszaj\u0105 skuteczno\u015b\u0107 suszenia<\/li>\n<li>Ni\u017cszy poziom ha\u0142asu, czystsze powietrze<\/li>\n<li>Do 30% mniejsze zu\u017cycie paliwa w trybie HR (odzysku ciep\u0142a)<\/li>\n<li>G\u0142adkie powierzchnie wewn\u0119trzne u\u0142atwiaj\u0105 czyszczenie<\/li>\n<li>Skuteczna aktywna kontrola zapylenia<\/li>\n<li>Idealne do suszenia ziarna w temperaturach poni\u017cej zera<\/li>\n<\/ul>\n<p>[\/vc_column_text][\/vc_column][\/vc_row]<\/p>\n<\/div>","protected":false},"excerpt":{"rendered":"<p>Seria Tornum Rex to najnowsza generacja suszarni do ziarna, wyr\u00f3\u017cniaj\u0105ca si\u0119 ulepszonymi funkcjami, kt\u00f3re umo\u017cliwiaj\u0105 \u0142agodniejsze i wydajniejsze suszenie, \u0142atwiejsze czyszczenie, mniejsze zu\u017cycie energii i znakomite parametry ekologiczne. Najnowsze rozwi\u0105zanie oparto na dziesi\u0119cioleciach do\u015bwiadczenia i niepodwa\u017calnej reputacji wynik\u0142ej z wydajno\u015bci i jako\u015bci wykonania naszych urz\u0105dze\u0144.<\/p>\n","protected":false},"featured_media":32859,"comment_status":"open","ping_status":"closed","template":"","meta":{"_acf_changed":false},"product_brand":[],"product_cat":[955,973,962,963,956,983],"product_tag":[965,966,984,967],"class_list":{"0":"post-32853","1":"product","2":"type-product","3":"status-publish","4":"has-post-thumbnail","6":"product_cat-all-products-pl","7":"product_cat-feed-pl","8":"product_cat-food-2-pl","9":"product_cat-grain-pl","10":"product_cat-conditioning-pl","11":"product_cat-grain-dryers-pl","12":"product_tag-burner-pl","13":"product_tag-dryer-pl","14":"product_tag-dryer-tk-pl","15":"product_tag-dryer-tkr-pl","17":"first","18":"instock","19":"shipping-taxable","20":"product-type-simple"},"acf":[],"_links":{"self":[{"href":"https:\/\/www.tornum.com\/pl\/wp-json\/wp\/v2\/product\/32853","targetHints":{"allow":["GET"]}}],"collection":[{"href":"https:\/\/www.tornum.com\/pl\/wp-json\/wp\/v2\/product"}],"about":[{"href":"https:\/\/www.tornum.com\/pl\/wp-json\/wp\/v2\/types\/product"}],"replies":[{"embeddable":true,"href":"https:\/\/www.tornum.com\/pl\/wp-json\/wp\/v2\/comments?post=32853"}],"version-history":[{"count":2,"href":"https:\/\/www.tornum.com\/pl\/wp-json\/wp\/v2\/product\/32853\/revisions"}],"predecessor-version":[{"id":33068,"href":"https:\/\/www.tornum.com\/pl\/wp-json\/wp\/v2\/product\/32853\/revisions\/33068"}],"wp:featuredmedia":[{"embeddable":true,"href":"https:\/\/www.tornum.com\/pl\/wp-json\/wp\/v2\/media\/32859"}],"wp:attachment":[{"href":"https:\/\/www.tornum.com\/pl\/wp-json\/wp\/v2\/media?parent=32853"}],"wp:term":[{"taxonomy":"product_brand","embeddable":true,"href":"https:\/\/www.tornum.com\/pl\/wp-json\/wp\/v2\/product_brand?post=32853"},{"taxonomy":"product_cat","embeddable":true,"href":"https:\/\/www.tornum.com\/pl\/wp-json\/wp\/v2\/product_cat?post=32853"},{"taxonomy":"product_tag","embeddable":true,"href":"https:\/\/www.tornum.com\/pl\/wp-json\/wp\/v2\/product_tag?post=32853"}],"curies":[{"name":"wp","href":"https:\/\/api.w.org\/{rel}","templated":true}]}}