{"id":32854,"date":"2023-04-03T09:35:26","date_gmt":"2023-04-03T09:35:26","guid":{"rendered":"https:\/\/www.tornum.com\/product\/continuous-grain-dryer-tkr\/"},"modified":"2025-07-30T09:40:05","modified_gmt":"2025-07-30T09:40:05","slug":"suszarnia-do-ziarna-do-pracy-ciaglej-tkr","status":"publish","type":"product","link":"https:\/\/www.tornum.com\/pl\/produkt\/suszarnia-do-ziarna-do-pracy-ciaglej-tkr\/","title":{"rendered":"SUSZARNIA DO ZIARNA DO PRACY CI\u0104G\u0141EJ TKR"},"content":{"rendered":"<div class=\"wpb-content-wrapper\"><p>[vc_row][vc_column width=&#8221;2\/3&#8243;][vc_column_text]Suszarnia do ziarna TKR firmy Tornum to suszarnia recyrkulacyjna z odzyskiem ciep\u0142a. Gdy powietrze minie ziarno w strefie ch\u0142odzenia suszarni i zostanie ogrzane, jest ono ponownie podgrzewane w dolnej w\u0119\u017cownicy, zanim przep\u0142ynie przez doln\u0105 stref\u0119 suszenia.<\/p>\n<p>Nieco sch\u0142odzone i nawil\u017cone powietrze jest nast\u0119pnie mieszane ze wst\u0119pnie ogrzanym powietrzem \u015bwie\u017cym za pomoc\u0105 dodatkowej w\u0119\u017cownicy, w dolnej cz\u0119\u015bci g\u00f3rnego kana\u0142u przep\u0142ywu gor\u0105cego powietrza. Powietrze jest ponownie podgrzewane, gdy p\u0142ynie przez g\u00f3rn\u0105 w\u0119\u017cownic\u0119. Powietrze po drugim podgrzaniu przep\u0142ywa przez ziarno w g\u00f3rnej strefie suszenia, zanim opu\u015bci suszarni\u0119 do ziarna.<\/p>\n<p>Taka konstrukcja daje oszcz\u0119dno\u015b\u0107 energii na poziomie 15-20%, w zale\u017cno\u015bci od temperatury suszenia, wej\u015bciowej i wyj\u015bciowej wilgotno\u015bci ziarna oraz temperatury otoczenia.<br \/>\nTemperatura jest regulowana za pomoc\u0105 sterownika, kt\u00f3ry steruje zaworem obej\u015bciowym.<\/p>\n<p>Zar\u00f3wno komory gor\u0105cego powietrza, jak i wylotowa s\u0105 wyposa\u017cone w otwory rewizyjne, do kt\u00f3rych mo\u017cna dosta\u0107 si\u0119 od zewn\u0105trz za pomoc\u0105 drabiny, pomost\u00f3w rewizyjnych lub belek. W otworach rewizyjnych znajduje si\u0119 krata pod\u0142ogowa i drabinki umo\u017cliwiaj\u0105ce kontrol\u0119 stanu wn\u0119trza urz\u0105dzenia.[\/vc_column_text][\/vc_column][vc_column width=&#8221;1\/3&#8243;][vc_column_text]<strong>CECHY<\/strong><br \/>\n\u2022 Recyrkulacja powietrza<br \/>\n\u2022 Przep\u0142yw powietrza ograniczony o 35-45%<br \/>\n\u2022 Zu\u017cycie energii zmniejszone o 15-20%<br \/>\n\u2022 W\u0119\u017cownice wodne<br \/>\n\u2022 R\u00f3\u017cne strefy temperaturowe<\/p>\n<p><strong>WYPOSA\u017bENIE DODATKOWE<\/strong><br \/>\n\u2022 Wska\u017anik poziomu<br \/>\n\u2022 System wykrywania po\u017caru[\/vc_column_text][\/vc_column][\/vc_row]<\/p>\n<\/div>","protected":false},"excerpt":{"rendered":"<div class=\"flex flex-grow flex-col gap-3 max-w-full\">\n<div class=\"min-h-[20px] flex flex-col items-start gap-3 overflow-x-auto whitespace-pre-wrap break-words\">\n<div class=\"markdown prose w-full break-words dark:prose-invert light\">\n<p>Suszarnia do ziarna typu TKR firmy Tornum to energooszcz\u0119dne urz\u0105dzenie o najnowocze\u015bniejszej konstrukcji z recyrkulacj\u0105 powietrza. Nie tylko suszy ziarna \u2013 dzi\u0119ki wielu etapom ogrzewania powietrza, optymalizuje ka\u017cdy etap suszenia, co przynosi oszcz\u0119dno\u015b\u0107 energii si\u0119gaj\u0105c\u0105 15-20%.<\/p>\n<\/div>\n<\/div>\n<\/div>\n","protected":false},"featured_media":32861,"comment_status":"open","ping_status":"closed","template":"","meta":{"_acf_changed":false},"product_brand":[],"product_cat":[955,973,962,963,956,983],"product_tag":[966,1013,984,967],"class_list":{"0":"post-32854","1":"product","2":"type-product","3":"status-publish","4":"has-post-thumbnail","6":"product_cat-all-products-pl","7":"product_cat-feed-pl","8":"product_cat-food-2-pl","9":"product_cat-grain-pl","10":"product_cat-conditioning-pl","11":"product_cat-grain-dryers-pl","12":"product_tag-dryer-pl","13":"product_tag-dryer-rex-pl","14":"product_tag-dryer-tk-pl","15":"product_tag-dryer-tkr-pl","16":"pa_products-type-grain-pl","17":"description-off","19":"first","20":"instock","21":"shipping-taxable","22":"product-type-simple"},"acf":[],"_links":{"self":[{"href":"https:\/\/www.tornum.com\/pl\/wp-json\/wp\/v2\/product\/32854","targetHints":{"allow":["GET"]}}],"collection":[{"href":"https:\/\/www.tornum.com\/pl\/wp-json\/wp\/v2\/product"}],"about":[{"href":"https:\/\/www.tornum.com\/pl\/wp-json\/wp\/v2\/types\/product"}],"replies":[{"embeddable":true,"href":"https:\/\/www.tornum.com\/pl\/wp-json\/wp\/v2\/comments?post=32854"}],"version-history":[{"count":2,"href":"https:\/\/www.tornum.com\/pl\/wp-json\/wp\/v2\/product\/32854\/revisions"}],"predecessor-version":[{"id":33096,"href":"https:\/\/www.tornum.com\/pl\/wp-json\/wp\/v2\/product\/32854\/revisions\/33096"}],"wp:featuredmedia":[{"embeddable":true,"href":"https:\/\/www.tornum.com\/pl\/wp-json\/wp\/v2\/media\/32861"}],"wp:attachment":[{"href":"https:\/\/www.tornum.com\/pl\/wp-json\/wp\/v2\/media?parent=32854"}],"wp:term":[{"taxonomy":"product_brand","embeddable":true,"href":"https:\/\/www.tornum.com\/pl\/wp-json\/wp\/v2\/product_brand?post=32854"},{"taxonomy":"product_cat","embeddable":true,"href":"https:\/\/www.tornum.com\/pl\/wp-json\/wp\/v2\/product_cat?post=32854"},{"taxonomy":"product_tag","embeddable":true,"href":"https:\/\/www.tornum.com\/pl\/wp-json\/wp\/v2\/product_tag?post=32854"}],"curies":[{"name":"wp","href":"https:\/\/api.w.org\/{rel}","templated":true}]}}