{"id":32855,"date":"2023-05-14T21:51:07","date_gmt":"2023-05-14T21:51:07","guid":{"rendered":"https:\/\/www.tornum.com\/product\/cyclone\/"},"modified":"2025-07-30T09:46:56","modified_gmt":"2025-07-30T09:46:56","slug":"cyklon","status":"publish","type":"product","link":"https:\/\/www.tornum.com\/pl\/produkt\/cyklon\/","title":{"rendered":"CYKLON"},"content":{"rendered":"<div class=\"wpb-content-wrapper\"><p>[vc_row][vc_column width=&#8221;2\/3&#8243;][vc_column_text]Cyklony Tornum zaprojektowano w taki spos\u00f3b, aby oddziela\u0142y odpady zbo\u017cowe i powietrze mo\u017cliwie najwydajniej. Miejsce monta\u017cu cyklon\u00f3w i zagospodarowanie odpad\u00f3w ziarna jest wa\u017cnym elementem planowania systemu transportu ziarna wyr\u00f3\u017cniaj\u0105cego si\u0119 dobrym \u015brodowiskiem pracy.[\/vc_column_text][\/vc_column][vc_column width=&#8221;1\/3&#8243;][vc_column_text]<strong>CECHY<\/strong><br \/>\n\u2022 Wykonanie ze stali ocynkowanej ogniowo<br \/>\n\u2022 Przy\u0142\u0105cza kana\u0142\u00f3w wlotowych, wylotowych i wentylacyjnych typu spiro<\/p>\n<p><strong>OPTIONS<\/strong><\/p>\n<ul>\n<li>Aspirator<\/li>\n<li>Dust container<\/li>\n<li>DC Remover<\/li>\n<li>Aeration pipe<\/li>\n<li>Cyclone protection roof<\/li>\n<\/ul>\n<p>[\/vc_column_text][\/vc_column][\/vc_row]<\/p>\n<\/div>","protected":false},"excerpt":{"rendered":"<p>Cyklony Tornum zaprojektowano z my\u015bl\u0105 o wydajnym oddzielaniu odpad\u00f3w zbo\u017cowych i powietrza, co jest kluczowym czynnikiem dla wydajnego i bezpiecznego \u015brodowiska pracy w systemie transportu zbo\u017ca.<\/p>\n","protected":false},"featured_media":32857,"comment_status":"open","ping_status":"closed","template":"","meta":{"_acf_changed":false},"product_brand":[],"product_cat":[955,963,968,969],"product_tag":[997,1012,974,972],"class_list":{"0":"post-32855","1":"product","2":"type-product","3":"status-publish","4":"has-post-thumbnail","6":"product_cat-all-products-pl","7":"product_cat-grain-pl","8":"product_cat-material-handling-pl","9":"product_cat-dust-separation-pl","10":"product_tag-cleaning-pl","11":"product_tag-cyclone-pl","12":"product_tag-dust-pl","13":"product_tag-separation-pl","14":"description-off","16":"first","17":"instock","18":"shipping-taxable","19":"product-type-simple"},"acf":[],"_links":{"self":[{"href":"https:\/\/www.tornum.com\/pl\/wp-json\/wp\/v2\/product\/32855","targetHints":{"allow":["GET"]}}],"collection":[{"href":"https:\/\/www.tornum.com\/pl\/wp-json\/wp\/v2\/product"}],"about":[{"href":"https:\/\/www.tornum.com\/pl\/wp-json\/wp\/v2\/types\/product"}],"replies":[{"embeddable":true,"href":"https:\/\/www.tornum.com\/pl\/wp-json\/wp\/v2\/comments?post=32855"}],"version-history":[{"count":1,"href":"https:\/\/www.tornum.com\/pl\/wp-json\/wp\/v2\/product\/32855\/revisions"}],"predecessor-version":[{"id":33100,"href":"https:\/\/www.tornum.com\/pl\/wp-json\/wp\/v2\/product\/32855\/revisions\/33100"}],"wp:featuredmedia":[{"embeddable":true,"href":"https:\/\/www.tornum.com\/pl\/wp-json\/wp\/v2\/media\/32857"}],"wp:attachment":[{"href":"https:\/\/www.tornum.com\/pl\/wp-json\/wp\/v2\/media?parent=32855"}],"wp:term":[{"taxonomy":"product_brand","embeddable":true,"href":"https:\/\/www.tornum.com\/pl\/wp-json\/wp\/v2\/product_brand?post=32855"},{"taxonomy":"product_cat","embeddable":true,"href":"https:\/\/www.tornum.com\/pl\/wp-json\/wp\/v2\/product_cat?post=32855"},{"taxonomy":"product_tag","embeddable":true,"href":"https:\/\/www.tornum.com\/pl\/wp-json\/wp\/v2\/product_tag?post=32855"}],"curies":[{"name":"wp","href":"https:\/\/api.w.org\/{rel}","templated":true}]}}