{"id":32865,"date":"2023-03-05T22:36:52","date_gmt":"2023-03-05T22:36:52","guid":{"rendered":"https:\/\/www.tornum.com\/product\/continuous-grain-dryer-tk\/"},"modified":"2025-07-11T09:49:07","modified_gmt":"2025-07-11T09:49:07","slug":"suszarnia-do-ziarna-do-pracy-ciaglej-tk","status":"publish","type":"product","link":"https:\/\/www.tornum.com\/pl\/produkt\/suszarnia-do-ziarna-do-pracy-ciaglej-tk\/","title":{"rendered":"SUSZARNIA DO ZIARNA DO PRACY CI\u0104G\u0141EJ TK"},"content":{"rendered":"<div class=\"wpb-content-wrapper\"><p>[vc_row gap=&#8221;35&#8243;][vc_column width=&#8221;2\/3&#8243;][vc_column_text]Suszarnia do ziarna TK firmy Tornum z ci\u0105g\u0142ym przep\u0142ywem mieszanym zosta\u0142a zaprojektowana z my\u015bl\u0105 o dobrej oszcz\u0119dno\u015bci ogrzewania i delikatnym suszeniu ziarna. Wyj\u0105tkowa jako\u015b\u0107 wykonania i niespotykane nigdzie indziej cechy konstrukcyjne sprawi\u0142y, \u017ce suszarnia do ziarna TK cieszy si\u0119 popularno\u015bci\u0105 w bran\u017cy rolniczej.<\/p>\n<p>Suszarnie TK nadaj\u0105 si\u0119 zar\u00f3wno do u\u017cytku wewn\u0105trz, jak i na zewn\u0105trz pomieszcze\u0144, za\u015b ich konstrukcja z ocynkowanej ogniowo stali cieszy si\u0119 d\u0142ug\u0105 trwa\u0142o\u015bci\u0105.<\/p>\n<p>Tornum oferuje bran\u017cy rolniczej nowy poziom wydajno\u015bci suszenia ziarna urz\u0105dzeniami z serii TK BIG. Najwi\u0119ksza wersja naszej nowej suszarni do ziarna BIG, TK16-44, osi\u0105ga wydajno\u015b\u0107 suszenia 300 ton na godzin\u0119 przy maksymalnej mocy grzewczej.<\/p>\n<p>Firma TORNUM zbudowa\u0142a 2 du\u017ce suszarnie TK12-28-4 z ci\u0105g\u0142ym przep\u0142ywem mieszanym w \u017bmerynce na Ukrainie. Ka\u017cda suszarnia do ziarna ma pojemno\u015b\u0107 275 m<sup>3<\/sup> i wydajno\u015b\u0107 suszenia ziaren pszenicy na poziomie 133 ton na godzin\u0119. Zobacz film na stronie poni\u017cej.[\/vc_column_text][\/vc_column][vc_column width=&#8221;1\/3&#8243;][vc_column_text]<strong>WYPOSA\u017bENIE STANDARDOWE<\/strong><br \/>\n\u2022 Wska\u017anik poziomu<br \/>\n\u2022 Komora powietrza wilgotnego<br \/>\n\u2022 Sekcja wylotowa impulsowa lub rolkowa<br \/>\n\u2022 Czujnik poziomu<br \/>\n\u2022 Strefa buforowa<br \/>\n\u2022 Zmienna strefa ch\u0142odzenia<\/p>\n<p><strong>WYPOSA\u017bENIE DODATKOWE<\/strong><br \/>\n\u2022 Drabiny i pomosty<br \/>\n\u2022 System wykrywania po\u017caru<br \/>\n\u2022 T\u0142umik<br \/>\n\u2022 Powi\u0119kszenie strefy buforowej<br \/>\n\u2022 Sterowanie na podstawie wilgotno\u015bci lub temperatury[\/vc_column_text][\/vc_column][\/vc_row]<\/p>\n<\/div>","protected":false},"excerpt":{"rendered":"<p>Suszarnia do ziarna TK firmy Tornum z ci\u0105g\u0142ym przep\u0142ywem mieszanym umo\u017cliwia wydajne ogrzewanie powietrza i delikatne suszenie ziarna. Zdoby\u0142a ona bran\u017c\u0119 rolnicz\u0105 przebojem \u2013 dzi\u0119ki wyj\u0105tkowej jako\u015bci wykonania i wyj\u0105tkowym cechom konstrukcyjnym.<\/p>\n","protected":false},"featured_media":32851,"comment_status":"open","ping_status":"closed","template":"","meta":{"_acf_changed":false},"product_brand":[],"product_cat":[955,973,962,963,956,983],"product_tag":[965,966,1013,967],"class_list":{"0":"post-32865","1":"product","2":"type-product","3":"status-publish","4":"has-post-thumbnail","6":"product_cat-all-products-pl","7":"product_cat-feed-pl","8":"product_cat-food-2-pl","9":"product_cat-grain-pl","10":"product_cat-conditioning-pl","11":"product_cat-grain-dryers-pl","12":"product_tag-burner-pl","13":"product_tag-dryer-pl","14":"product_tag-dryer-rex-pl","15":"product_tag-dryer-tkr-pl","16":"pa_products-type-all-products-pl","17":"pa_products-type-grain-pl","19":"first","20":"instock","21":"shipping-taxable","22":"product-type-simple"},"acf":[],"_links":{"self":[{"href":"https:\/\/www.tornum.com\/pl\/wp-json\/wp\/v2\/product\/32865","targetHints":{"allow":["GET"]}}],"collection":[{"href":"https:\/\/www.tornum.com\/pl\/wp-json\/wp\/v2\/product"}],"about":[{"href":"https:\/\/www.tornum.com\/pl\/wp-json\/wp\/v2\/types\/product"}],"replies":[{"embeddable":true,"href":"https:\/\/www.tornum.com\/pl\/wp-json\/wp\/v2\/comments?post=32865"}],"version-history":[{"count":1,"href":"https:\/\/www.tornum.com\/pl\/wp-json\/wp\/v2\/product\/32865\/revisions"}],"predecessor-version":[{"id":33090,"href":"https:\/\/www.tornum.com\/pl\/wp-json\/wp\/v2\/product\/32865\/revisions\/33090"}],"wp:featuredmedia":[{"embeddable":true,"href":"https:\/\/www.tornum.com\/pl\/wp-json\/wp\/v2\/media\/32851"}],"wp:attachment":[{"href":"https:\/\/www.tornum.com\/pl\/wp-json\/wp\/v2\/media?parent=32865"}],"wp:term":[{"taxonomy":"product_brand","embeddable":true,"href":"https:\/\/www.tornum.com\/pl\/wp-json\/wp\/v2\/product_brand?post=32865"},{"taxonomy":"product_cat","embeddable":true,"href":"https:\/\/www.tornum.com\/pl\/wp-json\/wp\/v2\/product_cat?post=32865"},{"taxonomy":"product_tag","embeddable":true,"href":"https:\/\/www.tornum.com\/pl\/wp-json\/wp\/v2\/product_tag?post=32865"}],"curies":[{"name":"wp","href":"https:\/\/api.w.org\/{rel}","templated":true}]}}