{"id":32866,"date":"2023-05-14T21:15:17","date_gmt":"2023-05-14T21:15:17","guid":{"rendered":"https:\/\/www.tornum.com\/product\/damas-omega\/"},"modified":"2025-07-30T09:53:21","modified_gmt":"2025-07-30T09:53:21","slug":"damas-omega","status":"publish","type":"product","link":"https:\/\/www.tornum.com\/pl\/produkt\/damas-omega\/","title":{"rendered":"DAMAS OMEGA"},"content":{"rendered":"<div class=\"wpb-content-wrapper\"><p>[vc_row][vc_column width=&#8221;2\/3&#8243;][vc_column_text]Omega jest bardzo elastyczna i mo\u017ce s\u0142u\u017cy\u0107 do wszelkich zada\u0144 zwi\u0105zanych z czyszczeniem i sortowaniem ziarna \u2013 od czyszczenia wst\u0119pnego po doczyszczanie. Omega mo\u017ce by\u0107 wykonana z recyrkulacj\u0105 powietrza lub bez niej, co pozwala dostosowa\u0107 urz\u0105dzenie do wymaga\u0144 wobec zu\u017cycia powietrza, odzysku ciep\u0142a itp. Uk\u0142ady powietrza do zasysania wst\u0119pnego i ko\u0144cowego s\u0105 ca\u0142kowicie niezale\u017cne od siebie, co umo\u017cliwia ich niezale\u017cn\u0105 regulacj\u0119, a tym samym usprawnia prac\u0119 urz\u0105dzenia i podnosi wydajno\u015b\u0107 oczyszczania ziarna.[\/vc_column_text][\/vc_column][vc_column width=&#8221;1\/3&#8243;][vc_column_text]<strong>CECHY<\/strong><br \/>\n\u2022 Zamkni\u0119ta obudowa ogranicza poziom ha\u0142asu<br \/>\n\u2022 Komory sit wykonane z wytrzyma\u0142ego materia\u0142u WISAform, kt\u00f3ry dopuszczono do u\u017cytku z \u017cywno\u015bci\u0105<br \/>\n\u2022 Czyszczenie sit za pomoc\u0105 specjalnych gumowych kul<br \/>\n\u2022 Zmienna regulacja zasypywania w standardzie<br \/>\n\u2022 Materia\u0142 rozprowadzany na sicie za pomoc\u0105 \u015blimaka (opcjonalnie \u2013 w niekt\u00f3rych modelach)<\/p>\n<p><strong>WYPOSA\u017bENIE DODATKOWE<\/strong><br \/>\n\u2022 Elektroniczny system monitorowania[\/vc_column_text][\/vc_column][\/vc_row]<\/p>\n<\/div>","protected":false},"excerpt":{"rendered":"<p>Maszyna oczyszczaj\u0105ca Omega to urz\u0105dzenie wszechstronne, nadaj\u0105ce si\u0119 do bardzo r\u00f3\u017cnorodnych zada\u0144 czyszczenia i sortowania ziarna, z dost\u0119pn\u0105 na zam\u00f3wienie recyrkulacj\u0105 powietrza, co pozwala przygotowa\u0107 urz\u0105dzenie do konkretnych wymaga\u0144 wobec poboru powietrza i odzysku ciep\u0142a.<\/p>\n","protected":false},"featured_media":32868,"comment_status":"open","ping_status":"closed","template":"","meta":{"_acf_changed":false},"product_brand":[],"product_cat":[955,973,962,963,968,996],"product_tag":[997,998,974,972],"class_list":{"0":"post-32866","1":"product","2":"type-product","3":"status-publish","4":"has-post-thumbnail","6":"product_cat-all-products-pl","7":"product_cat-feed-pl","8":"product_cat-food-2-pl","9":"product_cat-grain-pl","10":"product_cat-material-handling-pl","11":"product_cat-cleaning-machines-pl","12":"product_tag-cleaning-pl","13":"product_tag-dc-remover-pl","14":"product_tag-dust-pl","15":"product_tag-separation-pl","16":"description-off","18":"first","19":"instock","20":"shipping-taxable","21":"product-type-simple"},"acf":[],"_links":{"self":[{"href":"https:\/\/www.tornum.com\/pl\/wp-json\/wp\/v2\/product\/32866","targetHints":{"allow":["GET"]}}],"collection":[{"href":"https:\/\/www.tornum.com\/pl\/wp-json\/wp\/v2\/product"}],"about":[{"href":"https:\/\/www.tornum.com\/pl\/wp-json\/wp\/v2\/types\/product"}],"replies":[{"embeddable":true,"href":"https:\/\/www.tornum.com\/pl\/wp-json\/wp\/v2\/comments?post=32866"}],"version-history":[{"count":2,"href":"https:\/\/www.tornum.com\/pl\/wp-json\/wp\/v2\/product\/32866\/revisions"}],"predecessor-version":[{"id":33109,"href":"https:\/\/www.tornum.com\/pl\/wp-json\/wp\/v2\/product\/32866\/revisions\/33109"}],"wp:featuredmedia":[{"embeddable":true,"href":"https:\/\/www.tornum.com\/pl\/wp-json\/wp\/v2\/media\/32868"}],"wp:attachment":[{"href":"https:\/\/www.tornum.com\/pl\/wp-json\/wp\/v2\/media?parent=32866"}],"wp:term":[{"taxonomy":"product_brand","embeddable":true,"href":"https:\/\/www.tornum.com\/pl\/wp-json\/wp\/v2\/product_brand?post=32866"},{"taxonomy":"product_cat","embeddable":true,"href":"https:\/\/www.tornum.com\/pl\/wp-json\/wp\/v2\/product_cat?post=32866"},{"taxonomy":"product_tag","embeddable":true,"href":"https:\/\/www.tornum.com\/pl\/wp-json\/wp\/v2\/product_tag?post=32866"}],"curies":[{"name":"wp","href":"https:\/\/api.w.org\/{rel}","templated":true}]}}