{"id":32870,"date":"2023-05-14T21:18:40","date_gmt":"2023-05-14T21:18:40","guid":{"rendered":"https:\/\/www.tornum.com\/product\/damas-pulco\/"},"modified":"2025-07-15T10:59:27","modified_gmt":"2025-07-15T10:59:27","slug":"damas-pulco","status":"publish","type":"product","link":"https:\/\/www.tornum.com\/pl\/produkt\/damas-pulco\/","title":{"rendered":"DAMAS PULCO"},"content":{"rendered":"<p><strong>Wydajny aspirator<\/strong><br \/>\nPulco skutecznie oddziela zar\u00f3wno lekkie, jak i ci\u0119\u017ckie ziarna za pomoc\u0105 powietrza.<\/p>\n<p>Aspirator mo\u017ce by\u0107 u\u017cywany w ka\u017cdym zak\u0142adzie i dok\u0142adnie tam, gdzie sprawdzi si\u0119 najlepiej. Mo\u017ce to by\u0107 czyszczenie wst\u0119pne przy przyj\u0119ciu, dodatkowe doczyszczanie powietrzem, czyszczenie nasion zb\u00f3\u017c przed zaprawianiem, czyszczenie przemys\u0142owe lub oczyszczanie ziaren browarniczych podczas roz\u0142adunku.<\/p>\n<p>Pulco zaprojektowano z my\u015bl\u0105 o mo\u017cliwie najwy\u017cszej wydajno\u015bci oczyszczania, bez wzgl\u0119du na warunki. Mo\u017ce r\u00f3wnie\u017c s\u0142u\u017cy\u0107 do segregacji ziarna na frakcje \u2013 za pomoc\u0105 komory separacyjnej ziaren.<\/p>\n<p>Pulco ma prost\u0105, ekologiczn\u0105 konstrukcj\u0119 i jest \u0142atwy w obs\u0142udze. Mo\u017ce by\u0107 wyposa\u017cony w system zdalnego sterowania.<\/p>\n<ul>\n<li>Pulco ma konstrukcj\u0119 samoczyszcz\u0105c\u0105 i wyr\u00f3\u017cnia si\u0119 znakomitym przep\u0142ywem powietrza dzi\u0119ki idealnemu rozprowadzeniu materia\u0142u.<\/li>\n<li>Urz\u0105dzenie nie wytwarza drga\u0144 i zajmuje bardzo ma\u0142o miejsca, zwa\u017cywszy na jego du\u017c\u0105 wydajno\u015b\u0107.<\/li>\n<li>Pulco jest cichy, wymaga niewielkiej mocy zasilania i jest przyjazny dla \u015brodowiska.<\/li>\n<li>Kompleksowy program akcesori\u00f3w modu\u0142owych umo\u017cliwia dostosowanie urz\u0105dzenia do bie\u017c\u0105cych wymaga\u0144, a tak\u017ce jego modernizacj\u0119 w przysz\u0142o\u015bci.<\/li>\n<\/ul>\n","protected":false},"excerpt":{"rendered":"<p>Pulco to wydajny aspirator, kt\u00f3ry oddziela lekkie i ci\u0119\u017ckie ziarna za pomoc\u0105 strumienia. Nadaje si\u0119 do r\u00f3\u017cnych zastosowa\u0144, w tym do czyszczenia wst\u0119pnego, doczyszczania, zaprawiania nasion, czyszczenia przemys\u0142owego czy oczyszczania ziaren browarniczych.<\/p>\n","protected":false},"featured_media":32871,"comment_status":"open","ping_status":"closed","template":"","meta":{"_acf_changed":false},"product_brand":[],"product_cat":[955,962,996,964],"product_tag":[997,998,974,972],"class_list":{"0":"post-32870","1":"product","2":"type-product","3":"status-publish","4":"has-post-thumbnail","6":"product_cat-all-products-pl","7":"product_cat-food-2-pl","8":"product_cat-cleaning-machines-pl","9":"product_cat-heat-sources-pl","10":"product_tag-cleaning-pl","11":"product_tag-dc-remover-pl","12":"product_tag-dust-pl","13":"product_tag-separation-pl","14":"description-off","16":"first","17":"instock","18":"shipping-taxable","19":"product-type-simple"},"acf":[],"_links":{"self":[{"href":"https:\/\/www.tornum.com\/pl\/wp-json\/wp\/v2\/product\/32870","targetHints":{"allow":["GET"]}}],"collection":[{"href":"https:\/\/www.tornum.com\/pl\/wp-json\/wp\/v2\/product"}],"about":[{"href":"https:\/\/www.tornum.com\/pl\/wp-json\/wp\/v2\/types\/product"}],"replies":[{"embeddable":true,"href":"https:\/\/www.tornum.com\/pl\/wp-json\/wp\/v2\/comments?post=32870"}],"version-history":[{"count":1,"href":"https:\/\/www.tornum.com\/pl\/wp-json\/wp\/v2\/product\/32870\/revisions"}],"predecessor-version":[{"id":33112,"href":"https:\/\/www.tornum.com\/pl\/wp-json\/wp\/v2\/product\/32870\/revisions\/33112"}],"wp:featuredmedia":[{"embeddable":true,"href":"https:\/\/www.tornum.com\/pl\/wp-json\/wp\/v2\/media\/32871"}],"wp:attachment":[{"href":"https:\/\/www.tornum.com\/pl\/wp-json\/wp\/v2\/media?parent=32870"}],"wp:term":[{"taxonomy":"product_brand","embeddable":true,"href":"https:\/\/www.tornum.com\/pl\/wp-json\/wp\/v2\/product_brand?post=32870"},{"taxonomy":"product_cat","embeddable":true,"href":"https:\/\/www.tornum.com\/pl\/wp-json\/wp\/v2\/product_cat?post=32870"},{"taxonomy":"product_tag","embeddable":true,"href":"https:\/\/www.tornum.com\/pl\/wp-json\/wp\/v2\/product_tag?post=32870"}],"curies":[{"name":"wp","href":"https:\/\/api.w.org\/{rel}","templated":true}]}}