{"id":32878,"date":"2023-05-14T21:13:07","date_gmt":"2023-05-14T21:13:07","guid":{"rendered":"https:\/\/www.tornum.com\/product\/damas-sigma\/"},"modified":"2025-07-16T10:04:03","modified_gmt":"2025-07-16T10:04:03","slug":"damas-sigma","status":"publish","type":"product","link":"https:\/\/www.tornum.com\/pl\/produkt\/damas-sigma\/","title":{"rendered":"DAMAS SIGMA"},"content":{"rendered":"<div class=\"wpb-content-wrapper\"><p>[vc_row][vc_column width=&#8221;2\/3&#8243;][vc_column_text]Sigma jest przeznaczona przede wszystkim do wst\u0119pnego czyszczenia ziarna i innych materia\u0142\u00f3w w postaci granulatu, cho\u0107 mo\u017ce r\u00f3wnie\u017c s\u0142u\u017cy\u0107 do doczyszczania. SIGMA wyposa\u017cona jest w pionowe sita obrotowe, kt\u00f3re dzi\u0119ki sile od\u015brodkowej gwarantuj\u0105 bardzo du\u017c\u0105 wydajno\u015b\u0107 oczyszczania materia\u0142u, pomimo niewielkich rozmiar\u00f3w ca\u0142ego urz\u0105dzenia.[\/vc_column_text][\/vc_column][vc_column width=&#8221;1\/3&#8243;][vc_column_text]<strong>CECHY<\/strong><br \/>\n\u2022 Mechanizm obrotowy nie wytwarza drga\u0144<br \/>\n\u2022 Zaprojektowana z my\u015bl\u0105 o minimalnym obci\u0105\u017ceniu pod\u0142o\u017ca<br \/>\n\u2022 Elastyczne mo\u017cliwo\u015bci monta\u017cu \u2013 mo\u017cliwo\u015b\u0107 prostego przestawienia miejsca monta\u017cu wylotu i jego klapy<br \/>\n\u2022 Konstrukcja w pe\u0142nej obudowie ogranicza poziom ha\u0142asu i chroni przed zapyleniem otoczenia<br \/>\n\u2022 Szczotki rolkowe z samoczynn\u0105 regulacj\u0105 umo\u017cliwiaj\u0105 skuteczne czyszczenie sita<br \/>\n\u2022 Sekcja wylotowa z bardzo wydajnym aspiratorem<\/p>\n<p><strong>WYPOSA\u017bENIE DODATKOWE<\/strong><br \/>\n\u2022 Elektroniczny system monitorowania[\/vc_column_text][\/vc_column][\/vc_row]<\/p>\n<\/div>","protected":false},"excerpt":{"rendered":"<p>Czyszczalnia Sigma zosta\u0142a zaprojektowana do wydajnego czyszczenia wst\u0119pnego i doczyszczania ziaren oraz materia\u0142\u00f3w w postaci granulatu. Jest wyposa\u017cona w pionowe sita obrotowe, kt\u00f3re zapewniaj\u0105 wysok\u0105 wydajno\u015b\u0107 pomimo niewielkich gabaryt\u00f3w urz\u0105dzenia.<\/p>\n","protected":false},"featured_media":32880,"comment_status":"open","ping_status":"closed","template":"","meta":{"_acf_changed":false},"product_brand":[],"product_cat":[955,973,962,963,968,996],"product_tag":[997,1014,974,972],"class_list":{"0":"post-32878","1":"product","2":"type-product","3":"status-publish","4":"has-post-thumbnail","6":"product_cat-all-products-pl","7":"product_cat-feed-pl","8":"product_cat-food-2-pl","9":"product_cat-grain-pl","10":"product_cat-material-handling-pl","11":"product_cat-cleaning-machines-pl","12":"product_tag-cleaning-pl","13":"product_tag-damas-pl","14":"product_tag-dust-pl","15":"product_tag-separation-pl","16":"description-off","18":"first","19":"instock","20":"shipping-taxable","21":"product-type-simple"},"acf":[],"_links":{"self":[{"href":"https:\/\/www.tornum.com\/pl\/wp-json\/wp\/v2\/product\/32878","targetHints":{"allow":["GET"]}}],"collection":[{"href":"https:\/\/www.tornum.com\/pl\/wp-json\/wp\/v2\/product"}],"about":[{"href":"https:\/\/www.tornum.com\/pl\/wp-json\/wp\/v2\/types\/product"}],"replies":[{"embeddable":true,"href":"https:\/\/www.tornum.com\/pl\/wp-json\/wp\/v2\/comments?post=32878"}],"version-history":[{"count":1,"href":"https:\/\/www.tornum.com\/pl\/wp-json\/wp\/v2\/product\/32878\/revisions"}],"predecessor-version":[{"id":33121,"href":"https:\/\/www.tornum.com\/pl\/wp-json\/wp\/v2\/product\/32878\/revisions\/33121"}],"wp:featuredmedia":[{"embeddable":true,"href":"https:\/\/www.tornum.com\/pl\/wp-json\/wp\/v2\/media\/32880"}],"wp:attachment":[{"href":"https:\/\/www.tornum.com\/pl\/wp-json\/wp\/v2\/media?parent=32878"}],"wp:term":[{"taxonomy":"product_brand","embeddable":true,"href":"https:\/\/www.tornum.com\/pl\/wp-json\/wp\/v2\/product_brand?post=32878"},{"taxonomy":"product_cat","embeddable":true,"href":"https:\/\/www.tornum.com\/pl\/wp-json\/wp\/v2\/product_cat?post=32878"},{"taxonomy":"product_tag","embeddable":true,"href":"https:\/\/www.tornum.com\/pl\/wp-json\/wp\/v2\/product_tag?post=32878"}],"curies":[{"name":"wp","href":"https:\/\/api.w.org\/{rel}","templated":true}]}}