{"id":32881,"date":"2023-05-14T21:17:15","date_gmt":"2023-05-14T21:17:15","guid":{"rendered":"https:\/\/www.tornum.com\/product\/damas-uniseed-duoseed\/"},"modified":"2025-07-16T09:34:47","modified_gmt":"2025-07-16T09:34:47","slug":"damas-uniseed-duoseed","status":"publish","type":"product","link":"https:\/\/www.tornum.com\/pl\/produkt\/damas-uniseed-duoseed\/","title":{"rendered":"DAMAS UNISEED\/DUOSEED"},"content":{"rendered":"<div class=\"wpb-content-wrapper\"><p>[vc_row][vc_column width=&#8221;2\/3&#8243;][vc_column_text]Maszyny oczyszczaj\u0105ce Damas Uniseed i Duoseed s\u0105 przeznaczone do sortowania<br \/>\ni oczyszczania ziarna w gospodarstwach rolnych, a tak\u017ce do przemys\u0142owego przetwarzania ziarna na niewielk\u0105 skal\u0119. Maszyny te wyr\u00f3\u017cniaj\u0105 si\u0119 poziomem wydajno\u015bci i skuteczno\u015bci pracy typowym dla przemys\u0142owej czyszczalni\/sortownika Damas OMEGA, lecz s\u0105 niewielkie i niedrogie \u2013 dlatego nadaj\u0105 si\u0119 dla gospodarstw, w kt\u00f3rych ziarno przeznaczone jest na pasz\u0119 oraz do odsprzeda\u017cy.<\/p>\n<p>Damas DuoSeed to zesp\u00f3\u0142 dw\u00f3ch maszyn oczyszczaj\u0105cych Uniseed, kt\u00f3ry nie zajmuje wiele miejsca w instalacji zbo\u017cowej, lecz z pewno\u015bci\u0105 znacz\u0105co podniesie jej wydajno\u015b\u0107. Maszyny te s\u0105 dost\u0119pne w r\u00f3\u017cnych konfiguracjach, wraz z dost\u0119pnymi dodatkowo urz\u0105dzeniami podajnik\u00f3w, k\u0142osownikami i zespo\u0142ami ssania wst\u0119pnego.<\/p>\n<p>Maszyny oczyszczaj\u0105ce Uniseed i Duoseed szczeg\u00f3lnie dobrze nadaj\u0105 si\u0119 do rzepaku, pszenicy, j\u0119czmienia, kukurydzy i tym podobnych zb\u00f3\u017c.<\/p>\n<p><strong>Spos\u00f3b dzia\u0142ania<\/strong><\/p>\n<p>Maszyny oczyszczaj\u0105ce Uniseed i Duoseed s\u0105 wykonane z stali ocynkowanej i pracuj\u0105 na zasadzie czyszczenia na \u0142o\u017cu p\u0142askim. G\u00f3rne sito porusza si\u0119 p\u0142ynnie w poziomie, podczas gdy sito dolne porusza si\u0119 uko\u015bnie. Ten wyj\u0105tkowy spos\u00f3b ruchu sit \u2013 kt\u00f3ry stosowany jest wy\u0142\u0105cznie w maszynach oczyszczaj\u0105cych SKIOLD Damas, umo\u017cliwia bardzo skutecznie oddzielanie i najdok\u0142adniejsze sortowanie ziarna.[\/vc_column_text][\/vc_column][vc_column width=&#8221;1\/3&#8243;][vc_column_text]<strong>CECHY<\/strong><br \/>\n\u2022\u00a0<em>Sortowanie ziarna w gospodarstwie<\/em>: Maszyny Uniseed i Duoseed idealnie nadaj\u0105 si\u0119 dla rolnik\u00f3w, kt\u00f3rzy produkuj\u0105 w\u0142asn\u0105 pasz\u0119 lub sortuj\u0105 ziarno w gospodarstwie. Ich niewielkie rozmiary, prosta obs\u0142uga i minimalne nak\u0142ady na konserwacj\u0119 czyni\u0105 te maszyny doskona\u0142ym wyborem dla takich u\u017cytkownik\u00f3w \u2013 nawet je\u015bli maszyny maj\u0105 pracowa\u0107 w spos\u00f3b nieci\u0105g\u0142y, z przestojami. Odpady odprowadzane z maszyny mo\u017cna przesy\u0142a\u0107 np. do kot\u0142\u00f3w zasilanych mechanicznie, co ogranicza do minimum konieczno\u015b\u0107 ich sk\u0142adowania lub utylizacji na inne sposoby.<\/p>\n<p><em>\u2022\u00a0Lepsza jako\u015b\u0107 ziarna<\/em>: Klient nabywaj\u0105cy maszyn\u0119 Uniseed lub Duoseed do czyszczenia takiego ziarna, jak rzepak lub j\u0119czmie\u0144 browarniany, mo\u017ce liczy\u0107 na to, \u017ce nowy nabytek wniesie zupe\u0142nie now\u0105 jako\u015b\u0107 oczyszczanego produktu \u2013 a tym samym na wy\u017csze ceny jego skupu. Maszyny te mog\u0105 r\u00f3wnie\u017c skutecznie oczyszcza\u0107 ziarno<br \/>\nz wi\u0119kszo\u015bci sporyszu, co pozwala zabezpieczy\u0107 nale\u017cyt\u0105 jako\u015b\u0107 produktu gotowego.<\/p>\n<p><em>\u2022\u00a0Lepsze kie\u0142kowanie i ni\u017csze koszty<\/em>: Dobrze oczyszczone ziarna lepiej kie\u0142kuj\u0105 i lepiej przyjmuj\u0105 zapraw\u0119, co ogranicza straty i koszty materia\u0142u.<\/p>\n<p><em>\u2022\u00a0Wy\u017csza warto\u015b\u0107 paszy<\/em>: Maszyny Uniseed i Duoseed u\u017cywane do czyszczenia<br \/>\ni sortowania ziarna paszowego, daj\u0105 produkt o sta\u0142ej jako\u015bci bez niepo\u017c\u0105danych zanieczyszcze\u0144, a tak\u017ce ograniczaj\u0105 zapylenie otrzymywanego ziarna.<\/p>\n<p><em>\u2022\u00a0Ni\u017csze koszty przechowywania<\/em>: Prawid\u0142owo posortowane ziarna i nasiona w magazynie s\u0105 mniej podatne na atak ple\u015bni, grzyb\u00f3w, bakterii i roztoczy. Ogranicza to problem psucia si\u0119 ziarna sk\u0142adowanego i zmniejsza koszty jego suszenia.<\/p>\n<p><em>\u2022\u00a0Wyd\u0142u\u017cona trwa\u0142o\u015b\u0107 urz\u0105dze\u0144<\/em>: Dobrze posortowane ziarna zwi\u0119kszaj\u0105 wydajno\u015b\u0107<br \/>\ni trwa\u0142o\u015b\u0107 urz\u0105dze\u0144 produkcyjnych, co pozwala liczy\u0107 na wy\u017csz\u0105 stop\u0119 zwrotu z ich zakupu.<\/p>\n<p><em>\u2022\u00a0Trwa\u0142a konstrukcja<\/em>: Maszyny oczyszczaj\u0105ce Uniseed i Duoseed o \u0142o\u017cu p\u0142askim zaprojektowano z my\u015bl\u0105 o trwa\u0142o\u015bci. S\u0105 wyposa\u017cone w obudowy ze stali ocynkowanej, za\u015b ich sita czyszczone s\u0105 specjalnie dobranymi kulami gumowymi. Minimalny poziom drga\u0144 podczas pracy ogranicza obci\u0105\u017cenia przy\u0142o\u017cone do stropu lub zawieszenia urz\u0105dzenia, co przed\u0142u\u017ca trwa\u0142o\u015b\u0107 u\u017cytkow\u0105 ca\u0142ej instalacji.<\/p>\n<p><em>\u2022\u00a0\u0141atwo\u015b\u0107 eksploatacji i obs\u0142ugi<\/em>: Czyszczalnie o \u0142o\u017cu p\u0142askim zaprojektowano z my\u015bl\u0105 o bezproblemowej wymianie sit i \u0142atwej codziennej eksploatacji, dzi\u0119ki czemu \u0142atwo jest nauczy\u0107 si\u0119 ich obs\u0142ugi.<\/p>\n<p>&nbsp;<\/p>\n<p>[\/vc_column_text][\/vc_column][\/vc_row]<\/p>\n<\/div>","protected":false},"excerpt":{"rendered":"<p>Maszyny oczyszczaj\u0105ce Damas Uniseed i Duoseed s\u0105 przeznaczone do sprawnego sortowania i oczyszczania ziarna w gospodarstwach rolnych. Wyr\u00f3\u017cniaj\u0105 si\u0119 wydajno\u015bci\u0105 urz\u0105dze\u0144 przemys\u0142owych, a jednocze\u015bnie s\u0105 niewielkie i niedrogie \u2013 dlatego nadaj\u0105 si\u0119 dla gospodarstw, w kt\u00f3rych ziarno przeznaczone jest na pasz\u0119 oraz do odsprzeda\u017cy. Maszyny te idealnie nadaj\u0105 si\u0119 do rzepaku, pszenicy, j\u0119czmienia i kukurydzy.<\/p>\n","protected":false},"featured_media":32882,"comment_status":"open","ping_status":"closed","template":"","meta":{"_acf_changed":false},"product_brand":[],"product_cat":[955,973,962,963,990,996],"product_tag":[997,1014,974,972],"class_list":{"0":"post-32881","1":"product","2":"type-product","3":"status-publish","4":"has-post-thumbnail","6":"product_cat-all-products-pl","7":"product_cat-feed-pl","8":"product_cat-food-2-pl","9":"product_cat-grain-pl","10":"product_cat-intake-pit-pl","11":"product_cat-cleaning-machines-pl","12":"product_tag-cleaning-pl","13":"product_tag-damas-pl","14":"product_tag-dust-pl","15":"product_tag-separation-pl","16":"description-off","18":"first","19":"instock","20":"shipping-taxable","21":"product-type-simple"},"acf":[],"_links":{"self":[{"href":"https:\/\/www.tornum.com\/pl\/wp-json\/wp\/v2\/product\/32881","targetHints":{"allow":["GET"]}}],"collection":[{"href":"https:\/\/www.tornum.com\/pl\/wp-json\/wp\/v2\/product"}],"about":[{"href":"https:\/\/www.tornum.com\/pl\/wp-json\/wp\/v2\/types\/product"}],"replies":[{"embeddable":true,"href":"https:\/\/www.tornum.com\/pl\/wp-json\/wp\/v2\/comments?post=32881"}],"version-history":[{"count":2,"href":"https:\/\/www.tornum.com\/pl\/wp-json\/wp\/v2\/product\/32881\/revisions"}],"predecessor-version":[{"id":33630,"href":"https:\/\/www.tornum.com\/pl\/wp-json\/wp\/v2\/product\/32881\/revisions\/33630"}],"wp:featuredmedia":[{"embeddable":true,"href":"https:\/\/www.tornum.com\/pl\/wp-json\/wp\/v2\/media\/32882"}],"wp:attachment":[{"href":"https:\/\/www.tornum.com\/pl\/wp-json\/wp\/v2\/media?parent=32881"}],"wp:term":[{"taxonomy":"product_brand","embeddable":true,"href":"https:\/\/www.tornum.com\/pl\/wp-json\/wp\/v2\/product_brand?post=32881"},{"taxonomy":"product_cat","embeddable":true,"href":"https:\/\/www.tornum.com\/pl\/wp-json\/wp\/v2\/product_cat?post=32881"},{"taxonomy":"product_tag","embeddable":true,"href":"https:\/\/www.tornum.com\/pl\/wp-json\/wp\/v2\/product_tag?post=32881"}],"curies":[{"name":"wp","href":"https:\/\/api.w.org\/{rel}","templated":true}]}}