{"id":32883,"date":"2023-05-04T09:56:59","date_gmt":"2023-05-04T09:56:59","guid":{"rendered":"https:\/\/www.tornum.com\/product\/dual-batch-dryer-ts-and-tshr\/"},"modified":"2025-07-30T10:08:48","modified_gmt":"2025-07-30T10:08:48","slug":"podwojna-suszarnia-porcjowa-ts-i-tshr","status":"publish","type":"product","link":"https:\/\/www.tornum.com\/pl\/produkt\/podwojna-suszarnia-porcjowa-ts-i-tshr\/","title":{"rendered":"PODW\u00d3JNA SUSZARNIA PORCJOWA TS I TSHR"},"content":{"rendered":"<div class=\"wpb-content-wrapper\"><p>[vc_row gap=&#8221;35&#8243;][vc_column width=&#8221;2\/3&#8243;][vc_column_text]Komora dystrybucji powietrza firmy Tornum pozwala po\u0142\u0105czy\u0107 dwie suszarnie porcjowe, co daje podw\u00f3jn\u0105 suszarni\u0119 porcjow\u0105. Komora dystrybucji powietrza jest pod\u0142\u0105czona do \u017ar\u00f3d\u0142a ciep\u0142a i wentylatora ch\u0142odz\u0105cego. W takim uk\u0142adzie ziarno suszone jest w jednej z suszarni, za\u015b w mi\u0119dzyczasie druga suszarnia jest ch\u0142odzona, opr\u00f3\u017cniana i nape\u0142niana kolejn\u0105 porcj\u0105 ziarna. Umo\u017cliwia to sprawne wykorzystanie \u017ar\u00f3d\u0142a ciep\u0142a do suszenia bez przestoju samej suszarni.<\/p>\n<p><strong>Budowa instalacji:<\/strong><br \/>\n\u2022 Dwie\u00a0<a href=\"https:\/\/www.tornum.com\/product\/batch-dryer-ts\/\">suszarnie porcjowe<\/a><br \/>\n\u2022 Jedna komora dystrybucji powietrza<br \/>\n\u2022 Wentylator ch\u0142odz\u0105cy<br \/>\n\u2022 Mo\u017cliwo\u015b\u0107 automatyzacji za pomoc\u0105 sterownika dla suszarni<br \/>\n\u2022 Komplet rur instalacyjnych<br \/>\n\u2022 Zasuwa i czujnik steruj\u0105cy<\/p>\n<p>Podw\u00f3jna suszarnia porcjowa Tornum mo\u017ce by\u0107 wyposa\u017cona opcjonalnie w uk\u0142ad odzysku ciep\u0142a, kt\u00f3ry skraca czas suszenia i ogranicza zu\u017cycie energii. Zamontowany czujnik mierzy temperatur\u0119 wilgotnego powietrza panuj\u0105c\u0105 w suszarni i na podstawie warto\u015bci mierzonych w ten spos\u00f3b mo\u017cna regulowa\u0107 prac\u0119 urz\u0105dzenia. Podw\u00f3jna suszarnia porcjowa TSHR podlega obecnie zg\u0142oszeniu patentowemu.<\/p>\n<p><strong>Wydajno\u015b\u0107 wi\u0119ksza nawet o 12%<\/strong><\/p>\n<p>Konstrukcja TSHR umo\u017cliwia regulacj\u0119 przep\u0142ywu ogrzanego powietrza mi\u0119dzy dwiema suszarniami zespo\u0142u za pomoc\u0105 niewielkiej liczby zasuw. Gor\u0105ce powietrze, kt\u00f3re ju\u017c przesz\u0142o przez ziarno w pierwszej suszarni porcjowej, mo\u017cna zawr\u00f3ci\u0107 do drugiej suszarni porcjowej w zespole, co pozwala wst\u0119pnie podgrza\u0107 \u015bwie\u017c\u0105 porcj\u0119 ziarna. TSHR najlepiej jest zamontowa\u0107 na istniej\u0105cej podw\u00f3jnej suszarni porcjowej TS.[\/vc_column_text][\/vc_column][vc_column width=&#8221;1\/3&#8243;][vc_column_text]<strong>WYPOSA\u017bENIE DODATKOWE<\/strong><br \/>\n\u2022 Drabiny i podesty<br \/>\n\u2022 Wska\u017anik poziomu<br \/>\n\u2022 System wykrywania po\u017caru<br \/>\n\u2022 Powi\u0119kszenie strefy buforowej<br \/>\n\u2022 Sterowanie na podstawie wilgotno\u015bci lub temperatury<br \/>\n\u2022 Roz\u0142adunek cykliczny[\/vc_column_text][\/vc_column][\/vc_row]<\/p>\n<\/div>","protected":false},"excerpt":{"rendered":"<p>Tornum oferuje nowatorsk\u0105 komor\u0119 dystrybucji powietrza, kt\u00f3ra pozwala po\u0142\u0105czy\u0107 ze sob\u0105 dwie suszarnie porcjowe w zesp\u00f3\u0142 podw\u00f3jnej suszarni porcjowej. Pozwala to wydajniej wykorzysta\u0107 \u017ar\u00f3d\u0142o ciep\u0142a zasilaj\u0105cego takie urz\u0105dzenie, a tak\u017ce prowadzi\u0107 cykle suszenia i ch\u0142odzenia materia\u0142u bez przerwy.<\/p>\n","protected":false},"featured_media":32884,"comment_status":"open","ping_status":"closed","template":"","meta":{"_acf_changed":false},"product_brand":[],"product_cat":[955,963,956,983],"product_tag":[966,984,967,1015],"class_list":{"0":"post-32883","1":"product","2":"type-product","3":"status-publish","4":"has-post-thumbnail","6":"product_cat-all-products-pl","7":"product_cat-grain-pl","8":"product_cat-conditioning-pl","9":"product_cat-grain-dryers-pl","10":"product_tag-dryer-pl","11":"product_tag-dryer-tk-pl","12":"product_tag-dryer-tkr-pl","13":"product_tag-dryer-ts-pl","14":"description-off","16":"first","17":"instock","18":"shipping-taxable","19":"product-type-simple"},"acf":[],"_links":{"self":[{"href":"https:\/\/www.tornum.com\/pl\/wp-json\/wp\/v2\/product\/32883","targetHints":{"allow":["GET"]}}],"collection":[{"href":"https:\/\/www.tornum.com\/pl\/wp-json\/wp\/v2\/product"}],"about":[{"href":"https:\/\/www.tornum.com\/pl\/wp-json\/wp\/v2\/types\/product"}],"replies":[{"embeddable":true,"href":"https:\/\/www.tornum.com\/pl\/wp-json\/wp\/v2\/comments?post=32883"}],"version-history":[{"count":2,"href":"https:\/\/www.tornum.com\/pl\/wp-json\/wp\/v2\/product\/32883\/revisions"}],"predecessor-version":[{"id":33634,"href":"https:\/\/www.tornum.com\/pl\/wp-json\/wp\/v2\/product\/32883\/revisions\/33634"}],"wp:featuredmedia":[{"embeddable":true,"href":"https:\/\/www.tornum.com\/pl\/wp-json\/wp\/v2\/media\/32884"}],"wp:attachment":[{"href":"https:\/\/www.tornum.com\/pl\/wp-json\/wp\/v2\/media?parent=32883"}],"wp:term":[{"taxonomy":"product_brand","embeddable":true,"href":"https:\/\/www.tornum.com\/pl\/wp-json\/wp\/v2\/product_brand?post=32883"},{"taxonomy":"product_cat","embeddable":true,"href":"https:\/\/www.tornum.com\/pl\/wp-json\/wp\/v2\/product_cat?post=32883"},{"taxonomy":"product_tag","embeddable":true,"href":"https:\/\/www.tornum.com\/pl\/wp-json\/wp\/v2\/product_tag?post=32883"}],"curies":[{"name":"wp","href":"https:\/\/api.w.org\/{rel}","templated":true}]}}