{"id":32885,"date":"2023-05-14T21:49:32","date_gmt":"2023-05-14T21:49:32","guid":{"rendered":"https:\/\/www.tornum.com\/product\/dust-chaff-remover\/"},"modified":"2025-07-30T10:16:16","modified_gmt":"2025-07-30T10:16:16","slug":"urzadzenie-do-usuwania-kurzu-i-plew","status":"publish","type":"product","link":"https:\/\/www.tornum.com\/pl\/produkt\/urzadzenie-do-usuwania-kurzu-i-plew\/","title":{"rendered":"URZ\u0104DZENIE DO USUWANIA KURZU I PLEW"},"content":{"rendered":"<div class=\"wpb-content-wrapper\"><p>[vc_row][vc_column width=&#8221;2\/3&#8243;][vc_column_text]DC Remover to kompletny uk\u0142ad wst\u0119pnego oczyszczania ziarna z odpylaniem, odplewianiem i usuwaniem l\u017cejszych fragment\u00f3w s\u0142omy. Jest to w pe\u0142ni zintegrowany, kompaktowy zesp\u00f3\u0142 czyszczalni ziarna z wentylatorem, silnikiem elektrycznym i cyklonem. Jest wykonany ze stali ocynkowanej. Czyszczenie przebiega najskuteczniej przy ni\u017cszych warto\u015bciach przepustowo\u015bci urz\u0105dzenia, za\u015b najlepsze rezultaty osi\u0105ga si\u0119 wykorzystuj\u0105c kompletn\u0105 instalacj\u0119 tego typu.<\/p>\n<p>Podawane ziarno jest rozprowadzane na sicie z poprzecznymi szczelinami, dzi\u0119ki czemu ziarno zostaje oczyszczone bez ryzyka wypadania z urz\u0105dzenia. Powietrze jest zasysane przez sito i sam strumie\u0144 ziarna, kt\u00f3re zostaje skutecznie odpylone,<br \/>\nz jednoczesnym odplewieniem ziaren. Pr\u0119dko\u015b\u0107 strumienia powietrza mo\u017cna zmieni\u0107 odpowiednio dla przetwarzanego gatunku ziarna.<\/p>\n<p>Dost\u0119pne s\u0105 wykonania z wlotem i wylotem o przekroju kwadratowym 180, 250 lub 300 mm, umo\u017cliwiaj\u0105ce pod\u0142\u0105czenie do system\u00f3w kana\u0142\u00f3w RK250 (120-150 ton\/h, Spiro 315). Wentylator mo\u017cna obraca\u0107 o 360\u00b0, co oznacza, \u017ce otw\u00f3r wylotowy mo\u017cna ustawi\u0107 w odpowiednim kierunku bez konieczno\u015bci monta\u017cu \u0142uk\u00f3w rurowych. Py\u0142 i plewy mog\u0105 by\u0107 przenoszone na odleg\u0142o\u015b\u0107 oko\u0142o 25 metr\u00f3w w osi wyrzutu do cyklonu.[\/vc_column_text][\/vc_column][vc_column width=&#8221;1\/3&#8243;][vc_column_text]<strong>CECHY<\/strong><br \/>\n\u2022 Wykonanie ze stali ocynkowanej 2 mm<br \/>\n\u2022 Urz\u0105dzenie wyposa\u017cone w p\u0142yt\u0119 dyfuzora umo\u017cliwiaj\u0105c\u0105 r\u00f3wnomierne rozprowadzanie materia\u0142u<br \/>\n\u2022 Regulowana wydajno\u015b\u0107 ssania<br \/>\n\u2022 Regulacja kierunku wentylatora w zakresie 360\u00b0<br \/>\n\u2022 Niewielka wysoko\u015b\u0107 monta\u017cu<\/p>\n<p><strong>WYPOSA\u017bENIE DODATKOWE<\/strong><br \/>\n\u2022 Obudowa ochronna do monta\u017cu na zewn\u0105trz pomieszcze\u0144<br \/>\n\u2022 Cyklon<br \/>\n\u2022 Zbiornik na py\u0142[\/vc_column_text][\/vc_column][\/vc_row]<\/p>\n<\/div>","protected":false},"excerpt":{"rendered":"<p>DC Remover to niewielkich gabaryt\u00f3w, w pe\u0142ni zintegrowany uk\u0142ad oczyszczania ziarna. Jest wykonany ze stali ocynkowanej i przeznaczony do skutecznego czyszczenia wst\u0119pnego z odpylaniem oraz odplewianiem i usuwaniem l\u017cejszych fragment\u00f3w s\u0142omy.<\/p>\n","protected":false},"featured_media":32886,"comment_status":"open","ping_status":"closed","template":"","meta":{"_acf_changed":false},"product_brand":[],"product_cat":[955,963,968,969],"product_tag":[997,998,974,972],"class_list":{"0":"post-32885","1":"product","2":"type-product","3":"status-publish","4":"has-post-thumbnail","6":"product_cat-all-products-pl","7":"product_cat-grain-pl","8":"product_cat-material-handling-pl","9":"product_cat-dust-separation-pl","10":"product_tag-cleaning-pl","11":"product_tag-dc-remover-pl","12":"product_tag-dust-pl","13":"product_tag-separation-pl","14":"description-off","16":"first","17":"instock","18":"shipping-taxable","19":"product-type-simple"},"acf":[],"_links":{"self":[{"href":"https:\/\/www.tornum.com\/pl\/wp-json\/wp\/v2\/product\/32885","targetHints":{"allow":["GET"]}}],"collection":[{"href":"https:\/\/www.tornum.com\/pl\/wp-json\/wp\/v2\/product"}],"about":[{"href":"https:\/\/www.tornum.com\/pl\/wp-json\/wp\/v2\/types\/product"}],"replies":[{"embeddable":true,"href":"https:\/\/www.tornum.com\/pl\/wp-json\/wp\/v2\/comments?post=32885"}],"version-history":[{"count":2,"href":"https:\/\/www.tornum.com\/pl\/wp-json\/wp\/v2\/product\/32885\/revisions"}],"predecessor-version":[{"id":33638,"href":"https:\/\/www.tornum.com\/pl\/wp-json\/wp\/v2\/product\/32885\/revisions\/33638"}],"wp:featuredmedia":[{"embeddable":true,"href":"https:\/\/www.tornum.com\/pl\/wp-json\/wp\/v2\/media\/32886"}],"wp:attachment":[{"href":"https:\/\/www.tornum.com\/pl\/wp-json\/wp\/v2\/media?parent=32885"}],"wp:term":[{"taxonomy":"product_brand","embeddable":true,"href":"https:\/\/www.tornum.com\/pl\/wp-json\/wp\/v2\/product_brand?post=32885"},{"taxonomy":"product_cat","embeddable":true,"href":"https:\/\/www.tornum.com\/pl\/wp-json\/wp\/v2\/product_cat?post=32885"},{"taxonomy":"product_tag","embeddable":true,"href":"https:\/\/www.tornum.com\/pl\/wp-json\/wp\/v2\/product_tag?post=32885"}],"curies":[{"name":"wp","href":"https:\/\/api.w.org\/{rel}","templated":true}]}}