{"id":32889,"date":"2023-05-04T12:43:42","date_gmt":"2023-05-04T12:43:42","guid":{"rendered":"https:\/\/www.tornum.com\/product\/feed-bin-ft\/"},"modified":"2025-07-30T10:35:50","modified_gmt":"2025-07-30T10:35:50","slug":"zbiornik-na-pasze-ft","status":"publish","type":"product","link":"https:\/\/www.tornum.com\/pl\/produkt\/zbiornik-na-pasze-ft\/","title":{"rendered":"ZBIORNIK NA PASZ\u0118 FT"},"content":{"rendered":"<div class=\"wpb-content-wrapper\"><p>[vc_row gap=&#8221;35&#8243;][vc_column width=&#8221;2\/3&#8243;][vc_column_text]Zbiornika na pasz\u0119 do przechowywania ziarna, koncentrat\u00f3w oraz paszy rozdrobnionej lub zmielonej.<br \/>\nDzi\u0119ki zbiornikowi na pasz\u0119 FT firmy Tornum mo\u017cna miesza\u0107 komercyjne pasze ze sk\u0142adnikami pochodz\u0105cymi z w\u0142asnego gospodarstwa. Zbiornik montowany jest na czterech nogach o przekroju kwadratowym. Mo\u017cna wykona\u0107 zbiornik o niejednej pojemno\u015bci, \u0142\u0105cz\u0105c maksymalnie 6 sekcji zbiornika ze sob\u0105.[\/vc_column_text][\/vc_column][vc_column width=&#8221;1\/3&#8243;][vc_column_text]<strong>CECHY<\/strong><br \/>\n\u2022 Kosz i sekcje wykonane ze stali ocynkowanej ogniowo<br \/>\n\u2022 Wszystkie sekcje zbiornika licz\u0105 505 mm wysoko\u015bci w pionie, zgodnie z systemem modu\u0142owym Tornum<br \/>\n\u2022 Wszystkie cz\u0119\u015bci sk\u0142adowe skr\u0119cane \u0142\u0105cznikami gwintowanymi, co u\u0142atwia monta\u017c i zabudow\u0119<br \/>\n\u2022 Wylot 300 x 300 mm<br \/>\n\u2022 K\u0105t nachylenia nasypu 60\u00b0<br \/>\n\u2022 Mo\u017cliwo\u015b\u0107 rozbudowy pojemno\u015bci od 1 do 6 sekcji<br \/>\n\u2022 Dost\u0119pny w 6. wielko\u015bciach od 1 x 1 metr do 3 x 3 metry<\/p>\n<p><strong>WYPOSA\u017bENIE DODATKOWE<\/strong><br \/>\n\u2022 Otw\u00f3r rewizyjny z kratk\u0105 zabezpieczaj\u0105c\u0105, montowany w pod\u0142odze<br \/>\n\u2022 Zasuwa<br \/>\n\u2022 Rura zasypowa<br \/>\n\u2022 Cyklon[\/vc_column_text][\/vc_column][\/vc_row]<\/p>\n<\/div>","protected":false},"excerpt":{"rendered":"<p>Zbiornik na pasz\u0119 FT firmy Tornum jest przeznaczony do przechowywania ziarna, koncentrat\u00f3w oraz paszy rozdrobnionej lub zmielonej. Jego modu\u0142owa budowa umo\u017cliwia rozbudow\u0119 do 6. sekcji \u0142\u0105cznie.<\/p>\n","protected":false},"featured_media":32891,"comment_status":"open","ping_status":"closed","template":"","meta":{"_acf_changed":false},"product_brand":[],"product_cat":[955,973,962,1000,1016],"product_tag":[987,1005,961,1003],"class_list":{"0":"post-32889","1":"product","2":"type-product","3":"status-publish","4":"has-post-thumbnail","6":"product_cat-all-products-pl","7":"product_cat-feed-pl","8":"product_cat-food-2-pl","9":"product_cat-storage-pl","10":"product_cat-feed-bin-pl","11":"product_tag-bin-pl","12":"product_tag-building-pl","13":"product_tag-silo-pl","14":"product_tag-storage-pl","15":"description-off","17":"first","18":"instock","19":"shipping-taxable","20":"product-type-simple"},"acf":[],"_links":{"self":[{"href":"https:\/\/www.tornum.com\/pl\/wp-json\/wp\/v2\/product\/32889","targetHints":{"allow":["GET"]}}],"collection":[{"href":"https:\/\/www.tornum.com\/pl\/wp-json\/wp\/v2\/product"}],"about":[{"href":"https:\/\/www.tornum.com\/pl\/wp-json\/wp\/v2\/types\/product"}],"replies":[{"embeddable":true,"href":"https:\/\/www.tornum.com\/pl\/wp-json\/wp\/v2\/comments?post=32889"}],"version-history":[{"count":2,"href":"https:\/\/www.tornum.com\/pl\/wp-json\/wp\/v2\/product\/32889\/revisions"}],"predecessor-version":[{"id":33646,"href":"https:\/\/www.tornum.com\/pl\/wp-json\/wp\/v2\/product\/32889\/revisions\/33646"}],"wp:featuredmedia":[{"embeddable":true,"href":"https:\/\/www.tornum.com\/pl\/wp-json\/wp\/v2\/media\/32891"}],"wp:attachment":[{"href":"https:\/\/www.tornum.com\/pl\/wp-json\/wp\/v2\/media?parent=32889"}],"wp:term":[{"taxonomy":"product_brand","embeddable":true,"href":"https:\/\/www.tornum.com\/pl\/wp-json\/wp\/v2\/product_brand?post=32889"},{"taxonomy":"product_cat","embeddable":true,"href":"https:\/\/www.tornum.com\/pl\/wp-json\/wp\/v2\/product_cat?post=32889"},{"taxonomy":"product_tag","embeddable":true,"href":"https:\/\/www.tornum.com\/pl\/wp-json\/wp\/v2\/product_tag?post=32889"}],"curies":[{"name":"wp","href":"https:\/\/api.w.org\/{rel}","templated":true}]}}