{"id":32892,"date":"2023-05-17T12:34:31","date_gmt":"2023-05-17T12:34:31","guid":{"rendered":"https:\/\/www.tornum.com\/product\/dust-container\/"},"modified":"2024-05-24T12:05:29","modified_gmt":"2024-05-24T12:05:29","slug":"zbiornik-na-pyl","status":"publish","type":"product","link":"https:\/\/www.tornum.com\/pl\/produkt\/zbiornik-na-pyl\/","title":{"rendered":"ZBIORNIK NA PY\u0141"},"content":{"rendered":"<div class=\"wpb-content-wrapper\"><p>[vc_row][vc_column width=&#8221;2\/3&#8243;][vc_column_text]Zbiornik na py\u0142 TORNUM s\u0142u\u017cy do odbioru odpad\u00f3w z czyszczalni do ziaren, urz\u0105dze\u0144 do usuwania py\u0142u i plew, czy te\u017c aspirator\u00f3w. Zbiornik mo\u017cna \u0142atwo przenosi\u0107 za pomoc\u0105 \u0142adowarki czo\u0142owej na ci\u0105gniku. Du\u017cy w\u0142az z przodu u\u0142atwia opr\u00f3\u017cnianie i czyszczenie wn\u0119trza zbiornika.[\/vc_column_text][\/vc_column][vc_column width=&#8221;1\/3&#8243;][vc_column_text]<strong>Zaczep dla \u0142adowarki:<\/strong><\/p>\n<ul>\n<li>Euro<\/li>\n<li>Du\u017cy BM<\/li>\n<li>Ma\u0142y BM<\/li>\n<li>Trim<\/li>\n<li>JCB Q-fit<\/li>\n<li>Zettelmeyer<\/li>\n<li>Inne rodzaje zaczep\u00f3w dost\u0119pne s\u0105 na zam\u00f3wienie<\/li>\n<\/ul>\n<p>[\/vc_column_text][\/vc_column][\/vc_row]<\/p>\n<\/div>","protected":false},"excerpt":{"rendered":"<p>Zbiornik na py\u0142 firmy Tornum to ekologiczne rozwi\u0105zanie pozwalaj\u0105ce zagospodarowa\u0107 py\u0142 i odpady zbo\u017cowe odprowadzane z czyszczalni. Wyr\u00f3\u017cnia si\u0119 minimalnymi emisjami, pokryw\u0105 w\u0142azu mocowan\u0105 na szybkoroz\u0142\u0105czne zamki, co usprawnia opr\u00f3\u017cnianie zbiornika, a tak\u017ce zaczepami dla \u0142adowarek.<\/p>\n","protected":false},"featured_media":32897,"comment_status":"open","ping_status":"closed","template":"","meta":{"_acf_changed":false},"product_brand":[],"product_cat":[955,968,969],"product_tag":[997,974,972,1003],"class_list":{"0":"post-32892","1":"product","2":"type-product","3":"status-publish","4":"has-post-thumbnail","6":"product_cat-all-products-pl","7":"product_cat-material-handling-pl","8":"product_cat-dust-separation-pl","9":"product_tag-cleaning-pl","10":"product_tag-dust-pl","11":"product_tag-separation-pl","12":"product_tag-storage-pl","13":"description-off","15":"first","16":"instock","17":"shipping-taxable","18":"product-type-simple"},"acf":[],"_links":{"self":[{"href":"https:\/\/www.tornum.com\/pl\/wp-json\/wp\/v2\/product\/32892","targetHints":{"allow":["GET"]}}],"collection":[{"href":"https:\/\/www.tornum.com\/pl\/wp-json\/wp\/v2\/product"}],"about":[{"href":"https:\/\/www.tornum.com\/pl\/wp-json\/wp\/v2\/types\/product"}],"replies":[{"embeddable":true,"href":"https:\/\/www.tornum.com\/pl\/wp-json\/wp\/v2\/comments?post=32892"}],"version-history":[{"count":2,"href":"https:\/\/www.tornum.com\/pl\/wp-json\/wp\/v2\/product\/32892\/revisions"}],"predecessor-version":[{"id":33642,"href":"https:\/\/www.tornum.com\/pl\/wp-json\/wp\/v2\/product\/32892\/revisions\/33642"}],"wp:featuredmedia":[{"embeddable":true,"href":"https:\/\/www.tornum.com\/pl\/wp-json\/wp\/v2\/media\/32897"}],"wp:attachment":[{"href":"https:\/\/www.tornum.com\/pl\/wp-json\/wp\/v2\/media?parent=32892"}],"wp:term":[{"taxonomy":"product_brand","embeddable":true,"href":"https:\/\/www.tornum.com\/pl\/wp-json\/wp\/v2\/product_brand?post=32892"},{"taxonomy":"product_cat","embeddable":true,"href":"https:\/\/www.tornum.com\/pl\/wp-json\/wp\/v2\/product_cat?post=32892"},{"taxonomy":"product_tag","embeddable":true,"href":"https:\/\/www.tornum.com\/pl\/wp-json\/wp\/v2\/product_tag?post=32892"}],"curies":[{"name":"wp","href":"https:\/\/api.w.org\/{rel}","templated":true}]}}