{"id":32900,"date":"2023-03-23T18:48:14","date_gmt":"2023-03-23T18:48:14","guid":{"rendered":"https:\/\/www.tornum.com\/product\/grain-cooler\/"},"modified":"2026-04-16T09:41:16","modified_gmt":"2026-04-16T09:41:16","slug":"schladzalnik-do-ziarna","status":"publish","type":"product","link":"https:\/\/www.tornum.com\/pl\/produkt\/schladzalnik-do-ziarna\/","title":{"rendered":"CH\u0141ODNICA ZIARNA"},"content":{"rendered":"<div class=\"wpb-content-wrapper\"><p>[vc_row gap=&#8221;35&#8243;][vc_column width=&#8221;2\/3&#8243;][vc_column_text css=&#8221;&#8221;]<\/p>\n<section class=\"text-token-text-primary w-full focus:outline-none [--shadow-height:45px] has-data-writing-block:pointer-events-none has-data-writing-block:-mt-(--shadow-height) has-data-writing-block:pt-(--shadow-height) [&amp;:has([data-writing-block])&gt;*]:pointer-events-auto [content-visibility:auto] supports-[content-visibility:auto]:[contain-intrinsic-size:auto_100lvh] R6Vx5W_threadScrollVars scroll-mb-[calc(var(--scroll-root-safe-area-inset-bottom,0px)+var(--thread-response-height))] scroll-mt-[calc(var(--header-height)+min(200px,max(70px,20svh)))]\" dir=\"auto\" data-turn-id=\"request-WEB:8d179641-749f-4de1-aa1a-04ad80699559-93\" data-testid=\"conversation-turn-188\" data-scroll-anchor=\"false\" data-turn=\"assistant\">\n<div class=\"text-base my-auto mx-auto pb-10 [--thread-content-margin:var(--thread-content-margin-xs,calc(var(--spacing)*4))] @w-sm\/main:[--thread-content-margin:var(--thread-content-margin-sm,calc(var(--spacing)*6))] @w-lg\/main:[--thread-content-margin:var(--thread-content-margin-lg,calc(var(--spacing)*16))] px-(--thread-content-margin)\">\n<div class=\"[--thread-content-max-width:40rem] @w-lg\/main:[--thread-content-max-width:48rem] mx-auto max-w-(--thread-content-max-width) flex-1 group\/turn-messages focus-visible:outline-hidden relative flex w-full min-w-0 flex-col agent-turn\">\n<div class=\"flex max-w-full flex-col gap-4 grow\">\n<div class=\"min-h-8 text-message relative flex w-full flex-col items-end gap-2 text-start break-words whitespace-normal outline-none keyboard-focused:focus-ring [.text-message+&amp;]:mt-1\" dir=\"auto\" tabindex=\"0\" data-message-author-role=\"assistant\" data-message-id=\"10bda91c-c313-4e42-98ab-1d8eb7730591\" data-message-model-slug=\"gpt-5-3-mini\" data-turn-start-message=\"true\">\n<div class=\"flex w-full flex-col gap-1 empty:hidden\">\n<div class=\"markdown prose dark:prose-invert w-full wrap-break-word light markdown-new-styling\">\n<p data-start=\"0\" data-end=\"250\"><strong data-start=\"0\" data-end=\"49\">Elastyczne rozwi\u0105zania dla wszystkich potrzeb<\/strong><br data-start=\"49\" data-end=\"52\" \/>Ch\u0142odnice ziarna Tornum s\u0105 dost\u0119pne w r\u00f3\u017cnych rozmiarach \u2013 od instalacji gospodarstw rolnych po wi\u0119ksze systemy przemys\u0142owe. Urz\u0105dzenia zosta\u0142y zaprojektowane z my\u015bl\u0105 o \u0142atwym monta\u017cu i transporcie.<\/p>\n<p data-start=\"252\" data-end=\"399\"><strong data-start=\"252\" data-end=\"278\">Niezawodna konstrukcja<\/strong><br data-start=\"278\" data-end=\"281\" \/>Aby zapewni\u0107 niezawodn\u0105 i d\u0142ugotrwa\u0142\u0105 prac\u0119, system zosta\u0142 oparty na solidnej, wysokiej jako\u015bci i trwa\u0142ej technologii:<\/p>\n<ul>\n<li data-start=\"401\" data-end=\"707\">Automatyczne odszranianie gor\u0105cym gazem (w przypadku pracy z kompresorem)<\/li>\n<li data-start=\"401\" data-end=\"707\">Solidna i niezawodna technologia spr\u0119\u017carek<\/li>\n<li data-start=\"401\" data-end=\"707\">Przyjazny dla \u015brodowiska czynnik ch\u0142odniczy (R1234ze) o bardzo niskim wsp\u00f3\u0142czynniku GWP<\/li>\n<li data-start=\"401\" data-end=\"707\">\u00a0Wysokiej jako\u015bci komponenty zapewniaj\u0105ce maksymaln\u0105 \u017cywotno\u015b\u0107 i minimaln\u0105 konserwacj\u0119<\/li>\n<\/ul>\n<p data-start=\"709\" data-end=\"937\">Niski wsp\u00f3\u0142czynnik GWP oznacza znacznie mniejszy wp\u0142yw na \u015brodowisko w por\u00f3wnaniu z tradycyjnymi czynnikami ch\u0142odniczymi, co czyni system rozwi\u0105zaniem przysz\u0142o\u015bciowym zar\u00f3wno z punktu widzenia ekologii, jak i regulacji prawnych.<\/p>\n<p data-start=\"939\" data-end=\"1073\">Konstrukcja zosta\u0142a opracowana tak, aby zapewni\u0107 stabiln\u0105 prac\u0119 w d\u0142ugim okresie oraz bezpieczne i zr\u00f3wnowa\u017cone przechowywanie ziarna.<\/p>\n<p data-start=\"1080\" data-end=\"1190\"><strong data-start=\"1080\" data-end=\"1114\">Zaawansowana obr\u00f3bka powietrza<\/strong><br data-start=\"1114\" data-end=\"1117\" \/>Powietrze wykorzystywane w procesie ch\u0142odzenia jest starannie uzdatniane:<\/p>\n<ul>\n<li data-start=\"1192\" data-end=\"1523\">Wydajne wentylatory promieniowe (od\u015brodkowe) zapewniaj\u0105ce r\u00f3wnomierny przep\u0142yw powietrza<\/li>\n<li data-start=\"1192\" data-end=\"1523\">W niekt\u00f3rych modelach opcjonalne wentylatory wysokoci\u015bnieniowe<\/li>\n<li data-start=\"1192\" data-end=\"1523\">Wymiennik ciep\u0142a z miedzianymi rurkami i aluminiowymi lamelami<\/li>\n<li data-start=\"1192\" data-end=\"1523\">Zintegrowane osuszanie poprzez kondensacj\u0119<\/li>\n<li data-start=\"1192\" data-end=\"1523\">Filtry zmywalne, kt\u00f3re zazwyczaj nie wymagaj\u0105 wymiany<\/li>\n<\/ul>\n<p data-start=\"1525\" data-end=\"1633\">Sch\u0142odzone powietrze jest rozprowadzane przez mas\u0119 ziarna w silosie lub magazynie za pomoc\u0105 systemu kana\u0142\u00f3w.<\/p>\n<p data-start=\"1640\" data-end=\"1736\"><strong data-start=\"1640\" data-end=\"1674\">Pe\u0142na kontrola i monitorowanie<\/strong><br data-start=\"1674\" data-end=\"1677\" \/>System wyposa\u017cony jest w nowoczesn\u0105 technologi\u0119 sterowania:<\/p>\n<ul>\n<li data-start=\"1738\" data-end=\"1959\">Sterowanie PLC (Siemens w modelach CHARLY, Allen-Bradley w modelach TURBOGRAIN)<\/li>\n<li data-start=\"1738\" data-end=\"1959\">Przyjazny dla u\u017cytkownika panel dotykowy<\/li>\n<li data-start=\"1738\" data-end=\"1959\">Wentylatory sterowane falownikiem<\/li>\n<li data-start=\"1738\" data-end=\"1959\">Opcja zdalnego sterowania przez Ethernet lub Wi-Fi<\/li>\n<\/ul>\n<p data-start=\"1961\" data-end=\"2010\">Dane eksploatacyjne s\u0105 stale rejestrowane, w tym:<\/p>\n<ul>\n<li data-start=\"2012\" data-end=\"2098\">Temperatura i wilgotno\u015b\u0107<\/li>\n<li data-start=\"2012\" data-end=\"2098\">Ci\u015bnienie systemu<\/li>\n<li data-start=\"2012\" data-end=\"2098\">Czas pracy i cykle odszraniania<\/li>\n<\/ul>\n<p data-start=\"2105\" data-end=\"2370\"><strong data-start=\"2105\" data-end=\"2158\">Oparte na do\u015bwiadczeniu i sprawdzonej technologii<\/strong><br data-start=\"2158\" data-end=\"2161\" \/>Firma Tornum posiada wieloletnie do\u015bwiadczenie w rozwi\u0105zaniach do obs\u0142ugi i przechowywania ziarna. \u0141\u0105cz\u0105c wiedz\u0119 techniczn\u0105 z praktycznym zrozumieniem potrzeb rolnictwa, dostarcza niezawodne i wydajne systemy.<\/p>\n<p data-start=\"2372\" data-end=\"2534\">Efektem jest rozwi\u0105zanie zaprojektowane do pracy w rzeczywistych warunkach magazynowych \u2013 z naciskiem na niezawodno\u015b\u0107, efektywno\u015b\u0107 energetyczn\u0105 i \u0142atwo\u015b\u0107 obs\u0142ugi.<\/p>\n<p data-start=\"2541\" data-end=\"2713\"><strong data-start=\"2541\" data-end=\"2581\">Inteligentna i zautomatyzowana praca<\/strong><br data-start=\"2581\" data-end=\"2584\" \/>Ch\u0142odnica ziarna Tornum monitoruje i kontroluje proces ch\u0142odzenia za pomoc\u0105 zaawansowanego systemu czujnik\u00f3w, kt\u00f3ry stale mierzy:<\/p>\n<ul>\n<li data-start=\"2715\" data-end=\"2901\">Temperatur\u0119 i wilgotno\u015b\u0107 powietrza zewn\u0119trznego<\/li>\n<li data-start=\"2715\" data-end=\"2901\">Temperatur\u0119 powietrza uzdatnionego<\/li>\n<li data-start=\"2715\" data-end=\"2901\">Ci\u015bnienie i temperatur\u0119 w systemie ch\u0142odzenia<\/li>\n<li data-start=\"2715\" data-end=\"2901\">Przep\u0142yw powietrza do silosu lub magazynu<\/li>\n<\/ul>\n<p data-start=\"2903\" data-end=\"3028\">System automatycznie dostosowuje prac\u0119 i stopniowo ch\u0142odzi ziarno, zapewniaj\u0105c r\u00f3wnomierne i delikatne obni\u017canie temperatury.<\/p>\n<p data-start=\"3035\" data-end=\"3137\"><strong data-start=\"3035\" data-end=\"3066\">Technologia energooszcz\u0119dna<\/strong><br data-start=\"3066\" data-end=\"3069\" \/>System zosta\u0142 zaprojektowany tak, aby minimalizowa\u0107 zu\u017cycie energii:<\/p>\n<ul>\n<li data-start=\"3139\" data-end=\"3410\">Free Cooling: wykorzystanie ch\u0142odnych warunk\u00f3w zewn\u0119trznych bez pracy spr\u0119\u017carki<\/li>\n<li data-start=\"3139\" data-end=\"3410\">Funkcja oszcz\u0119dzania energii: spr\u0119\u017carka automatycznie wy\u0142\u0105cza si\u0119, gdy warunki na to pozwalaj\u0105<\/li>\n<li data-start=\"3139\" data-end=\"3410\">Tryb wentylacji: inteligentny system wentylacji oparty na temperaturze i wilgotno\u015bci<\/li>\n<\/ul>\n<p data-start=\"3417\" data-end=\"3667\" data-is-last-node=\"\" data-is-only-node=\"\"><strong data-start=\"3417\" data-end=\"3466\">Elastyczne rozwi\u0105zania dla wszystkich potrzeb<\/strong><br data-start=\"3466\" data-end=\"3469\" \/>Ch\u0142odnice ziarna Tornum s\u0105 dost\u0119pne w r\u00f3\u017cnych rozmiarach \u2013 od instalacji gospodarstw rolnych po wi\u0119ksze systemy przemys\u0142owe. Urz\u0105dzenia zosta\u0142y zaprojektowane z my\u015bl\u0105 o \u0142atwym monta\u017cu i transporcie.<\/p>\n<\/div>\n<\/div>\n<\/div>\n<\/div>\n<div class=\"z-0 flex min-h-[46px] justify-start\"><\/div>\n<\/div>\n<\/div>\n<\/section>\n<div class=\"pointer-events-none -mt-px h-px translate-y-[calc(var(--scroll-root-safe-area-inset-bottom)-14*var(--spacing))]\" aria-hidden=\"true\"><\/div>\n<p>[\/vc_column_text][\/vc_column][vc_column width=&#8221;1\/3&#8243;][vc_column_text css=&#8221;&#8221;]<\/p>\n<p data-start=\"0\" data-end=\"336\"><strong data-start=\"0\" data-end=\"57\">Dostosowana praca do zmiennych warunk\u00f3w klimatycznych<\/strong><br data-start=\"57\" data-end=\"60\" \/>System zosta\u0142 zaprojektowany tak, aby dzia\u0142a\u0142 efektywnie w zmiennych warunkach klimatycznych. Przy ni\u017cszych temperaturach zewn\u0119trznych pracuje bez spr\u0119\u017carki, wykorzystuj\u0105c powietrze otoczenia do ch\u0142odzenia w po\u0142\u0105czeniu z wentylatorami (oraz opcjonalnie z grza\u0142k\u0105 elektryczn\u0105).<\/p>\n<p data-start=\"338\" data-end=\"387\"><strong data-start=\"338\" data-end=\"387\">Dlaczego warto wybra\u0107 ch\u0142odnic\u0119 ziarna Tornum<\/strong><\/p>\n<ul>\n<li data-start=\"389\" data-end=\"637\">Zmniejsza potrzeb\u0119 chemicznego zwalczania owad\u00f3w<\/li>\n<li data-start=\"389\" data-end=\"637\">Zachowuje jako\u015b\u0107 ziarna i wyd\u0142u\u017ca okres przechowywania<\/li>\n<li data-start=\"389\" data-end=\"637\">W odpowiednich warunkach mo\u017ce pom\u00f3c obni\u017cy\u0107 wilgotno\u015b\u0107<\/li>\n<li data-start=\"389\" data-end=\"637\">Niskie zu\u017cycie energii<\/li>\n<li data-start=\"389\" data-end=\"637\">Prosta instalacja<\/li>\n<li data-start=\"389\" data-end=\"637\">W pe\u0142ni automatyczna praca<\/li>\n<\/ul>\n<p>[\/vc_column_text][\/vc_column][\/vc_row]<\/p>\n<\/div>","protected":false},"excerpt":{"rendered":"<p>Ch\u0142odnica ziarna Tornum zapewnia to, czego natura nie zawsze jest w stanie dostarczy\u0107 \u2013 bezpieczn\u0105 temperatur\u0119 przechowywania niezale\u017cnie od warunk\u00f3w otoczenia.<\/p>\n<p>Tornum ma bardzo du\u017ce do\u015bwiadczenie w pracy z ch\u0142odnicami ziarna oraz w zakresie jako\u015bci ziarna. Oferujemy szeroki wyb\u00f3r r\u00f3\u017cnych rozwi\u0105za\u0144 ch\u0142odniczych dostosowanych do Twoich potrzeb. Wszystkie urz\u0105dzenia ch\u0142odnicze s\u0105 mobilne, dzi\u0119ki czemu mo\u017cna je \u0142atwo przenosi\u0107 mi\u0119dzy r\u00f3\u017cnymi silosami. Skontaktuj si\u0119 z lokalnym biurem Tornum, a ch\u0119tnie opowiemy wi\u0119cej.<\/p>\n","protected":false},"featured_media":32904,"comment_status":"open","ping_status":"closed","template":"","meta":{"_acf_changed":false},"product_brand":[],"product_cat":[955,963,956,1017],"product_tag":[970,959,1018,1019],"class_list":{"0":"post-32900","1":"product","2":"type-product","3":"status-publish","4":"has-post-thumbnail","6":"product_cat-all-products-pl","7":"product_cat-grain-pl","8":"product_cat-conditioning-pl","9":"product_cat-grain-cooler-pl","10":"product_tag-conditioning-pl","11":"product_tag-conditioning-laterals-pl","12":"product_tag-cooling-pl","13":"product_tag-cooling-machine-pl","14":"pa_products-type-all-products-pl","15":"pa_products-type-grain-pl","17":"first","18":"instock","19":"shipping-taxable","20":"product-type-simple"},"acf":[],"_links":{"self":[{"href":"https:\/\/www.tornum.com\/pl\/wp-json\/wp\/v2\/product\/32900","targetHints":{"allow":["GET"]}}],"collection":[{"href":"https:\/\/www.tornum.com\/pl\/wp-json\/wp\/v2\/product"}],"about":[{"href":"https:\/\/www.tornum.com\/pl\/wp-json\/wp\/v2\/types\/product"}],"replies":[{"embeddable":true,"href":"https:\/\/www.tornum.com\/pl\/wp-json\/wp\/v2\/comments?post=32900"}],"version-history":[{"count":7,"href":"https:\/\/www.tornum.com\/pl\/wp-json\/wp\/v2\/product\/32900\/revisions"}],"predecessor-version":[{"id":53997,"href":"https:\/\/www.tornum.com\/pl\/wp-json\/wp\/v2\/product\/32900\/revisions\/53997"}],"wp:featuredmedia":[{"embeddable":true,"href":"https:\/\/www.tornum.com\/pl\/wp-json\/wp\/v2\/media\/32904"}],"wp:attachment":[{"href":"https:\/\/www.tornum.com\/pl\/wp-json\/wp\/v2\/media?parent=32900"}],"wp:term":[{"taxonomy":"product_brand","embeddable":true,"href":"https:\/\/www.tornum.com\/pl\/wp-json\/wp\/v2\/product_brand?post=32900"},{"taxonomy":"product_cat","embeddable":true,"href":"https:\/\/www.tornum.com\/pl\/wp-json\/wp\/v2\/product_cat?post=32900"},{"taxonomy":"product_tag","embeddable":true,"href":"https:\/\/www.tornum.com\/pl\/wp-json\/wp\/v2\/product_tag?post=32900"}],"curies":[{"name":"wp","href":"https:\/\/api.w.org\/{rel}","templated":true}]}}