{"id":32905,"date":"2023-05-04T09:45:07","date_gmt":"2023-05-04T09:45:07","guid":{"rendered":"https:\/\/www.tornum.com\/product\/grain-dryer-te\/"},"modified":"2025-07-11T09:30:40","modified_gmt":"2025-07-11T09:30:40","slug":"suszarnia-do-ziarna-te","status":"publish","type":"product","link":"https:\/\/www.tornum.com\/pl\/produkt\/suszarnia-do-ziarna-te\/","title":{"rendered":"SUSZARNIA DO ZIARNA TE"},"content":{"rendered":"<div class=\"wpb-content-wrapper\"><p>[vc_row][vc_column width=&#8221;2\/3&#8243;][vc_column_text]Suszarnia porcjowa TE firmy Tornum to przyst\u0119pna cenowo, niewielka suszarnia do ziarna na gor\u0105ce powietrze, kt\u00f3r\u0105 mo\u017cna dostosowa\u0107 do r\u00f3\u017cnych potrzeb. Suszarnia do ziarna ma dno samowy\u0142adowcze, pe\u0142ni\u0105ce rol\u0119 strefy suszenia, wraz z kana\u0142ami poprzecznymi powietrza osuszaj\u0105cego i zasuw\u0105 wylotow\u0105. Dzi\u0119ki temu wyr\u00f3\u017cnia si\u0119 ekonomiczn\u0105 wydajno\u015bci\u0105 suszenia ziarna. Wszystkie nasze suszarnie do ziarna s\u0105 wykonane ze stali ocynkowanej ogniowo.[\/vc_column_text][\/vc_column][vc_column width=&#8221;1\/3&#8243;][vc_column_text]<strong>KOMPLETACJA<\/strong><br \/>\n\u2022 Kana\u0142 przep\u0142ywu gor\u0105cego powietrza<br \/>\n\u2022 Strefa buforowa<\/p>\n<p><strong>WYPOSA\u017bENIE DODATKOWE<\/strong><br \/>\n\u2022 Drabiny i pomosty<br \/>\n\u2022 Wziernik umo\u017cliwiaj\u0105cy kontrol\u0119 z zewn\u0105trz<br \/>\n\u2022 Powi\u0119kszenie strefy buforowej<br \/>\n\u2022 Sterowanie na podstawie wilgotno\u015bci lub temperatury<br \/>\n\u2022 Kana\u0142 przep\u0142ywu powietrza wilgotnego<br \/>\n\u2022 Wska\u017anik poziomu<br \/>\n\u2022 System wykrywania po\u017caru[\/vc_column_text][\/vc_column][\/vc_row]<\/p>\n<\/div>","protected":false},"excerpt":{"rendered":"<p>Suszarnia porcjowa TE firmy Tornum to wszechstronna i ekonomiczna suszarnia do ziarna na gor\u0105ce powietrze, zaprojektowana z my\u015bl\u0105 o r\u00f3\u017cnych potrzebach. Wyposa\u017cona jest w dno samowy\u0142adowcze, pe\u0142ni\u0105ce rol\u0119 strefy suszenia, wraz z kana\u0142ami poprzecznymi powietrza osuszaj\u0105cego i zasuw\u0105 wylotow\u0105. Elementy te odpowiadaj\u0105 za wydajno\u015b\u0107 suszenia ziarna. Wszystkie nasze suszarnie do ziarna s\u0105 wykonane ze stali ocynkowanej ogniowo.<\/p>\n","protected":false},"featured_media":32907,"comment_status":"open","ping_status":"closed","template":"","meta":{"_acf_changed":false},"product_brand":[],"product_cat":[955,962,963,956,983],"product_tag":[965,966,1015,989],"class_list":{"0":"post-32905","1":"product","2":"type-product","3":"status-publish","4":"has-post-thumbnail","6":"product_cat-all-products-pl","7":"product_cat-food-2-pl","8":"product_cat-grain-pl","9":"product_cat-conditioning-pl","10":"product_cat-grain-dryers-pl","11":"product_tag-burner-pl","12":"product_tag-dryer-pl","13":"product_tag-dryer-ts-pl","14":"product_tag-transport-pl","15":"description-off","17":"first","18":"instock","19":"shipping-taxable","20":"product-type-simple"},"acf":[],"_links":{"self":[{"href":"https:\/\/www.tornum.com\/pl\/wp-json\/wp\/v2\/product\/32905","targetHints":{"allow":["GET"]}}],"collection":[{"href":"https:\/\/www.tornum.com\/pl\/wp-json\/wp\/v2\/product"}],"about":[{"href":"https:\/\/www.tornum.com\/pl\/wp-json\/wp\/v2\/types\/product"}],"replies":[{"embeddable":true,"href":"https:\/\/www.tornum.com\/pl\/wp-json\/wp\/v2\/comments?post=32905"}],"version-history":[{"count":2,"href":"https:\/\/www.tornum.com\/pl\/wp-json\/wp\/v2\/product\/32905\/revisions"}],"predecessor-version":[{"id":33654,"href":"https:\/\/www.tornum.com\/pl\/wp-json\/wp\/v2\/product\/32905\/revisions\/33654"}],"wp:featuredmedia":[{"embeddable":true,"href":"https:\/\/www.tornum.com\/pl\/wp-json\/wp\/v2\/media\/32907"}],"wp:attachment":[{"href":"https:\/\/www.tornum.com\/pl\/wp-json\/wp\/v2\/media?parent=32905"}],"wp:term":[{"taxonomy":"product_brand","embeddable":true,"href":"https:\/\/www.tornum.com\/pl\/wp-json\/wp\/v2\/product_brand?post=32905"},{"taxonomy":"product_cat","embeddable":true,"href":"https:\/\/www.tornum.com\/pl\/wp-json\/wp\/v2\/product_cat?post=32905"},{"taxonomy":"product_tag","embeddable":true,"href":"https:\/\/www.tornum.com\/pl\/wp-json\/wp\/v2\/product_tag?post=32905"}],"curies":[{"name":"wp","href":"https:\/\/api.w.org\/{rel}","templated":true}]}}