{"id":32908,"date":"2023-05-04T11:13:10","date_gmt":"2023-05-04T11:13:10","guid":{"rendered":"https:\/\/www.tornum.com\/product\/grain-storage-silos\/"},"modified":"2025-07-30T10:45:07","modified_gmt":"2025-07-30T10:45:07","slug":"silosy-magazynowe","status":"publish","type":"product","link":"https:\/\/www.tornum.com\/pl\/produkt\/silosy-magazynowe\/","title":{"rendered":"SILOSY MAGAZYNOWE"},"content":{"rendered":"<div class=\"wpb-content-wrapper\"><p>[vc_row][vc_column width=&#8221;2\/3&#8243;][vc_column_text]Silosy magazynowe firmy Tornum s\u0105 przeznaczone do ko\u0144cowego przechowywania ziaren sypkich zb\u00f3\u017c wszelkiego gatunku. Segmenty dachu wykonane z wysokiej jako\u015bci stali o du\u017cej wytrzyma\u0142o\u015bci na rozci\u0105ganie, s\u0105 \u017cebrowane, tworz\u0105c wyj\u0105tkowo wytrzyma\u0142\u0105, modu\u0142ow\u0105 konstrukcj\u0119 dachu silosu. Ocynkowane blachy poszycia bocznego maj\u0105 0,8-3,5 mm grubo\u015bci przy gramaturze si\u0119gaj\u0105cej 600 g\/m\u00b2. Nasze silosy magazynowe projektowane s\u0105 zgodnie z normami Eurokodu lub \u2013 odpowiednio \u2013 normami ASAE\/ANSI. Mo\u017cemy wedle wymaga\u0144 zamawiaj\u0105cego wykona\u0107 silosy w wersji o zwi\u0119kszonej odporno\u015bci sejsmicznej, a tak\u017ce o podwy\u017cszonej odporno\u015bci na obci\u0105\u017cenie \u015bniegiem lub wiatrem.<\/p>\n<p>Oferujemy pe\u0142n\u0105 gam\u0119 akcesori\u00f3w, w tym drzwi boczne, pomosty,\u00a0<a href=\"https:\/\/www.tornum.com\/product\/ladders-and-platforms\/\">podesty<\/a>, maszty no\u015bne, systemy wentylacji oraz uk\u0142ady pomiaru temperatury, a tak\u017ce urz\u0105dzenia do prze\u0142adunku i transportu zmechanizowanego.[\/vc_column_text][\/vc_column][vc_column width=&#8221;1\/3&#8243;][\/vc_column][\/vc_row]<\/p>\n<\/div>","protected":false},"excerpt":{"rendered":"<p>Silosy magazynowe firmy Tornum s\u0105 przeznaczone do ko\u0144cowego przechowywania ziaren sypkich zb\u00f3\u017c wszelkiego gatunku. Segmenty dachu wykonane z wysokiej jako\u015bci stali o du\u017cej wytrzyma\u0142o\u015bci na rozci\u0105ganie, s\u0105 \u017cebrowane, tworz\u0105c wyj\u0105tkowo wytrzyma\u0142\u0105, modu\u0142ow\u0105 konstrukcj\u0119 dachu silosu.<\/p>\n","protected":false},"featured_media":32912,"comment_status":"open","ping_status":"closed","template":"","meta":{"_acf_changed":false},"product_brand":[],"product_cat":[955,963,1000,1020],"product_tag":[987,978,961,1003],"class_list":{"0":"post-32908","1":"product","2":"type-product","3":"status-publish","4":"has-post-thumbnail","6":"product_cat-all-products-pl","7":"product_cat-grain-pl","8":"product_cat-storage-pl","9":"product_cat-grain-storage-silos-pl","10":"product_tag-bin-pl","11":"product_tag-monitoring-pl","12":"product_tag-silo-pl","13":"product_tag-storage-pl","14":"description-off","16":"first","17":"instock","18":"shipping-taxable","19":"product-type-simple"},"acf":[],"_links":{"self":[{"href":"https:\/\/www.tornum.com\/pl\/wp-json\/wp\/v2\/product\/32908","targetHints":{"allow":["GET"]}}],"collection":[{"href":"https:\/\/www.tornum.com\/pl\/wp-json\/wp\/v2\/product"}],"about":[{"href":"https:\/\/www.tornum.com\/pl\/wp-json\/wp\/v2\/types\/product"}],"replies":[{"embeddable":true,"href":"https:\/\/www.tornum.com\/pl\/wp-json\/wp\/v2\/comments?post=32908"}],"version-history":[{"count":3,"href":"https:\/\/www.tornum.com\/pl\/wp-json\/wp\/v2\/product\/32908\/revisions"}],"predecessor-version":[{"id":33661,"href":"https:\/\/www.tornum.com\/pl\/wp-json\/wp\/v2\/product\/32908\/revisions\/33661"}],"wp:featuredmedia":[{"embeddable":true,"href":"https:\/\/www.tornum.com\/pl\/wp-json\/wp\/v2\/media\/32912"}],"wp:attachment":[{"href":"https:\/\/www.tornum.com\/pl\/wp-json\/wp\/v2\/media?parent=32908"}],"wp:term":[{"taxonomy":"product_brand","embeddable":true,"href":"https:\/\/www.tornum.com\/pl\/wp-json\/wp\/v2\/product_brand?post=32908"},{"taxonomy":"product_cat","embeddable":true,"href":"https:\/\/www.tornum.com\/pl\/wp-json\/wp\/v2\/product_cat?post=32908"},{"taxonomy":"product_tag","embeddable":true,"href":"https:\/\/www.tornum.com\/pl\/wp-json\/wp\/v2\/product_tag?post=32908"}],"curies":[{"name":"wp","href":"https:\/\/api.w.org\/{rel}","templated":true}]}}