{"id":32968,"date":"2023-05-14T20:23:45","date_gmt":"2023-05-14T20:23:45","guid":{"rendered":"https:\/\/www.tornum.com\/product\/belt-conveyor-jema\/"},"modified":"2025-07-30T07:21:37","modified_gmt":"2025-07-30T07:21:37","slug":"przenosnik-tasmowy-jema","status":"publish","type":"product","link":"https:\/\/www.tornum.com\/pl\/produkt\/przenosnik-tasmowy-jema\/","title":{"rendered":"PRZENO\u015aNIK TA\u015aMOWY JEMA"},"content":{"rendered":"<div class=\"wpb-content-wrapper\"><p>[vc_row][vc_column width=&#8221;2\/3&#8243;][vc_column_text]Tornum oferuje przeno\u015bniki ta\u015bmowe przeznaczone g\u0142\u00f3wnie do u\u017cytku w zak\u0142adach zbo\u017cowych i przetw\u00f3rstwa ro\u015blin oleistych.<br \/>\nS\u0105 to urz\u0105dzenia modu\u0142owe, wykonane ze stali ocynkowanej ogniowo. Rolki ta\u015bmy przeno\u015bnika u\u0142o\u017cone s\u0105 pod k\u0105tem i ta\u015bma tworzy nieck\u0119, co umo\u017cliwia bezpieczny i energooszcz\u0119dny transport materia\u0142u.<\/p>\n<p>Przeno\u015bniki ta\u015bmowe produkcji Tornum s\u0105 dost\u0119pne w wersjach d\u0142ugo\u015bci si\u0119gaj\u0105cej 100 metr\u00f3w i przepustowo\u015bci od 60 do 300 ton\/h. S\u0105 one dost\u0119pne w wersji rewersyjnej (dwukierunkowej) i\/lub sko\u015bnej. Ta\u015bmy olejoodporne s\u0105 elementem wyposa\u017cenia standardowego.[\/vc_column_text][\/vc_column][vc_column width=&#8221;1\/3&#8243;][vc_column_text]<strong>WYPOSA\u017bENIE DODATKOWE<\/strong><br \/>\n\u2022 W\u00f3zek wywrotny na wylocie przeno\u015bnika z wbudowanym rozdzielaczem i nap\u0119dem r\u0119cznym lub mechanicznym<br \/>\n\u2022 Obudowa ochronna dla przeno\u015bnika montowanego na zewn\u0105trz pomieszcze\u0144<br \/>\n\u2022 Dost\u0119pnych jest kilka wariant\u00f3w lej\u00f3w wlotowych i wylotowych[\/vc_column_text][\/vc_column][\/vc_row]<\/p>\n<\/div>","protected":false},"excerpt":{"rendered":"<div class=\"flex flex-grow flex-col gap-3 max-w-full\">\n<div class=\"min-h-[20px] flex flex-col items-start gap-3 overflow-x-auto whitespace-pre-wrap break-words\">\n<div class=\"markdown prose w-full break-words dark:prose-invert light\">\n<p>Tornum oferuje modu\u0142owe przeno\u015bniki ta\u015bmowe wykonane ze stali ocynkowanej ogniowo, przeznaczone g\u0142\u00f3wnie do u\u017cytku w zak\u0142adach zbo\u017cowych i przetw\u00f3rstwa ro\u015blin oleistych. S\u0105 to przeno\u015bniki ta\u015bmowe nieckowe \u2013 umo\u017cliwiaj\u0105 bezpieczny i energooszcz\u0119dny transport materia\u0142u dzi\u0119ki sko\u015bnym rolkom pod ta\u015bmami. Ich dob\u00f3r jest elastyczny \u2013 s\u0105 dost\u0119pne w wykonaniach o d\u0142ugo\u015bci nawet 100 metr\u00f3w<br \/>\ni przepustowo\u015bci od 60 do 300 ton\/h.<\/p>\n<\/div>\n<\/div>\n<\/div>\n","protected":false},"featured_media":32969,"comment_status":"open","ping_status":"closed","template":"","meta":{"_acf_changed":false},"product_brand":[],"product_cat":[955,973,962,963,968,986],"product_tag":[987,988,966,989],"class_list":{"0":"post-32968","1":"product","2":"type-product","3":"status-publish","4":"has-post-thumbnail","6":"product_cat-all-products-pl","7":"product_cat-feed-pl","8":"product_cat-food-2-pl","9":"product_cat-grain-pl","10":"product_cat-material-handling-pl","11":"product_cat-belt-conveyors-pl","12":"product_tag-bin-pl","13":"product_tag-conveyor-pl","14":"product_tag-dryer-pl","15":"product_tag-transport-pl","16":"description-off","18":"first","19":"instock","20":"shipping-taxable","21":"product-type-simple"},"acf":[],"_links":{"self":[{"href":"https:\/\/www.tornum.com\/pl\/wp-json\/wp\/v2\/product\/32968","targetHints":{"allow":["GET"]}}],"collection":[{"href":"https:\/\/www.tornum.com\/pl\/wp-json\/wp\/v2\/product"}],"about":[{"href":"https:\/\/www.tornum.com\/pl\/wp-json\/wp\/v2\/types\/product"}],"replies":[{"embeddable":true,"href":"https:\/\/www.tornum.com\/pl\/wp-json\/wp\/v2\/comments?post=32968"}],"version-history":[{"count":2,"href":"https:\/\/www.tornum.com\/pl\/wp-json\/wp\/v2\/product\/32968\/revisions"}],"predecessor-version":[{"id":32975,"href":"https:\/\/www.tornum.com\/pl\/wp-json\/wp\/v2\/product\/32968\/revisions\/32975"}],"wp:featuredmedia":[{"embeddable":true,"href":"https:\/\/www.tornum.com\/pl\/wp-json\/wp\/v2\/media\/32969"}],"wp:attachment":[{"href":"https:\/\/www.tornum.com\/pl\/wp-json\/wp\/v2\/media?parent=32968"}],"wp:term":[{"taxonomy":"product_brand","embeddable":true,"href":"https:\/\/www.tornum.com\/pl\/wp-json\/wp\/v2\/product_brand?post=32968"},{"taxonomy":"product_cat","embeddable":true,"href":"https:\/\/www.tornum.com\/pl\/wp-json\/wp\/v2\/product_cat?post=32968"},{"taxonomy":"product_tag","embeddable":true,"href":"https:\/\/www.tornum.com\/pl\/wp-json\/wp\/v2\/product_tag?post=32968"}],"curies":[{"name":"wp","href":"https:\/\/api.w.org\/{rel}","templated":true}]}}