{"id":33695,"date":"2023-05-14T19:58:48","date_gmt":"2023-05-14T19:58:48","guid":{"rendered":"https:\/\/www.tornum.com\/product\/h-line-elevators\/"},"modified":"2025-07-31T09:46:02","modified_gmt":"2025-07-31T09:46:02","slug":"podnosniki-linii-h","status":"publish","type":"product","link":"https:\/\/www.tornum.com\/pl\/produkt\/podnosniki-linii-h\/","title":{"rendered":"PODNO\u015aNIKI LINII \u201eH\u201d"},"content":{"rendered":"<p>Jest to asortyment urz\u0105dze\u0144 przeznaczonych do zastosowa\u0144 przemys\u0142owych i komercyjnych w re\u017cimie codziennej pracy ci\u0105g\u0142ej. Dost\u0119pny zakres przepustowo\u015bci transportu ziaren pszenicy si\u0119ga od 60 do 600 ton na godzin\u0119. Pe\u0142na oferta urz\u0105dze\u0144 obejmuje przeno\u015bniki pionowe, poziome, \u0142ukowe i sko\u015bne \u2013 znale\u017a\u0107 tu mo\u017cna przeno\u015bniki odpowiadaj\u0105ce ka\u017cdemu kierunkowi obiegu ziarna w instalacji. Oferujemy pe\u0142n\u0105 gam\u0119 akcesori\u00f3w: w tym zasuwy elektryczne i pneumatyczne, czujniki bezpiecze\u0144stwa, czujniki pr\u0119dko\u015bci, specjalne ta\u015bmy olejoodporne do ro\u015blin oleistych \u2013 i wiele innych. Mo\u017cemy dostarczy\u0107 przeno\u015bniki przygotowane wed\u0142ug specjalnych wymaga\u0144 klienta wobec pr\u0119dko\u015bci ruchu \u0142a\u0144cucha lub ta\u015bmy.<\/p>\n","protected":false},"excerpt":{"rendered":"<div class=\"elementor-element elementor-element-2952415 elementor-widget elementor-widget-woocommerce-product-short-description\" data-id=\"2952415\" data-element_type=\"widget\" data-widget_type=\"woocommerce-product-short-description.default\">\n<div class=\"elementor-widget-container\">\n<div class=\"woocommerce-product-details__short-description\">\n<p>H-Line is our product line for daily use, continual operations and year-round production. H-LINE is developed to fulfil the stringent requirements of the grain industry.<\/p>\n<p>Przepustowo\u015b\u0107: 60-600 ton na godzin\u0119<\/p>\n<\/div>\n<\/div>\n<\/div>\n","protected":false},"featured_media":32917,"comment_status":"open","ping_status":"closed","template":"","meta":{"_acf_changed":false},"product_brand":[],"product_cat":[955,973,962,963,968,1021],"product_tag":[988,998,994,989],"class_list":{"0":"post-33695","1":"product","2":"type-product","3":"status-publish","4":"has-post-thumbnail","6":"product_cat-all-products-pl","7":"product_cat-feed-pl","8":"product_cat-food-2-pl","9":"product_cat-grain-pl","10":"product_cat-material-handling-pl","11":"product_cat-elevators-pl","12":"product_tag-conveyor-pl","13":"product_tag-dc-remover-pl","14":"product_tag-elevator-pl","15":"product_tag-transport-pl","16":"description-off","18":"first","19":"instock","20":"shipping-taxable","21":"product-type-simple"},"acf":[],"_links":{"self":[{"href":"https:\/\/www.tornum.com\/pl\/wp-json\/wp\/v2\/product\/33695","targetHints":{"allow":["GET"]}}],"collection":[{"href":"https:\/\/www.tornum.com\/pl\/wp-json\/wp\/v2\/product"}],"about":[{"href":"https:\/\/www.tornum.com\/pl\/wp-json\/wp\/v2\/types\/product"}],"replies":[{"embeddable":true,"href":"https:\/\/www.tornum.com\/pl\/wp-json\/wp\/v2\/comments?post=33695"}],"version-history":[{"count":2,"href":"https:\/\/www.tornum.com\/pl\/wp-json\/wp\/v2\/product\/33695\/revisions"}],"predecessor-version":[{"id":33739,"href":"https:\/\/www.tornum.com\/pl\/wp-json\/wp\/v2\/product\/33695\/revisions\/33739"}],"wp:featuredmedia":[{"embeddable":true,"href":"https:\/\/www.tornum.com\/pl\/wp-json\/wp\/v2\/media\/32917"}],"wp:attachment":[{"href":"https:\/\/www.tornum.com\/pl\/wp-json\/wp\/v2\/media?parent=33695"}],"wp:term":[{"taxonomy":"product_brand","embeddable":true,"href":"https:\/\/www.tornum.com\/pl\/wp-json\/wp\/v2\/product_brand?post=33695"},{"taxonomy":"product_cat","embeddable":true,"href":"https:\/\/www.tornum.com\/pl\/wp-json\/wp\/v2\/product_cat?post=33695"},{"taxonomy":"product_tag","embeddable":true,"href":"https:\/\/www.tornum.com\/pl\/wp-json\/wp\/v2\/product_tag?post=33695"}],"curies":[{"name":"wp","href":"https:\/\/api.w.org\/{rel}","templated":true}]}}