{"id":33699,"date":"2023-05-04T09:49:40","date_gmt":"2023-05-04T09:49:40","guid":{"rendered":"https:\/\/www.tornum.com\/product\/heat-recovery-dryer-hrc\/"},"modified":"2025-07-30T11:27:47","modified_gmt":"2025-07-30T11:27:47","slug":"suszarnia-z-odzyskiem-ciepla-hrc","status":"publish","type":"product","link":"https:\/\/www.tornum.com\/pl\/produkt\/suszarnia-z-odzyskiem-ciepla-hrc\/","title":{"rendered":"SUSZARNIA Z ODZYSKIEM CIEP\u0141A HRC"},"content":{"rendered":"<div class=\"wpb-content-wrapper\"><p>[vc_row gap=&#8221;35&#8243;][vc_column width=&#8221;2\/3&#8243;][vc_column_text]Suszarnia z odzyskiem ciep\u0142a HRC oszcz\u0119dza energi\u0119 bez ograniczania wydajno\u015bci pracy.<\/p>\n<p>Suszarnia HRC wykorzystuje energi\u0119, kt\u00f3ra tracona jest w tradycyjnych suszarniach do ziarna. Urz\u0105dzenie to mo\u017ce odzyska\u0107 a\u017c 10 procent ciep\u0142a. Specjalna konstrukcja urz\u0105dzenia sprzyja czysto\u015bci i ciszy w miejscu pracy. Podobnie jak wszystkie suszarnie firmy Tornum do ziarna, model HRC jest wykonany z blachy stalowej ocynkowanej ogniowo.<\/p>\n<p>Powietrze ze strefy ch\u0142odzenia wewn\u0105trz HRC jest zawracane (recyrkulowane) do obiegu. Odzyskane w ten spos\u00f3b i ogrzane powietrze ch\u0142odz\u0105ce miesza si\u0119 z ogrzanym powietrzem czerpanym z otoczenia (\u015bwie\u017cym), kt\u00f3re przesz\u0142o przez \u017ar\u00f3d\u0142o ciep\u0142a. Poniewa\u017c powietrze odzyskane jest cieplejsze ni\u017c powietrze z otoczenia, mo\u017cna zmniejszy\u0107 ilo\u015b\u0107 energii potrzebnej ze \u017ar\u00f3d\u0142a ogrzewania suszarni. Mo\u017cna w ten spos\u00f3b osi\u0105gn\u0105\u0107 i utrzyma\u0107 zadan\u0105 temperatur\u0119 suszenia. Budowa suszarni pozwala r\u00f3wnie\u017c zastosowa\u0107 wentylatory wyci\u0105gowe o mniejszej mocy ni\u017c w suszarniach tradycyjnych.[\/vc_column_text][\/vc_column][vc_column width=&#8221;1\/3&#8243;][vc_column_text]<strong>WYPOSA\u017bENIE STANDARDOWE<\/strong><\/p>\n<p>\u2022 Wska\u017anik poziomu<br \/>\n\u2022 Komora powietrza wilgotnego<br \/>\n\u2022 Sekcja wylotowa impulsowa<br \/>\n\u2022 Czujnik poziomu<br \/>\n\u2022 Strefa buforowa<br \/>\n\u2022 System wykrywania po\u017caru<br \/>\n\u2022 Drabiny i pomosty<br \/>\n\u2022 Strefa odzysku ciep\u0142a<br \/>\n\u2022 Kontrola wilgotno\u015bci<br \/>\n\u2022 Pomiar ci\u015bnienia do regulacji pracy na etapie rozruchu<\/p>\n<p><strong>WYPOSA\u017bENIE DODATKOWE<\/strong><br \/>\n\u2022 T\u0142umik[\/vc_column_text][\/vc_column][\/vc_row]<\/p>\n<\/div>","protected":false},"excerpt":{"rendered":"<p>Suszarnia HRC wykorzystuje energi\u0119, kt\u00f3ra tracona jest w tradycyjnych suszarniach do ziarna. Urz\u0105dzenie to mo\u017ce odzyska\u0107 a\u017c 10 procent ciep\u0142a. Specjalna konstrukcja urz\u0105dzenia sprzyja czysto\u015bci i ciszy w miejscu pracy.<\/p>\n","protected":false},"featured_media":33335,"comment_status":"open","ping_status":"closed","template":"","meta":{"_acf_changed":false},"product_brand":[],"product_cat":[955,963,956,983],"product_tag":[966,1013,984,967],"class_list":{"0":"post-33699","1":"product","2":"type-product","3":"status-publish","4":"has-post-thumbnail","6":"product_cat-all-products-pl","7":"product_cat-grain-pl","8":"product_cat-conditioning-pl","9":"product_cat-grain-dryers-pl","10":"product_tag-dryer-pl","11":"product_tag-dryer-rex-pl","12":"product_tag-dryer-tk-pl","13":"product_tag-dryer-tkr-pl","14":"description-off","16":"first","17":"instock","18":"shipping-taxable","19":"product-type-simple"},"acf":[],"_links":{"self":[{"href":"https:\/\/www.tornum.com\/pl\/wp-json\/wp\/v2\/product\/33699","targetHints":{"allow":["GET"]}}],"collection":[{"href":"https:\/\/www.tornum.com\/pl\/wp-json\/wp\/v2\/product"}],"about":[{"href":"https:\/\/www.tornum.com\/pl\/wp-json\/wp\/v2\/types\/product"}],"replies":[{"embeddable":true,"href":"https:\/\/www.tornum.com\/pl\/wp-json\/wp\/v2\/comments?post=33699"}],"version-history":[{"count":2,"href":"https:\/\/www.tornum.com\/pl\/wp-json\/wp\/v2\/product\/33699\/revisions"}],"predecessor-version":[{"id":33747,"href":"https:\/\/www.tornum.com\/pl\/wp-json\/wp\/v2\/product\/33699\/revisions\/33747"}],"wp:featuredmedia":[{"embeddable":true,"href":"https:\/\/www.tornum.com\/pl\/wp-json\/wp\/v2\/media\/33335"}],"wp:attachment":[{"href":"https:\/\/www.tornum.com\/pl\/wp-json\/wp\/v2\/media?parent=33699"}],"wp:term":[{"taxonomy":"product_brand","embeddable":true,"href":"https:\/\/www.tornum.com\/pl\/wp-json\/wp\/v2\/product_brand?post=33699"},{"taxonomy":"product_cat","embeddable":true,"href":"https:\/\/www.tornum.com\/pl\/wp-json\/wp\/v2\/product_cat?post=33699"},{"taxonomy":"product_tag","embeddable":true,"href":"https:\/\/www.tornum.com\/pl\/wp-json\/wp\/v2\/product_tag?post=33699"}],"curies":[{"name":"wp","href":"https:\/\/api.w.org\/{rel}","templated":true}]}}