{"id":33701,"date":"2023-01-29T22:13:22","date_gmt":"2023-01-29T22:13:22","guid":{"rendered":"https:\/\/www.tornum.com\/product\/hopper-bottom-silos\/"},"modified":"2025-07-30T11:35:04","modified_gmt":"2025-07-30T11:35:04","slug":"silosy-lejowe","status":"publish","type":"product","link":"https:\/\/www.tornum.com\/pl\/produkt\/silosy-lejowe\/","title":{"rendered":"SILOSY LEJOWE"},"content":{"rendered":"<div class=\"wpb-content-wrapper\"><p>[vc_row][vc_column width=&#8221;2\/3&#8243;][vc_column_text]Tornum oferuje dwa modele silos\u00f3w lejowych o zbie\u017cno\u015bci dna 45\u00b0 i 60\u00b0 \u2013 dzi\u0119ki temu mo\u017cna wybra\u0107 najlepsze rozwi\u0105zanie nawet do pracy z produktami wilgotnymi czy produktami o du\u017cym k\u0105cie spoczynku.<\/p>\n<p>Blachy silosu lejowego, z\u0142\u0105cza zaciskowe i stalowa konstrukcja no\u015bna wykonane s\u0105 z falistej blachy stalowej cynkowanej ogniowo. Blachy poszycia \u015bcian bocznych maj\u0105 0,8-3,5 mm grubo\u015bci, przy gramaturze si\u0119gaj\u0105cej 600 g\/m\u00b2. Silosy o wybranych pojemno\u015bciach dost\u0119pne s\u0105 na zam\u00f3wienie ze \u015bcianami g\u0142adkimi. Nasze silosy lejowe projektowane s\u0105 zgodnie z normami Eurokodu lub \u2013 odpowiednio \u2013 normami ASAE\/ANSI. Mo\u017cemy \u2013 wedle wymaga\u0144 przepis\u00f3w w miejscu eksploatacji \u2013 wykona\u0107 silosy w wersji o zwi\u0119kszonej odporno\u015bci sejsmicznej, a tak\u017ce o podwy\u017cszonej odporno\u015bci na obci\u0105\u017cenie \u015bniegiem lub wiatrem.<\/p>\n<p>Oferujemy pe\u0142n\u0105 gam\u0119 akcesori\u00f3w, w tym drzwi boczne, pomosty, podesty, maszty no\u015bne, systemy wentylacji oraz uk\u0142ady pomiaru temperatury, a tak\u017ce urz\u0105dzenia do prze\u0142adunku i transportu zmechanizowanego.[\/vc_column_text][\/vc_column][vc_column width=&#8221;1\/3&#8243;][\/vc_column][\/vc_row]<\/p>\n<\/div>","protected":false},"excerpt":{"rendered":"<p>Tornum oferuje dwa modele silos\u00f3w lejowych o zbie\u017cno\u015bci dna 45\u00b0 i 60\u00b0 \u2013 dzi\u0119ki temu mo\u017cna wybra\u0107 najlepsze rozwi\u0105zanie nawet do pracy z produktami wilgotnymi czy produktami o du\u017cym k\u0105cie spoczynku.<\/p>\n","protected":false},"featured_media":33285,"comment_status":"open","ping_status":"closed","template":"","meta":{"_acf_changed":false},"product_brand":[],"product_cat":[955,962,963,1000,1023],"product_tag":[987,1002,961,1003],"class_list":{"0":"post-33701","1":"product","2":"type-product","3":"status-publish","4":"has-post-thumbnail","6":"product_cat-all-products-pl","7":"product_cat-food-2-pl","8":"product_cat-grain-pl","9":"product_cat-storage-pl","10":"product_cat-hopper-silo-pl","11":"product_tag-bin-pl","12":"product_tag-bins-pl","13":"product_tag-silo-pl","14":"product_tag-storage-pl","15":"pa_products-type-all-products-pl","16":"pa_products-type-grain-pl","17":"description-off","19":"first","20":"instock","21":"shipping-taxable","22":"product-type-simple"},"acf":[],"_links":{"self":[{"href":"https:\/\/www.tornum.com\/pl\/wp-json\/wp\/v2\/product\/33701","targetHints":{"allow":["GET"]}}],"collection":[{"href":"https:\/\/www.tornum.com\/pl\/wp-json\/wp\/v2\/product"}],"about":[{"href":"https:\/\/www.tornum.com\/pl\/wp-json\/wp\/v2\/types\/product"}],"replies":[{"embeddable":true,"href":"https:\/\/www.tornum.com\/pl\/wp-json\/wp\/v2\/comments?post=33701"}],"version-history":[{"count":2,"href":"https:\/\/www.tornum.com\/pl\/wp-json\/wp\/v2\/product\/33701\/revisions"}],"predecessor-version":[{"id":33751,"href":"https:\/\/www.tornum.com\/pl\/wp-json\/wp\/v2\/product\/33701\/revisions\/33751"}],"wp:featuredmedia":[{"embeddable":true,"href":"https:\/\/www.tornum.com\/pl\/wp-json\/wp\/v2\/media\/33285"}],"wp:attachment":[{"href":"https:\/\/www.tornum.com\/pl\/wp-json\/wp\/v2\/media?parent=33701"}],"wp:term":[{"taxonomy":"product_brand","embeddable":true,"href":"https:\/\/www.tornum.com\/pl\/wp-json\/wp\/v2\/product_brand?post=33701"},{"taxonomy":"product_cat","embeddable":true,"href":"https:\/\/www.tornum.com\/pl\/wp-json\/wp\/v2\/product_cat?post=33701"},{"taxonomy":"product_tag","embeddable":true,"href":"https:\/\/www.tornum.com\/pl\/wp-json\/wp\/v2\/product_tag?post=33701"}],"curies":[{"name":"wp","href":"https:\/\/api.w.org\/{rel}","templated":true}]}}