{"id":33702,"date":"2023-05-04T10:21:36","date_gmt":"2023-05-04T10:21:36","guid":{"rendered":"https:\/\/www.tornum.com\/product\/heat-exchanger\/"},"modified":"2025-07-30T11:21:48","modified_gmt":"2025-07-30T11:21:48","slug":"wymienniki-ciepla","status":"publish","type":"product","link":"https:\/\/www.tornum.com\/pl\/produkt\/wymienniki-ciepla\/","title":{"rendered":"WYMIENNIKI CIEP\u0141A"},"content":{"rendered":"<div class=\"wpb-content-wrapper\"><p>[vc_row gap=&#8221;35&#8243;][vc_column width=&#8221;2\/3&#8243;][vc_column_text]<\/p>\n<p>Wymienniki ciep\u0142a s\u0105 alternatyw\u0105 dla piec\u00f3w nadmuchowych \u2013 s\u0105 specjalnie przystosowane do pracy w modu\u0142owym systemie suszarni Tornum. Oferujemy wymienniki ciep\u0142a na wod\u0119 gor\u0105c\u0105 i par\u0119 wodn\u0105, kt\u00f3r\u0105 mo\u017cna wyprowadzi\u0107 ze \u017ar\u00f3de\u0142 ciep\u0142a opalanych s\u0142om\u0105, zr\u0119bkami, peletem lub olejem. Elastyczna konstrukcja tych urz\u0105dze\u0144 umo\u017cliwia wykonanie ich z w\u0119\u017cownic\u0105 o wymiarach i przep\u0142ywie powietrza okre\u015blonych przez klienta.<\/p>\n<p>&nbsp;<\/p>\n<h3><strong>WYMIENNIK CIEP\u0141A W ROLI PODGRZEWACZA<\/strong><\/h3>\n<p>Podgrzewanie powietrza przed wprowadzeniem go do pieca lub kot\u0142a pozwala ograniczy\u0107 ca\u0142kowite zu\u017cycie oleju opa\u0142owego. W\u0119\u017cownic\u0119 podgrzewaj\u0105c\u0105 TORNUM mo\u017cna pod\u0142\u0105czy\u0107 do pieca nadmuchowego.<\/p>\n<p>[\/vc_column_text][\/vc_column][vc_column width=&#8221;1\/3&#8243;][vc_column_text]<\/p>\n<p><strong>CECHY<\/strong><br \/>\n\u2022 Wymienniki ciep\u0142a z miedzianymi w\u0119\u017cownicami i u\u017cebrowaniem aluminiowym mocowanym technik\u0105 rozt\u0142aczania.<br \/>\n\u2022 W\u0119\u017cownice przeciwpr\u0105dowe wyr\u00f3\u017cniaj\u0105 si\u0119 niezwykle wysok\u0105 wydajno\u015bci\u0105.<br \/>\n\u2022 Wytrzyma\u0142a rama przeznaczona do monta\u017cu w systemie modu\u0142owym Tornum u\u0142atwia solidn\u0105 i starann\u0105 zabudow\u0119.<br \/>\n\u2022 Mo\u017cliwo\u015b\u0107 zam\u00f3wienia kolektor\u00f3w i kr\u00f3\u0107c\u00f3w armatury wodnej po jednej z dw\u00f3ch stron w\u0119\u017cownicy<br \/>\n\u2022 Kolektory z zamkni\u0119tymi korkami wylotami do odpowietrzania i spuszczania wody. Kr\u00f3\u0107ce w\u0119\u017cownicy do pod\u0142\u0105czenia obiegu czynnika ciek\u0142ego \u2013 wykonanie z gwintem zewn\u0119trznym (m\u0119skim).<\/p>\n<p>[\/vc_column_text][\/vc_column][\/vc_row]<\/p>\n<\/div>","protected":false},"excerpt":{"rendered":"<p>Wymienniki ciep\u0142a s\u0105 alternatyw\u0105 dla piec\u00f3w nadmuchowych \u2013 s\u0105 specjalnie przystosowane do pracy w modu\u0142owym systemie suszarni Tornum. Oferujemy wymienniki ciep\u0142a na wod\u0119 gor\u0105c\u0105 i par\u0119 wodn\u0105, kt\u00f3r\u0105 mo\u017cna wyprowadzi\u0107 ze \u017ar\u00f3de\u0142 ciep\u0142\u0105 opalanych s\u0142om\u0105, zr\u0119bkami, peletem lub olejem.<\/p>\n","protected":false},"featured_media":33340,"comment_status":"open","ping_status":"closed","template":"","meta":{"_acf_changed":false},"product_brand":[],"product_cat":[955,963,956,964],"product_tag":[965,966,984,980],"class_list":{"0":"post-33702","1":"product","2":"type-product","3":"status-publish","4":"has-post-thumbnail","6":"product_cat-all-products-pl","7":"product_cat-grain-pl","8":"product_cat-conditioning-pl","9":"product_cat-heat-sources-pl","10":"product_tag-burner-pl","11":"product_tag-dryer-pl","12":"product_tag-dryer-tk-pl","13":"product_tag-plc-pl","14":"description-off","16":"first","17":"instock","18":"shipping-taxable","19":"product-type-simple"},"acf":[],"_links":{"self":[{"href":"https:\/\/www.tornum.com\/pl\/wp-json\/wp\/v2\/product\/33702","targetHints":{"allow":["GET"]}}],"collection":[{"href":"https:\/\/www.tornum.com\/pl\/wp-json\/wp\/v2\/product"}],"about":[{"href":"https:\/\/www.tornum.com\/pl\/wp-json\/wp\/v2\/types\/product"}],"replies":[{"embeddable":true,"href":"https:\/\/www.tornum.com\/pl\/wp-json\/wp\/v2\/comments?post=33702"}],"version-history":[{"count":2,"href":"https:\/\/www.tornum.com\/pl\/wp-json\/wp\/v2\/product\/33702\/revisions"}],"predecessor-version":[{"id":33743,"href":"https:\/\/www.tornum.com\/pl\/wp-json\/wp\/v2\/product\/33702\/revisions\/33743"}],"wp:featuredmedia":[{"embeddable":true,"href":"https:\/\/www.tornum.com\/pl\/wp-json\/wp\/v2\/media\/33340"}],"wp:attachment":[{"href":"https:\/\/www.tornum.com\/pl\/wp-json\/wp\/v2\/media?parent=33702"}],"wp:term":[{"taxonomy":"product_brand","embeddable":true,"href":"https:\/\/www.tornum.com\/pl\/wp-json\/wp\/v2\/product_brand?post=33702"},{"taxonomy":"product_cat","embeddable":true,"href":"https:\/\/www.tornum.com\/pl\/wp-json\/wp\/v2\/product_cat?post=33702"},{"taxonomy":"product_tag","embeddable":true,"href":"https:\/\/www.tornum.com\/pl\/wp-json\/wp\/v2\/product_tag?post=33702"}],"curies":[{"name":"wp","href":"https:\/\/api.w.org\/{rel}","templated":true}]}}