{"id":33703,"date":"2023-05-14T19:47:39","date_gmt":"2023-05-14T19:47:39","guid":{"rendered":"https:\/\/www.tornum.com\/product\/i-line-conveyors\/"},"modified":"2025-08-01T09:46:05","modified_gmt":"2025-08-01T09:46:05","slug":"przenosniki-linii-i","status":"publish","type":"product","link":"https:\/\/www.tornum.com\/pl\/produkt\/przenosniki-linii-i\/","title":{"rendered":"PRZENO\u015aNIKI LINII \u201eI\u201d"},"content":{"rendered":"<p>Jest to asortyment urz\u0105dze\u0144 przeznaczonych do zastosowa\u0144 przemys\u0142owych i rolniczych w re\u017cimie regularnej pracy przez ca\u0142y rok. Dost\u0119pny zakres przepustowo\u015bci transportu ziaren pszenicy si\u0119ga od 40 do 150 ton na godzin\u0119. Pe\u0142na oferta urz\u0105dze\u0144 obejmuje przeno\u015bniki pionowe, poziome, \u0142ukowe i sko\u015bne \u2013 znale\u017a\u0107 tu mo\u017cna przeno\u015bniki odpowiadaj\u0105ce ka\u017cdemu kierunkowi obiegu ziarna w instalacji. Gama przeno\u015bnik\u00f3w linii \u201eH\u201d obejmuje r\u00f3wnie\u017c przeno\u015bniki ta\u015bmowe o wydajno\u015bci do 150 t\/h. Oferujemy pe\u0142n\u0105 gam\u0119 akcesori\u00f3w: w tym zasuwy r\u0119czne, elektryczne i pneumatyczne, czujniki bezpiecze\u0144stwa, czujniki pr\u0119dko\u015bci, specjalne ta\u015bmy olejoodporne do ro\u015blin oleistych \u2013 i wiele innych. Mo\u017cemy dostarczy\u0107 przeno\u015bniki przygotowane wed\u0142ug specjalnych wymaga\u0144 klienta wobec pr\u0119dko\u015bci ruchu \u0142a\u0144cucha lub ta\u015bmy.<\/p>\n","protected":false},"excerpt":{"rendered":"<p>Linia \u201eI\u201d to gama urz\u0105dze\u0144 zaprojektowanych do intensywnej eksploatacji przez ca\u0142y rok, spe\u0142niaj\u0105cych wymagania typowe dla bran\u017cy zbo\u017cowej, a tak\u017ce \u015brednich i du\u017cych gospodarstw rolnych. S\u0105 to urz\u0105dzenia o klasyfikacji 2D\/OD w kategorii II. Nadaj\u0105 si\u0119 do przenoszenia granulowanych oraz sypkich materia\u0142\u00f3w w strefie 21 lub strefie 22 zagro\u017cenia wybuchem, a tak\u017ce w strefach niezagro\u017conych wybuchem. Urz\u0105dzenia wykonane s\u0105 ze stali ocynkowanej zgodnie z dyrektywami UE w sprawie maszyn.<\/p>\n","protected":false},"featured_media":32916,"comment_status":"open","ping_status":"closed","template":"","meta":{"_acf_changed":false},"product_brand":[],"product_cat":[955,973,962,963,968,1022],"product_tag":[988,994,1003,989],"class_list":{"0":"post-33703","1":"product","2":"type-product","3":"status-publish","4":"has-post-thumbnail","6":"product_cat-all-products-pl","7":"product_cat-feed-pl","8":"product_cat-food-2-pl","9":"product_cat-grain-pl","10":"product_cat-material-handling-pl","11":"product_cat-conveyors-pl","12":"product_tag-conveyor-pl","13":"product_tag-elevator-pl","14":"product_tag-storage-pl","15":"product_tag-transport-pl","16":"description-off","18":"first","19":"instock","20":"shipping-taxable","21":"product-type-simple"},"acf":[],"_links":{"self":[{"href":"https:\/\/www.tornum.com\/pl\/wp-json\/wp\/v2\/product\/33703","targetHints":{"allow":["GET"]}}],"collection":[{"href":"https:\/\/www.tornum.com\/pl\/wp-json\/wp\/v2\/product"}],"about":[{"href":"https:\/\/www.tornum.com\/pl\/wp-json\/wp\/v2\/types\/product"}],"replies":[{"embeddable":true,"href":"https:\/\/www.tornum.com\/pl\/wp-json\/wp\/v2\/comments?post=33703"}],"version-history":[{"count":2,"href":"https:\/\/www.tornum.com\/pl\/wp-json\/wp\/v2\/product\/33703\/revisions"}],"predecessor-version":[{"id":33759,"href":"https:\/\/www.tornum.com\/pl\/wp-json\/wp\/v2\/product\/33703\/revisions\/33759"}],"wp:featuredmedia":[{"embeddable":true,"href":"https:\/\/www.tornum.com\/pl\/wp-json\/wp\/v2\/media\/32916"}],"wp:attachment":[{"href":"https:\/\/www.tornum.com\/pl\/wp-json\/wp\/v2\/media?parent=33703"}],"wp:term":[{"taxonomy":"product_brand","embeddable":true,"href":"https:\/\/www.tornum.com\/pl\/wp-json\/wp\/v2\/product_brand?post=33703"},{"taxonomy":"product_cat","embeddable":true,"href":"https:\/\/www.tornum.com\/pl\/wp-json\/wp\/v2\/product_cat?post=33703"},{"taxonomy":"product_tag","embeddable":true,"href":"https:\/\/www.tornum.com\/pl\/wp-json\/wp\/v2\/product_tag?post=33703"}],"curies":[{"name":"wp","href":"https:\/\/api.w.org\/{rel}","templated":true}]}}