{"id":33704,"date":"2023-05-14T21:59:36","date_gmt":"2023-05-14T21:59:36","guid":{"rendered":"https:\/\/www.tornum.com\/product\/hopper-scale-dviu\/"},"modified":"2025-07-30T11:45:39","modified_gmt":"2025-07-30T11:45:39","slug":"waga-zbiornikowa-dviu","status":"publish","type":"product","link":"https:\/\/www.tornum.com\/pl\/produkt\/waga-zbiornikowa-dviu\/","title":{"rendered":"WAGA ZBIORNIKOWA DVIU"},"content":{"rendered":"<p>Wagi zbiornikowe Tornum przeznaczone s\u0105 do szybkiego, dok\u0142adnego i bezpiecznego odwa\u017cania materia\u0142\u00f3w sypkich, takich jak ziarno, kukurydza, pasza, proszek i granulaty na etapie przyj\u0119cia i wydania.<\/p>\n<p>S\u0105 to konstrukcje zaprojektowane z my\u015bl\u0105 o du\u017cej solidno\u015bci, dzi\u0119ki czemu s\u0105 bardzo trwa\u0142e i jednocze\u015bnie bardzo \u0142atwo jest utrzyma\u0107 je w czysto\u015bci.<\/p>\n<p>Dost\u0119pne s\u0105 dwa modele wagi zbiornikowej DVIU \u2013 DVIU\/N w 6 rozmiarach o przepustowo\u015bci od 5 do 200 ton\/h oraz DVIU\/F w 8 rozmiarach o przepustowo\u015bci od 250 do 1200 ton\/h, obliczonej dla ziarna o ci\u0119\u017carze obj\u0119to\u015bciowym 0,6 tony\/m3.<\/p>\n<p>Wagi dostarczane s\u0105 z wy\u015bwietlaczem masy mierzonej i drukark\u0105, interfejsem u\u017cytkownika oraz dokumentacj\u0105 w kilku j\u0119zykach. Mo\u017cemy na zam\u00f3wienie zrealizowa\u0107 integracj\u0119 systemu urz\u0105dzenia oraz interfejsy przesy\u0142u danych.<\/p>\n","protected":false},"excerpt":{"rendered":"<p>Wagi zbiornikowe Tornum przeznaczone s\u0105 do szybkiego, dok\u0142adnego i bezpiecznego odwa\u017cania materia\u0142\u00f3w sypkich, takich jak ziarno, kukurydza, pasza, proszek i granulaty na etapie przyj\u0119cia i wydania.<\/p>\n","protected":false},"featured_media":33402,"comment_status":"open","ping_status":"closed","template":"","meta":{"_acf_changed":false},"product_brand":[],"product_cat":[955,973,962,963,968,1024],"product_tag":[997,1025,1003,1026],"class_list":{"0":"post-33704","1":"product","2":"type-product","3":"status-publish","4":"has-post-thumbnail","6":"product_cat-all-products-pl","7":"product_cat-feed-pl","8":"product_cat-food-2-pl","9":"product_cat-grain-pl","10":"product_cat-material-handling-pl","11":"product_cat-all-products-2-pl","12":"product_tag-cleaning-pl","13":"product_tag-scale-pl","14":"product_tag-storage-pl","15":"product_tag-weight-pl","16":"description-off","18":"first","19":"instock","20":"shipping-taxable","21":"product-type-simple"},"acf":[],"_links":{"self":[{"href":"https:\/\/www.tornum.com\/pl\/wp-json\/wp\/v2\/product\/33704","targetHints":{"allow":["GET"]}}],"collection":[{"href":"https:\/\/www.tornum.com\/pl\/wp-json\/wp\/v2\/product"}],"about":[{"href":"https:\/\/www.tornum.com\/pl\/wp-json\/wp\/v2\/types\/product"}],"replies":[{"embeddable":true,"href":"https:\/\/www.tornum.com\/pl\/wp-json\/wp\/v2\/comments?post=33704"}],"version-history":[{"count":2,"href":"https:\/\/www.tornum.com\/pl\/wp-json\/wp\/v2\/product\/33704\/revisions"}],"predecessor-version":[{"id":33755,"href":"https:\/\/www.tornum.com\/pl\/wp-json\/wp\/v2\/product\/33704\/revisions\/33755"}],"wp:featuredmedia":[{"embeddable":true,"href":"https:\/\/www.tornum.com\/pl\/wp-json\/wp\/v2\/media\/33402"}],"wp:attachment":[{"href":"https:\/\/www.tornum.com\/pl\/wp-json\/wp\/v2\/media?parent=33704"}],"wp:term":[{"taxonomy":"product_brand","embeddable":true,"href":"https:\/\/www.tornum.com\/pl\/wp-json\/wp\/v2\/product_brand?post=33704"},{"taxonomy":"product_cat","embeddable":true,"href":"https:\/\/www.tornum.com\/pl\/wp-json\/wp\/v2\/product_cat?post=33704"},{"taxonomy":"product_tag","embeddable":true,"href":"https:\/\/www.tornum.com\/pl\/wp-json\/wp\/v2\/product_tag?post=33704"}],"curies":[{"name":"wp","href":"https:\/\/api.w.org\/{rel}","templated":true}]}}