{"id":33706,"date":"2023-05-14T20:53:53","date_gmt":"2023-05-14T20:53:53","guid":{"rendered":"https:\/\/www.tornum.com\/product\/idc-intelligent-dryer-control\/"},"modified":"2025-07-30T11:53:39","modified_gmt":"2025-07-30T11:53:39","slug":"idc-intelligent-dryer-control","status":"publish","type":"product","link":"https:\/\/www.tornum.com\/pl\/produkt\/idc-intelligent-dryer-control\/","title":{"rendered":"IDC \u2013 INTELLIGENT DRYER CONTROL"},"content":{"rendered":"<div class=\"wpb-content-wrapper\"><p>[vc_row][vc_column width=&#8221;2\/3&#8243;][vc_column_text]Pe\u0142na kontrola \u2013 gdziekolwiek jeste\u015b<\/p>\n<p>Tornum IDC to oparty na oprogramowaniu system sterowania do pomiaru i kontroli wilgotno\u015bci na wyj\u015bciu suszarni do pracy ci\u0105g\u0142ej. Sk\u0142ada si\u0119 z czujnik\u00f3w wilgotno\u015bci<br \/>\ni sterownika. Interfejs jest przyjazny dla u\u017cytkownika i daje pe\u0142n\u0105 kontrol\u0119 nad ca\u0142ym procesem suszenia \u2013 czy to na komputerze, czy te\u017c na tablecie.<\/p>\n<p><strong>Precyzyjne suszenie dok\u0142adnie do zadanej wilgotno\u015bci ko\u0144cowej<\/strong><br \/>\nJeden czujnik montowany jest w jednej z g\u00f3rnych sekcji suszenia, gdzie mierzy wilgo\u0107 po stronie dop\u0142ywu surowca. Drugi czujnik montowany jest w strefie ch\u0142odzenia, blisko wylotu z suszarni. Na podstawie rejestrowanych przez czujniki informacji o wilgotno\u015bci na wlocie i wylocie suszarni, sterownik reguluje pr\u0119dko\u015b\u0107 roz\u0142adunku suszarni, co pozwala osuszy\u0107 materia\u0142 do oczekiwanej wilgotno\u015bci ko\u0144cowej \u2013 niezale\u017cnie od warunk\u00f3w otoczenia.<\/p>\n<p><strong>Minimalizacja koszt\u00f3w suszenia<\/strong><br \/>\nCo wa\u017cniejsze, system Tornum IDC umo\u017cliwia suszenie w pe\u0142ni kontrolowane, eliminuj\u0105c niebezpiecze\u0144stwo przesuszenia ziarna, zjawisko typowe dla suszarni bez odpowiednich pomiar\u00f3w i sterowania prac\u0105 \u2013 w dodatku zjawisko do\u015b\u0107 kosztowne. Mniejsza liczba roboczogodzin niezb\u0119dnych do nadzorowania procesu suszenia jest kolejnym czynnikiem sprzyjaj\u0105cym mniejszym kosztom.<\/p>\n<p><strong>Optymalizacja jako\u015bci ziarna<\/strong><br \/>\nSuszenie ziarna pod kontrol\u0105 systemu Tornum IDC gwarantuje niezmiennie ziarno<br \/>\no docelowej wilgotno\u015bci, co pozwala liczy\u0107 na mo\u017cliwie najwy\u017csz\u0105 jego jako\u015b\u0107, mas\u0119<br \/>\ni cen\u0119 sprzeda\u017cy.[\/vc_column_text][\/vc_column][vc_column width=&#8221;1\/3&#8243;][vc_column_text]<strong>ZALETY<\/strong><br \/>\n\u2022 Mniejsze koszty suszenia<br \/>\n\u2022 Wi\u0119ksza wydajno\u015b\u0107 pracy suszarni<br \/>\n\u2022 Pe\u0142na kontrola nad procesem suszenia<br \/>\n\u2022 Zmiana gatunku ziarna i receptury suszenia za naci\u015bni\u0119ciem przycisku<br \/>\n\u2022 Optymalizacja procesu suszenia<br \/>\n\u2022 Inteligentne oprogramowanie reguluje przebieg suszenia w reakcji na zmiany jego warunk\u00f3w<br \/>\n\u2022 Prosta instalacja i obs\u0142uga<br \/>\n\u2022 Inwestycja, kt\u00f3ra zwraca si\u0119 b\u0142yskawicznie[\/vc_column_text][\/vc_column][\/vc_row]<\/p>\n<\/div>","protected":false},"excerpt":{"rendered":"<p>Tornum IDC to oparty na oprogramowaniu system sterowania do pomiaru i kontroli wilgotno\u015bci na wyj\u015bciu suszarni do pracy ci\u0105g\u0142ej. Sk\u0142ada si\u0119 z czujnik\u00f3w wilgotno\u015bci i sterownika. Interfejs jest przyjazny dla u\u017cytkownika i daje pe\u0142n\u0105 kontrol\u0119 nad ca\u0142ym procesem suszenia \u2013 czy to na komputerze, czy te\u017c na tablecie.<\/p>\n","protected":false},"featured_media":53225,"comment_status":"open","ping_status":"closed","template":"","meta":{"_acf_changed":false},"product_brand":[],"product_cat":[955,975,1027],"product_tag":[966,978,979,980],"class_list":{"0":"post-33706","1":"product","2":"type-product","3":"status-publish","4":"has-post-thumbnail","6":"product_cat-all-products-pl","7":"product_cat-grain-management-pl","8":"product_cat-idc-pl","9":"product_tag-dryer-pl","10":"product_tag-monitoring-pl","11":"product_tag-pc-pl","12":"product_tag-plc-pl","13":"description-off","15":"first","16":"instock","17":"shipping-taxable","18":"product-type-simple"},"acf":[],"_links":{"self":[{"href":"https:\/\/www.tornum.com\/pl\/wp-json\/wp\/v2\/product\/33706","targetHints":{"allow":["GET"]}}],"collection":[{"href":"https:\/\/www.tornum.com\/pl\/wp-json\/wp\/v2\/product"}],"about":[{"href":"https:\/\/www.tornum.com\/pl\/wp-json\/wp\/v2\/types\/product"}],"replies":[{"embeddable":true,"href":"https:\/\/www.tornum.com\/pl\/wp-json\/wp\/v2\/comments?post=33706"}],"version-history":[{"count":2,"href":"https:\/\/www.tornum.com\/pl\/wp-json\/wp\/v2\/product\/33706\/revisions"}],"predecessor-version":[{"id":33767,"href":"https:\/\/www.tornum.com\/pl\/wp-json\/wp\/v2\/product\/33706\/revisions\/33767"}],"wp:featuredmedia":[{"embeddable":true,"href":"https:\/\/www.tornum.com\/pl\/wp-json\/wp\/v2\/media\/53225"}],"wp:attachment":[{"href":"https:\/\/www.tornum.com\/pl\/wp-json\/wp\/v2\/media?parent=33706"}],"wp:term":[{"taxonomy":"product_brand","embeddable":true,"href":"https:\/\/www.tornum.com\/pl\/wp-json\/wp\/v2\/product_brand?post=33706"},{"taxonomy":"product_cat","embeddable":true,"href":"https:\/\/www.tornum.com\/pl\/wp-json\/wp\/v2\/product_cat?post=33706"},{"taxonomy":"product_tag","embeddable":true,"href":"https:\/\/www.tornum.com\/pl\/wp-json\/wp\/v2\/product_tag?post=33706"}],"curies":[{"name":"wp","href":"https:\/\/api.w.org\/{rel}","templated":true}]}}