{"id":33707,"date":"2023-05-14T21:57:30","date_gmt":"2023-05-14T21:57:30","guid":{"rendered":"https:\/\/www.tornum.com\/product\/intake-building\/"},"modified":"2025-07-30T12:03:09","modified_gmt":"2025-07-30T12:03:09","slug":"budynek-przyjeciowy","status":"publish","type":"product","link":"https:\/\/www.tornum.com\/pl\/produkt\/budynek-przyjeciowy\/","title":{"rendered":"BUDYNEK PRZYJ\u0118CIOWY"},"content":{"rendered":"<p>Je\u015bli nie szukasz ca\u0142ego elewatora, ale chcesz usprawni\u0107 roz\u0142adunek i za\u0142adunek ziarna \u2013 Tornum oferuje produkty i budynki, kt\u00f3re pomog\u0105 osi\u0105gn\u0105\u0107 taki cel. Nowy budynek mo\u017cna po\u0142\u0105czy\u0107 technologicznie z budynkami istniej\u0105cymi na obiekcie lub wykona\u0107 go jako obiekt ca\u0142kowicie wolnostoj\u0105cy.<\/p>\n<p>Wszystkie budynki i konstrukcje stalowe nosz\u0105 oznaczenie CE wedle normy EN 1090-1, kt\u00f3ra jest obowi\u0105zkowa na terenie UE od 2014 r.<\/p>\n","protected":false},"excerpt":{"rendered":"<p>Je\u015bli nie szukasz ca\u0142ego elewatora, ale chcesz usprawni\u0107 roz\u0142adunek i za\u0142adunek ziarna \u2013 Tornum oferuje produkty i budynki, kt\u00f3re pomog\u0105 osi\u0105gn\u0105\u0107 taki cel. Nowy budynek mo\u017cna po\u0142\u0105czy\u0107 technologicznie z budynkami istniej\u0105cymi na obiekcie lub wykona\u0107 go jako obiekt ca\u0142kowicie wolnostoj\u0105cy.<\/p>\n<p>Wszystkie budynki i konstrukcje stalowe nosz\u0105 oznaczenie CE wedle normy EN 1090-1, kt\u00f3ra jest obowi\u0105zkowa na terenie UE od 2014 r.<\/p>\n","protected":false},"featured_media":33475,"comment_status":"open","ping_status":"closed","template":"","meta":{"_acf_changed":false},"product_brand":[],"product_cat":[955,1000,1001],"product_tag":[987,1005,966,1028],"class_list":{"0":"post-33707","1":"product","2":"type-product","3":"status-publish","4":"has-post-thumbnail","6":"product_cat-all-products-pl","7":"product_cat-storage-pl","8":"product_cat-building-storage-pl","9":"product_tag-bin-pl","10":"product_tag-building-pl","11":"product_tag-dryer-pl","12":"product_tag-intake-pl","13":"description-off","15":"first","16":"instock","17":"shipping-taxable","18":"product-type-simple"},"acf":[],"_links":{"self":[{"href":"https:\/\/www.tornum.com\/pl\/wp-json\/wp\/v2\/product\/33707","targetHints":{"allow":["GET"]}}],"collection":[{"href":"https:\/\/www.tornum.com\/pl\/wp-json\/wp\/v2\/product"}],"about":[{"href":"https:\/\/www.tornum.com\/pl\/wp-json\/wp\/v2\/types\/product"}],"replies":[{"embeddable":true,"href":"https:\/\/www.tornum.com\/pl\/wp-json\/wp\/v2\/comments?post=33707"}],"version-history":[{"count":2,"href":"https:\/\/www.tornum.com\/pl\/wp-json\/wp\/v2\/product\/33707\/revisions"}],"predecessor-version":[{"id":33771,"href":"https:\/\/www.tornum.com\/pl\/wp-json\/wp\/v2\/product\/33707\/revisions\/33771"}],"wp:featuredmedia":[{"embeddable":true,"href":"https:\/\/www.tornum.com\/pl\/wp-json\/wp\/v2\/media\/33475"}],"wp:attachment":[{"href":"https:\/\/www.tornum.com\/pl\/wp-json\/wp\/v2\/media?parent=33707"}],"wp:term":[{"taxonomy":"product_brand","embeddable":true,"href":"https:\/\/www.tornum.com\/pl\/wp-json\/wp\/v2\/product_brand?post=33707"},{"taxonomy":"product_cat","embeddable":true,"href":"https:\/\/www.tornum.com\/pl\/wp-json\/wp\/v2\/product_cat?post=33707"},{"taxonomy":"product_tag","embeddable":true,"href":"https:\/\/www.tornum.com\/pl\/wp-json\/wp\/v2\/product_tag?post=33707"}],"curies":[{"name":"wp","href":"https:\/\/api.w.org\/{rel}","templated":true}]}}