{"id":33708,"date":"2023-04-03T12:15:20","date_gmt":"2023-04-03T12:15:20","guid":{"rendered":"https:\/\/www.tornum.com\/product\/intake-pit-tgs\/"},"modified":"2025-07-30T12:12:15","modified_gmt":"2025-07-30T12:12:15","slug":"kosz-przyjeciowy-tgs","status":"publish","type":"product","link":"https:\/\/www.tornum.com\/pl\/produkt\/kosz-przyjeciowy-tgs\/","title":{"rendered":"KOSZ PRZYJ\u0118CIOWY TGS"},"content":{"rendered":"<div class=\"wpb-content-wrapper\"><p>[vc_row gap=&#8221;35&#8243; css=&#8221;.vc_custom_1683181467819{padding-left: 10px !important;}&#8221;][vc_column width=&#8221;2\/3&#8243;][vc_column_text]Kosz przyj\u0119ciowy TGS firmy Tornum wyr\u00f3\u017cnia si\u0119 du\u017c\u0105 pojemno\u015bci\u0105 pomimo niewielkiej g\u0142\u0119boko\u015bci. Kosz ma g\u0142adkie \u015bcianki wewn\u0119trzne, co pozwala utrzyma\u0107 nale\u017cyt\u0105 higien\u0119 bez znacznych nak\u0142ad\u00f3w. Kosz przyj\u0119ciowy TGS nadaje si\u0119 do pracy z przeno\u015bnikami \u0142a\u0144cuchowymi o wydajno\u015bci maksymalnej 400 ton na godzin\u0119 i jest przeznaczony do monta\u017cu na konstrukcjach przelotowych.[\/vc_column_text][\/vc_column][vc_column width=&#8221;1\/3&#8243;][vc_column_text]<strong>CECHY<\/strong><br \/>\n\u2022 Wykonanie z blachy stalowej ocynkowanej ogniowo, z dodatkowymi wzmocnieniami od zewn\u0105trz<br \/>\n\u2022 Solidne belki no\u015bne u\u0142atwiaj\u0105ce zawieszenie i stanowi\u0105ce podparcie dla krat no\u015bnych<br \/>\n\u2022 G\u0142adkie \u015bcianki wewn\u0119trzne pozwalaj\u0105 utrzyma\u0107 nale\u017cyt\u0105 higien\u0119 bez znacznych nak\u0142ad\u00f3w<br \/>\n\u2022 Konstrukcja skr\u0119cana<\/p>\n<p><strong>WYPOSA\u017bENIE DODATKOWE<\/strong><br \/>\n\u2022 Wska\u017anik poziomu<br \/>\n\u2022 Kraty no\u015bne<br \/>\n\u2022 Os\u0142ona boczna kosza przyj\u0119ciowego[\/vc_column_text][\/vc_column][\/vc_row]<\/p>\n<\/div>","protected":false},"excerpt":{"rendered":"<p>Kosz przyj\u0119ciowy TGS firmy Tornum wyr\u00f3\u017cnia si\u0119 du\u017c\u0105 pojemno\u015bci\u0105 pomimo niewielkiej g\u0142\u0119boko\u015bci. Kosz ma g\u0142adkie \u015bcianki wewn\u0119trzne, co pozwala utrzyma\u0107 nale\u017cyt\u0105 higien\u0119 bez znacznych nak\u0142ad\u00f3w. Kosz przyj\u0119ciowy TGS nadaje si\u0119 do pracy z przeno\u015bnikami \u0142a\u0144cuchowymi o wydajno\u015bci maksymalnej 400 ton na godzin\u0119 i jest przeznaczony do monta\u017cu na konstrukcjach przelotowych.<\/p>\n","protected":false},"featured_media":33306,"comment_status":"open","ping_status":"closed","template":"","meta":{"_acf_changed":false},"product_brand":[],"product_cat":[955,973,962,963,968,990,991],"product_tag":[966,1028,1029,989],"class_list":{"0":"post-33708","1":"product","2":"type-product","3":"status-publish","4":"has-post-thumbnail","6":"product_cat-all-products-pl","7":"product_cat-feed-pl","8":"product_cat-food-2-pl","9":"product_cat-grain-pl","10":"product_cat-material-handling-pl","11":"product_cat-intake-pit-pl","12":"product_cat-intake-pit-storage-pl","13":"product_tag-dryer-pl","14":"product_tag-intake-pl","15":"product_tag-pits-pl","16":"product_tag-transport-pl","17":"pa_products-type-grain-pl","18":"description-off","20":"first","21":"instock","22":"shipping-taxable","23":"product-type-simple"},"acf":[],"_links":{"self":[{"href":"https:\/\/www.tornum.com\/pl\/wp-json\/wp\/v2\/product\/33708","targetHints":{"allow":["GET"]}}],"collection":[{"href":"https:\/\/www.tornum.com\/pl\/wp-json\/wp\/v2\/product"}],"about":[{"href":"https:\/\/www.tornum.com\/pl\/wp-json\/wp\/v2\/types\/product"}],"replies":[{"embeddable":true,"href":"https:\/\/www.tornum.com\/pl\/wp-json\/wp\/v2\/comments?post=33708"}],"version-history":[{"count":3,"href":"https:\/\/www.tornum.com\/pl\/wp-json\/wp\/v2\/product\/33708\/revisions"}],"predecessor-version":[{"id":46993,"href":"https:\/\/www.tornum.com\/pl\/wp-json\/wp\/v2\/product\/33708\/revisions\/46993"}],"wp:featuredmedia":[{"embeddable":true,"href":"https:\/\/www.tornum.com\/pl\/wp-json\/wp\/v2\/media\/33306"}],"wp:attachment":[{"href":"https:\/\/www.tornum.com\/pl\/wp-json\/wp\/v2\/media?parent=33708"}],"wp:term":[{"taxonomy":"product_brand","embeddable":true,"href":"https:\/\/www.tornum.com\/pl\/wp-json\/wp\/v2\/product_brand?post=33708"},{"taxonomy":"product_cat","embeddable":true,"href":"https:\/\/www.tornum.com\/pl\/wp-json\/wp\/v2\/product_cat?post=33708"},{"taxonomy":"product_tag","embeddable":true,"href":"https:\/\/www.tornum.com\/pl\/wp-json\/wp\/v2\/product_tag?post=33708"}],"curies":[{"name":"wp","href":"https:\/\/api.w.org\/{rel}","templated":true}]}}