{"id":33709,"date":"2023-05-14T19:45:08","date_gmt":"2023-05-14T19:45:08","guid":{"rendered":"https:\/\/www.tornum.com\/product\/l-line-conveyors\/"},"modified":"2025-08-01T10:04:52","modified_gmt":"2025-08-01T10:04:52","slug":"przenosniki-linii-l","status":"publish","type":"product","link":"https:\/\/www.tornum.com\/pl\/produkt\/przenosniki-linii-l\/","title":{"rendered":"PRZENO\u015aNIKI LINII \u201eL\u201d"},"content":{"rendered":"<p>Jest to asortyment urz\u0105dze\u0144 przeznaczonych dla niewielkich gospodarstw rolnych, w kt\u00f3rych pracuj\u0105 regularnie, lecz zasadniczo podczas \u017cniw. Dost\u0119pny zakres przepustowo\u015bci transportu ziaren pszenicy si\u0119ga od 30 do 60 ton na godzin\u0119. Pe\u0142na oferta urz\u0105dze\u0144 obejmuje przeno\u015bniki pionowe, poziome, \u0142ukowe i sko\u015bne \u2013 znale\u017a\u0107 tu mo\u017cna przeno\u015bniki odpowiadaj\u0105ce ka\u017cdemu kierunkowi obiegu ziarna w instalacji. Dost\u0119pna jest pe\u0142na gama akcesori\u00f3w, w tym zasuwy r\u0119czne, elektryczne i pneumatyczne, czujniki bezpiecze\u0144stwa, czujniki pr\u0119dko\u015bci i wiele innych. Przeno\u015bniki mo\u017cna zam\u00f3wi\u0107 z ta\u015bm\u0105 i motoreduktorem wybranym przez klienta.<\/p>\n","protected":false},"excerpt":{"rendered":"<p>Nasza linia \u201eL\u201d zosta\u0142a zaprojektowana specjalnie z my\u015bl\u0105 o niewielkich obiektach gospodarskich. Szczeg\u00f3lnie nadaje si\u0119 dla ma\u0142ych i \u015brednich gospodarstw rolnych, w kt\u00f3rych najintensywniejszy okres pracy przypada podczas \u017cniw.<\/p>\n","protected":false},"featured_media":32918,"comment_status":"open","ping_status":"closed","template":"","meta":{"_acf_changed":false},"product_brand":[],"product_cat":[955,963,968,1022],"product_tag":[988,998,994,989],"class_list":{"0":"post-33709","1":"product","2":"type-product","3":"status-publish","4":"has-post-thumbnail","6":"product_cat-all-products-pl","7":"product_cat-grain-pl","8":"product_cat-material-handling-pl","9":"product_cat-conveyors-pl","10":"product_tag-conveyor-pl","11":"product_tag-dc-remover-pl","12":"product_tag-elevator-pl","13":"product_tag-transport-pl","14":"description-off","16":"first","17":"instock","18":"shipping-taxable","19":"product-type-simple"},"acf":[],"_links":{"self":[{"href":"https:\/\/www.tornum.com\/pl\/wp-json\/wp\/v2\/product\/33709","targetHints":{"allow":["GET"]}}],"collection":[{"href":"https:\/\/www.tornum.com\/pl\/wp-json\/wp\/v2\/product"}],"about":[{"href":"https:\/\/www.tornum.com\/pl\/wp-json\/wp\/v2\/types\/product"}],"replies":[{"embeddable":true,"href":"https:\/\/www.tornum.com\/pl\/wp-json\/wp\/v2\/comments?post=33709"}],"version-history":[{"count":2,"href":"https:\/\/www.tornum.com\/pl\/wp-json\/wp\/v2\/product\/33709\/revisions"}],"predecessor-version":[{"id":33783,"href":"https:\/\/www.tornum.com\/pl\/wp-json\/wp\/v2\/product\/33709\/revisions\/33783"}],"wp:featuredmedia":[{"embeddable":true,"href":"https:\/\/www.tornum.com\/pl\/wp-json\/wp\/v2\/media\/32918"}],"wp:attachment":[{"href":"https:\/\/www.tornum.com\/pl\/wp-json\/wp\/v2\/media?parent=33709"}],"wp:term":[{"taxonomy":"product_brand","embeddable":true,"href":"https:\/\/www.tornum.com\/pl\/wp-json\/wp\/v2\/product_brand?post=33709"},{"taxonomy":"product_cat","embeddable":true,"href":"https:\/\/www.tornum.com\/pl\/wp-json\/wp\/v2\/product_cat?post=33709"},{"taxonomy":"product_tag","embeddable":true,"href":"https:\/\/www.tornum.com\/pl\/wp-json\/wp\/v2\/product_tag?post=33709"}],"curies":[{"name":"wp","href":"https:\/\/api.w.org\/{rel}","templated":true}]}}