{"id":33710,"date":"2023-03-23T22:10:29","date_gmt":"2023-03-23T22:10:29","guid":{"rendered":"https:\/\/www.tornum.com\/product\/kanalsystem\/"},"modified":"2025-07-30T12:21:14","modified_gmt":"2025-07-30T12:21:14","slug":"kanalsystem","status":"publish","type":"product","link":"https:\/\/www.tornum.com\/pl\/produkt\/kanalsystem\/","title":{"rendered":"KANALSYSTEM"},"content":{"rendered":"<div class=\"wpb-content-wrapper\"><p>[vc_row][vc_column width=&#8221;2\/3&#8243;][vc_column_text]KANALSYSTEM\u2122 firmy Tornum to wyj\u0105tkowe rozwi\u0105zanie o dw\u00f3ch funkcjach \u2013 roz\u0142adunku o du\u017cej wydajno\u015bci w po\u0142\u0105czeniu z doskona\u0142ymi w\u0142a\u015bciwo\u015bciami kondycjonowania ziarna. Sk\u0142ada si\u0119 ze specjalnie zaprojektowanych kana\u0142\u00f3w perforowanych osadzonych w pod\u0142o\u017cu betonowym. Mi\u0119dzy kana\u0142ami montowane s\u0105 betonowe wyst\u0119py, kt\u00f3rymi powietrze wdmuchiwane jest do silosu. Dzi\u0119ki temu przep\u0142ywa ono przez ca\u0142\u0105 obj\u0119to\u015b\u0107 ziarna.<\/p>\n<p>Bezpiecze\u0144stwo to jedna z najwi\u0119kszych zalet KANALSYSTEM\u2122. Jest to system samoczyszcz\u0105cy si\u0119, pozbawiony jakichkolwiek ruchomych cz\u0119\u015bci mechanicznych wewn\u0105trz silosu. Nie wymaga przeno\u015bnika \u015blimakowego zbieraj\u0105cego \u2013 ani wst\u0119pu pracownik\u00f3w do silosu podczas jego opr\u00f3\u017cniania. KANALSYSTEM\u2122 ma wydajno\u015b\u0107 roz\u0142adunku si\u0119gaj\u0105c\u0105 1000 ton na godzin\u0119.[\/vc_column_text][\/vc_column][vc_column width=&#8221;1\/3&#8243;][vc_column_text]<strong>CECHY<\/strong><br \/>\n\u2022 Du\u017ca wydajno\u015b\u0107 roz\u0142adunku<br \/>\n\u2022 Bardzo dobre w\u0142a\u015bciwo\u015bci kondycjonowania ziarna<br \/>\n\u2022 Bez wbudowanych mechanizm\u00f3w ruchomych<br \/>\n\u2022 Nadaje si\u0119 do wszystkich typ\u00f3w silos\u00f3w betonowych \u2013 niezale\u017cnie od ich \u015brednicy<\/p>\n<p><strong>WYPOSA\u017bENIE DODATKOWE<\/strong><br \/>\n\u2022 Przepustnice odcinaj\u0105ce \u2013 r\u0119czne lub z nap\u0119dem<br \/>\n\u2022 System kana\u0142\u00f3w zewn\u0119trznych[\/vc_column_text][\/vc_column][\/vc_row]<\/p>\n<\/div>","protected":false},"excerpt":{"rendered":"<p>Bezpiecze\u0144stwo to jedna z najwi\u0119kszych zalet KANALSYSTEM\u2122. Jest to system samoczyszcz\u0105cy si\u0119, pozbawiony jakichkolwiek ruchomych cz\u0119\u015bci mechanicznych wewn\u0105trz silosu. Nie wymaga przeno\u015bnika \u015blimakowego zbieraj\u0105cego \u2013 ani wst\u0119pu pracownik\u00f3w do silosu podczas jego opr\u00f3\u017cniania. KANALSYSTEM\u2122 ma wydajno\u015b\u0107 roz\u0142adunku si\u0119gaj\u0105c\u0105 1000 ton na godzin\u0119.<\/p>\n","protected":false},"featured_media":33298,"comment_status":"open","ping_status":"closed","template":"","meta":{"_acf_changed":false},"product_brand":[],"product_cat":[955,963,968,1008,1030,956,1031],"product_tag":[970,959,1007,1003],"class_list":{"0":"post-33710","1":"product","2":"type-product","3":"status-publish","4":"has-post-thumbnail","6":"product_cat-all-products-pl","7":"product_cat-grain-pl","8":"product_cat-material-handling-pl","9":"product_cat-silo-discharge-pl","10":"product_cat-kanalsystem-pl","11":"product_cat-conditioning-pl","12":"product_cat-kanalsystem-conditioning-pl","13":"product_tag-conditioning-pl","14":"product_tag-conditioning-laterals-pl","15":"product_tag-radial-fan-pl","16":"product_tag-storage-pl","17":"pa_products-type-all-products-pl","18":"pa_products-type-grain-pl","19":"description-off","21":"first","22":"instock","23":"shipping-taxable","24":"product-type-simple"},"acf":[],"_links":{"self":[{"href":"https:\/\/www.tornum.com\/pl\/wp-json\/wp\/v2\/product\/33710","targetHints":{"allow":["GET"]}}],"collection":[{"href":"https:\/\/www.tornum.com\/pl\/wp-json\/wp\/v2\/product"}],"about":[{"href":"https:\/\/www.tornum.com\/pl\/wp-json\/wp\/v2\/types\/product"}],"replies":[{"embeddable":true,"href":"https:\/\/www.tornum.com\/pl\/wp-json\/wp\/v2\/comments?post=33710"}],"version-history":[{"count":2,"href":"https:\/\/www.tornum.com\/pl\/wp-json\/wp\/v2\/product\/33710\/revisions"}],"predecessor-version":[{"id":33779,"href":"https:\/\/www.tornum.com\/pl\/wp-json\/wp\/v2\/product\/33710\/revisions\/33779"}],"wp:featuredmedia":[{"embeddable":true,"href":"https:\/\/www.tornum.com\/pl\/wp-json\/wp\/v2\/media\/33298"}],"wp:attachment":[{"href":"https:\/\/www.tornum.com\/pl\/wp-json\/wp\/v2\/media?parent=33710"}],"wp:term":[{"taxonomy":"product_brand","embeddable":true,"href":"https:\/\/www.tornum.com\/pl\/wp-json\/wp\/v2\/product_brand?post=33710"},{"taxonomy":"product_cat","embeddable":true,"href":"https:\/\/www.tornum.com\/pl\/wp-json\/wp\/v2\/product_cat?post=33710"},{"taxonomy":"product_tag","embeddable":true,"href":"https:\/\/www.tornum.com\/pl\/wp-json\/wp\/v2\/product_tag?post=33710"}],"curies":[{"name":"wp","href":"https:\/\/api.w.org\/{rel}","templated":true}]}}