{"id":33711,"date":"2023-05-14T21:06:24","date_gmt":"2023-05-14T21:06:24","guid":{"rendered":"https:\/\/www.tornum.com\/product\/level-indicator\/"},"modified":"2025-07-30T12:29:37","modified_gmt":"2025-07-30T12:29:37","slug":"wskaznik-poziomu","status":"publish","type":"product","link":"https:\/\/www.tornum.com\/pl\/produkt\/wskaznik-poziomu\/","title":{"rendered":"WSKA\u0179NIK POZIOMU"},"content":{"rendered":"<div class=\"wpb-content-wrapper\"><p>[vc_row][vc_column width=&#8221;2\/3&#8243;][vc_column_text]Pojemno\u015bciowe wska\u017aniki poziomu firmy Tornum s\u0105 przeznaczone do kontroli i sterowania automatycznymi systemami transportu ziarna. Dostarcza si\u0119 je ze specjalnym wspornikiem monta\u017cowym o regulowanej wysoko\u015bci, przeznaczonym do monta\u017cu na dachu silosu.[\/vc_column_text][\/vc_column][vc_column width=&#8221;1\/3&#8243;][vc_column_text]<strong>CECHY<\/strong><br \/>\n\u2022 Ruchomy wska\u017anik poziomu pod\u0142\u0105czany do rury o d\u0142ugo\u015bci jednego metra za pomoc\u0105 skrzynki zaciskowej. Mo\u017ce by\u0107 montowany w pozycji zwieszanej lub wpuszczony<br \/>\nw strop, w zale\u017cno\u015bci od k\u0105ta zsypu.<br \/>\n\u2022 Mo\u017ce by\u0107 u\u017cywany w koszu podno\u015bnikowym, aby zatrzymywa\u0107 podno\u015bnik po opr\u00f3\u017cnieniu kosza.<br \/>\n\u2022 Mo\u017ce by\u0107 u\u017cywany w suszarni lub zbiorniku lub silosie, chroni\u0105c przed przepe\u0142nieniem podczas przetaczania zbo\u017ca mi\u0119dzy przeno\u015bnikiem i podno\u015bnikiem.<br \/>\n\u2022 Mo\u017ce by\u0107 u\u017cywany w zbiorniku na koncentrat\/ziarno, do zatrzymywania kruszarni lub m\u0142yna po wyczerpaniu zapasu surowca.<br \/>\n\u2022 Mo\u017ce by\u0107 u\u017cywany w zbiorniku na pasz\u0119, do zatrzymywania kruszarni lub m\u0142yna po nape\u0142nieniu zbiornika.<br \/>\n\u2022 Nieruchomy wska\u017anik poziomu mo\u017cna zamontowa\u0107 w suszarni lub na \u015bcianie zbiornika na ziarno.[\/vc_column_text][\/vc_column][\/vc_row]<\/p>\n<\/div>","protected":false},"excerpt":{"rendered":"<p>Pojemno\u015bciowe wska\u017aniki poziomu firmy Tornum s\u0105 przeznaczone do kontroli i sterowania automatycznymi systemami transportu ziarna. Dostarcza si\u0119 je ze specjalnym wspornikiem monta\u017cowym o regulowanej wysoko\u015bci, przeznaczonym do monta\u017cu na dachu silosu.<\/p>\n","protected":false},"featured_media":50388,"comment_status":"open","ping_status":"closed","template":"","meta":{"_acf_changed":false},"product_brand":[],"product_cat":[955,975,1032],"product_tag":[966,978,980,1003],"class_list":{"0":"post-33711","1":"product","2":"type-product","3":"status-publish","4":"has-post-thumbnail","6":"product_cat-all-products-pl","7":"product_cat-grain-management-pl","8":"product_cat-accessories-grain-management-pl","9":"product_tag-dryer-pl","10":"product_tag-monitoring-pl","11":"product_tag-plc-pl","12":"product_tag-storage-pl","13":"description-off","15":"first","16":"instock","17":"shipping-taxable","18":"product-type-simple"},"acf":[],"_links":{"self":[{"href":"https:\/\/www.tornum.com\/pl\/wp-json\/wp\/v2\/product\/33711","targetHints":{"allow":["GET"]}}],"collection":[{"href":"https:\/\/www.tornum.com\/pl\/wp-json\/wp\/v2\/product"}],"about":[{"href":"https:\/\/www.tornum.com\/pl\/wp-json\/wp\/v2\/types\/product"}],"replies":[{"embeddable":true,"href":"https:\/\/www.tornum.com\/pl\/wp-json\/wp\/v2\/comments?post=33711"}],"version-history":[{"count":3,"href":"https:\/\/www.tornum.com\/pl\/wp-json\/wp\/v2\/product\/33711\/revisions"}],"predecessor-version":[{"id":50415,"href":"https:\/\/www.tornum.com\/pl\/wp-json\/wp\/v2\/product\/33711\/revisions\/50415"}],"wp:featuredmedia":[{"embeddable":true,"href":"https:\/\/www.tornum.com\/pl\/wp-json\/wp\/v2\/media\/50388"}],"wp:attachment":[{"href":"https:\/\/www.tornum.com\/pl\/wp-json\/wp\/v2\/media?parent=33711"}],"wp:term":[{"taxonomy":"product_brand","embeddable":true,"href":"https:\/\/www.tornum.com\/pl\/wp-json\/wp\/v2\/product_brand?post=33711"},{"taxonomy":"product_cat","embeddable":true,"href":"https:\/\/www.tornum.com\/pl\/wp-json\/wp\/v2\/product_cat?post=33711"},{"taxonomy":"product_tag","embeddable":true,"href":"https:\/\/www.tornum.com\/pl\/wp-json\/wp\/v2\/product_tag?post=33711"}],"curies":[{"name":"wp","href":"https:\/\/api.w.org\/{rel}","templated":true}]}}