{"id":33713,"date":"2023-05-14T22:02:05","date_gmt":"2023-05-14T22:02:05","guid":{"rendered":"https:\/\/www.tornum.com\/product\/magnets\/"},"modified":"2025-07-30T12:38:04","modified_gmt":"2025-07-30T12:38:04","slug":"magnesy","status":"publish","type":"product","link":"https:\/\/www.tornum.com\/pl\/produkt\/magnesy\/","title":{"rendered":"MAGNESY"},"content":{"rendered":"<p>Magnesy rurowe Tornum to separatory usuwaj\u0105ce niepo\u017c\u0105dane zanieczyszczenia<br \/>\nw postaci metali ferromagnetycznych z granulat\u00f3w, w\u0142\u00f3kien i materia\u0142\u00f3w gruboziarnistych w ci\u0105gach o spadku grawitacyjnym z du\u017c\u0105 przepustowo\u015bci\u0105. S\u0105 wykonane solidnie i nadaj\u0105 si\u0119 do pracy ci\u0105g\u0142ej. Wyr\u00f3\u017cniaj\u0105 si\u0119 bardzo wysok\u0105 skuteczno\u015bci\u0105 separacji \u2013 pod warunkiem regularnego czyszczenia magnes\u00f3w.<\/p>\n<p>Lej o k\u0105cie 60\u00b0 umo\u017cliwia p\u0142ynny przep\u0142yw produktu i jego dobre rozprowadzenie. Produkt przechodzi przez dwa silne pola magnetyczne, w obr\u0119bie kt\u00f3rych s\u0105 ta\u015bmy prowadz\u0105ce strumie\u0144 produktu na rdze\u0144 magnetyczny.<\/p>\n<p>Sta\u0142y magnes rurowy ma du\u017cy, cylindryczny rdze\u0144 w postaci magnesu trwa\u0142ego<br \/>\no silnym i rozleg\u0142ym polu magnetycznym. Rdze\u0144 magnesu oddziela cz\u0105steczki ferromagnetyczne od strumienia produktu i zatrzymuje je \u2013 nast\u0119pnie mo\u017cna je usun\u0105\u0107, czyszcz\u0105c rdze\u0144.<\/p>\n<p><strong>CHARAKTERYSTYKA:<\/strong><br \/>\n\u2022 Czyszczenie magnesu wymaga przerwania strumienia produktu<br \/>\n\u2022 Obudowa ze stali nierdzewnej<br \/>\n\u2022 Rdze\u0144 magnesu z g\u00f3rnym sto\u017ckiem dla prawid\u0142owego rozprowadzenia materia\u0142u<br \/>\n\u2022 Produkt przechodzi przez dwa silne pola magnetyczne \u2013 gwarantuje to optymaln\u0105 separacj\u0119 zanieczyszcze\u0144 metalicznych<br \/>\n\u2022 Ta\u015bmy prowadz\u0105ce w zsypie produktu kieruj\u0105 materia\u0142 oczyszczany ku rdzeniowi magnesu<br \/>\n\u2022 Wykonanie przeciwwybuchowe Ex II 1\/2D zgodnie z dyrektyw\u0105 ATEX 94\/9\/WE<\/p>\n<h3><strong>MAGNESY P\u0141YTOWE<\/strong><\/h3>\n<p>Magnesy p\u0142ytowe s\u0105 op\u0142acalnymi, solidnymi urz\u0105dzeniami, kt\u00f3re dobrze nadaj\u0105 si\u0119 do usuwania niepo\u017c\u0105danych, ferromagnetycznych zanieczyszcze\u0144 sta\u0142ych ze swobodnie opadaj\u0105cych strumieni produkt\u00f3w, a tak\u017ce produkt\u00f3w przenoszonych na przeno\u015bnikach ta\u015bmowych, zanieczyszczonych stosunkowo niewielkimi ilo\u015bciami drobin metalicznych. Magnesy emituj\u0105 rozleg\u0142e i silne pole magnetyczne, kt\u00f3re wy\u0142apuje cz\u0105steczki ferromagnetyczne z p\u0142yn\u0105cego strumienia produktu, przyci\u0105gaj\u0105c je i zatrzymuj\u0105c na powierzchni magnes\u00f3w.<\/p>\n<p>Dost\u0119pnych jest szereg standardowych wielko\u015bci magnes\u00f3w p\u0142ytowych \u2013 ferrytowych lub neodymowych (Neoflux\u00ae). Magnes mo\u017cna wyczy\u015bci\u0107 wycieraj\u0105c go r\u0119cznie lub p\u00f3\u0142automatycznie \u2013 odchylaj\u0105c p\u0142yt\u0119 oddzielaj\u0105c\u0105 od powierzchni magnesu.<\/p>\n<p>Magnes p\u0142ytowy nadaje si\u0119 do zsyp\u00f3w przeno\u015bnik\u00f3w. Produkt przetaczany przez zsyp przeno\u015bnika mo\u017ce spada\u0107 z bardzo du\u017c\u0105 pr\u0119dko\u015bci\u0105. W takich przypadkach niezb\u0119dny jest silny magnes Neoflux\u00ae. Gdy produkt styka si\u0119 z magnesem lub przep\u0142ywa w jego pobli\u017cu, si\u0142a pola magnetycznego przyci\u0105ga i oddziela cz\u0105steczki ferromagnetyczne, zatrzymuj\u0105c je na powierzchni magnesu.<br \/>\nMagnesy p\u0142ytowe nadaj\u0105 si\u0119 do zwieszania nad przep\u0142ywem produktu lub do monta\u017cu pod strumieniem produktu.<\/p>\n<h3><strong>MAGNESY B\u0118BNOWE<\/strong><\/h3>\n<p>Magnesy b\u0119bnowe s\u0105 zwykle u\u017cywane do oczyszczania materia\u0142\u00f3w sypkich, granulat\u00f3w, w\u0142\u00f3kien i materia\u0142\u00f3w gruboziarnistych zanieczyszczonych du\u017cymi ilo\u015bciami metali ferromagnetycznych. Separatory magnetyczne chroni\u0105 produkt ko\u0144cowy przed zanieczyszczeniem. Chroni\u0105 tak\u017ce urz\u0105dzenia w dalszym ci\u0105gu technologicznym przed ich uszkodzeniem zanieczyszczeniami metalicznymi.<\/p>\n<p>Magnesy b\u0119bnowe usuwaj\u0105 niepo\u017c\u0105dane ferromagnetyczne zanieczyszczenia metaliczne, np. z \u017celaza lub stali, a tak\u017ce cz\u0105stki s\u0142abo magnetyczne, np. przerobion\u0105 stal nierdzewn\u0105, z materia\u0142\u00f3w sypkich przetaczanych z du\u017c\u0105 przepustowo\u015bci\u0105 ci\u0105gami<br \/>\no spadku grawitacyjnym.<\/p>\n<p>Magnes b\u0119bnowy ma posta\u0107 nieruchomego wycinka o promieniu 180\u00b0, wok\u00f3\u0142 kt\u00f3rego wiruje b\u0119ben ze stali nierdzewnej. Magnes b\u0119bnowy jest uk\u0142adem pracy ci\u0105g\u0142ej, kt\u00f3rego opr\u00f3\u017cnienie z zatrzymanych drobin metali nie wymaga przerwania przep\u0142ywu produktu. Dzi\u0119ki temu magnes b\u0119bnowy doskonale nadaje si\u0119 do separacji du\u017cych ilo\u015bci zanieczyszcze\u0144 ferromagnetycznych.<\/p>\n","protected":false},"excerpt":{"rendered":"<p>Magnesy rurowe Tornum to separatory usuwaj\u0105ce niepo\u017c\u0105dane zanieczyszczenia w postaci metali ferromagnetycznych z granulat\u00f3w, w\u0142\u00f3kien i materia\u0142\u00f3w gruboziarnistych w ci\u0105gach o spadku grawitacyjnym z du\u017c\u0105 przepustowo\u015bci\u0105. S\u0105 wykonane solidnie i nadaj\u0105 si\u0119 do pracy ci\u0105g\u0142ej. Wyr\u00f3\u017cniaj\u0105 si\u0119 bardzo wysok\u0105 skuteczno\u015bci\u0105 separacji \u2013 pod warunkiem regularnego czyszczenia magnes\u00f3w.<\/p>\n","protected":false},"featured_media":33455,"comment_status":"open","ping_status":"closed","template":"","meta":{"_acf_changed":false},"product_brand":[],"product_cat":[955,973,962,963,968,1033],"product_tag":[997,1034,972,989],"class_list":{"0":"post-33713","1":"product","2":"type-product","3":"status-publish","4":"has-post-thumbnail","6":"product_cat-all-products-pl","7":"product_cat-feed-pl","8":"product_cat-food-2-pl","9":"product_cat-grain-pl","10":"product_cat-material-handling-pl","11":"product_cat-pipe-system-pl","12":"product_tag-cleaning-pl","13":"product_tag-pipes-pl","14":"product_tag-separation-pl","15":"product_tag-transport-pl","16":"description-off","18":"first","19":"instock","20":"shipping-taxable","21":"product-type-simple"},"acf":[],"_links":{"self":[{"href":"https:\/\/www.tornum.com\/pl\/wp-json\/wp\/v2\/product\/33713","targetHints":{"allow":["GET"]}}],"collection":[{"href":"https:\/\/www.tornum.com\/pl\/wp-json\/wp\/v2\/product"}],"about":[{"href":"https:\/\/www.tornum.com\/pl\/wp-json\/wp\/v2\/types\/product"}],"replies":[{"embeddable":true,"href":"https:\/\/www.tornum.com\/pl\/wp-json\/wp\/v2\/comments?post=33713"}],"version-history":[{"count":2,"href":"https:\/\/www.tornum.com\/pl\/wp-json\/wp\/v2\/product\/33713\/revisions"}],"predecessor-version":[{"id":33795,"href":"https:\/\/www.tornum.com\/pl\/wp-json\/wp\/v2\/product\/33713\/revisions\/33795"}],"wp:featuredmedia":[{"embeddable":true,"href":"https:\/\/www.tornum.com\/pl\/wp-json\/wp\/v2\/media\/33455"}],"wp:attachment":[{"href":"https:\/\/www.tornum.com\/pl\/wp-json\/wp\/v2\/media?parent=33713"}],"wp:term":[{"taxonomy":"product_brand","embeddable":true,"href":"https:\/\/www.tornum.com\/pl\/wp-json\/wp\/v2\/product_brand?post=33713"},{"taxonomy":"product_cat","embeddable":true,"href":"https:\/\/www.tornum.com\/pl\/wp-json\/wp\/v2\/product_cat?post=33713"},{"taxonomy":"product_tag","embeddable":true,"href":"https:\/\/www.tornum.com\/pl\/wp-json\/wp\/v2\/product_tag?post=33713"}],"curies":[{"name":"wp","href":"https:\/\/api.w.org\/{rel}","templated":true}]}}