{"id":33714,"date":"2023-06-12T11:27:56","date_gmt":"2023-06-12T11:27:56","guid":{"rendered":"https:\/\/www.tornum.com\/product\/nmc-natural-moisture-control\/"},"modified":"2025-08-01T06:57:43","modified_gmt":"2025-08-01T06:57:43","slug":"nmc-natural-moisture-control","status":"publish","type":"product","link":"https:\/\/www.tornum.com\/pl\/produkt\/nmc-natural-moisture-control\/","title":{"rendered":"NMC &#8211; NATURAL MOISTURE CONTROL"},"content":{"rendered":"<div class=\"wpb-content-wrapper\"><p>[vc_row][vc_column width=&#8221;1\/2&#8243;][vc_column_text]Nasz autorski system sterowania NMC \u2013 Natural Moisture Control \u2013 daje pe\u0142n\u0105 kontrol\u0119 nad ca\u0142ym procesem suszenia i przechowywania ziarna w silosie suszarniczym lub magazynowym. System dzia\u0142a w spos\u00f3b czynny, reguluj\u0105c przebieg suszenia, wentylacji, jak i mieszanie w spos\u00f3b odpowiadaj\u0105cy rzeczywistym warunkom panuj\u0105cym w magazynie \u2013 i poza nim. NMC odpowiada za dok\u0142adny, energooszcz\u0119dny proces suszenia, dzi\u0119ki kt\u00f3remu ziarna b\u0119d\u0105 gotowe do wydania. U\u017cywaj\u0105c tego systemu mo\u017cesz liczy\u0107 na wysok\u0105 jako\u015b\u0107 i warto\u015b\u0107 twojego ziarna a\u017c do ko\u0144ca jego magazynowania.[\/vc_column_text][\/vc_column][vc_column width=&#8221;1\/2&#8243;][vc_column_text]<strong>Aktywny pomiar<br \/>\n<\/strong>System NMC w spos\u00f3b ci\u0105g\u0142y mierzy i analizuje wszystkie informacje z pod\u0142\u0105czonych do niego czujnik\u00f3w. Gdy system wykryje jakie\u015b nieprawid\u0142owo\u015bci, sygnalizuje je alarmem i mo\u017ce samodzielnie przesterowa\u0107 wentylatory i mieszad\u0142a pod jego kontrol\u0105.<\/p>\n<p><strong>Mniejsze zu\u017cycie energii<br \/>\n<\/strong>System mierzy temperatur\u0119 i wilgotno\u015b\u0107 zar\u00f3wno wewn\u0105trz, jak i na zewn\u0105trz silosu<br \/>\ni odpowiednio reguluje przebieg procesu w reakcji na warto\u015bci z pomiar\u00f3w.<\/p>\n<p><strong>Swoboda i oszcz\u0119dno\u015b\u0107 czasu<br \/>\n<\/strong>System NMC dzia\u0142a w chmurze komputerowej \u2013 mo\u017cna go kontrolowa\u0107 i nadzorowa\u0107 za pomoc\u0105 urz\u0105dze\u0144 mobilnych i komputer\u00f3w. Mo\u017cesz mie\u0107 pe\u0142n\u0105 kontrol\u0119 bez wzgl\u0119du na to, gdzie jeste\u015b.<\/p>\n<p><strong>Delikatne suszenie<br \/>\n<\/strong>Zmieniaj\u0105c parametry procesu suszenia odpowiednio do warunk\u00f3w otoczenia<br \/>\ni wy\u0142\u0105cznie za pomoc\u0105 regulacji przep\u0142ywu powietrza, system na\u015bladuje naturalny spos\u00f3b suszenia ziarna. Skutkuje to \u0142agodnym przebiegiem suszenia, bez gwa\u0142townych zmian, kt\u00f3re mog\u0142yby dzia\u0142a\u0107 szkodliwie na ziarno.[\/vc_column_text][\/vc_column][\/vc_row]<\/p>\n<\/div>","protected":false},"excerpt":{"rendered":"<p>System NMC w spos\u00f3b ci\u0105g\u0142y mierzy i analizuje wszystkie informacje z pod\u0142\u0105czonych do niego czujnik\u00f3w. Gdy system wykryje jakie\u015b nieprawid\u0142owo\u015bci, sygnalizuje je alarmem i mo\u017ce samodzielnie przesterowa\u0107 wentylatory i mieszad\u0142a pod jego kontrol\u0105.<\/p>\n","protected":false},"featured_media":53387,"comment_status":"open","ping_status":"closed","template":"","meta":{"_acf_changed":false},"product_brand":[],"product_cat":[955,963,975,1035],"product_tag":[978,1003],"class_list":{"0":"post-33714","1":"product","2":"type-product","3":"status-publish","4":"has-post-thumbnail","6":"product_cat-all-products-pl","7":"product_cat-grain-pl","8":"product_cat-grain-management-pl","9":"product_cat-nmc-pl","10":"product_tag-monitoring-pl","11":"product_tag-storage-pl","12":"description-off","14":"first","15":"instock","16":"shipping-taxable","17":"product-type-simple"},"acf":[],"_links":{"self":[{"href":"https:\/\/www.tornum.com\/pl\/wp-json\/wp\/v2\/product\/33714","targetHints":{"allow":["GET"]}}],"collection":[{"href":"https:\/\/www.tornum.com\/pl\/wp-json\/wp\/v2\/product"}],"about":[{"href":"https:\/\/www.tornum.com\/pl\/wp-json\/wp\/v2\/types\/product"}],"replies":[{"embeddable":true,"href":"https:\/\/www.tornum.com\/pl\/wp-json\/wp\/v2\/comments?post=33714"}],"version-history":[{"count":4,"href":"https:\/\/www.tornum.com\/pl\/wp-json\/wp\/v2\/product\/33714\/revisions"}],"predecessor-version":[{"id":51100,"href":"https:\/\/www.tornum.com\/pl\/wp-json\/wp\/v2\/product\/33714\/revisions\/51100"}],"wp:featuredmedia":[{"embeddable":true,"href":"https:\/\/www.tornum.com\/pl\/wp-json\/wp\/v2\/media\/53387"}],"wp:attachment":[{"href":"https:\/\/www.tornum.com\/pl\/wp-json\/wp\/v2\/media?parent=33714"}],"wp:term":[{"taxonomy":"product_brand","embeddable":true,"href":"https:\/\/www.tornum.com\/pl\/wp-json\/wp\/v2\/product_brand?post=33714"},{"taxonomy":"product_cat","embeddable":true,"href":"https:\/\/www.tornum.com\/pl\/wp-json\/wp\/v2\/product_cat?post=33714"},{"taxonomy":"product_tag","embeddable":true,"href":"https:\/\/www.tornum.com\/pl\/wp-json\/wp\/v2\/product_tag?post=33714"}],"curies":[{"name":"wp","href":"https:\/\/api.w.org\/{rel}","templated":true}]}}