{"id":33715,"date":"2023-05-14T21:02:04","date_gmt":"2023-05-14T21:02:04","guid":{"rendered":"https:\/\/www.tornum.com\/product\/relay-cabinet\/"},"modified":"2025-07-30T13:00:53","modified_gmt":"2025-07-30T13:00:53","slug":"szafa-sterownika-plc","status":"publish","type":"product","link":"https:\/\/www.tornum.com\/pl\/produkt\/szafa-sterownika-plc\/","title":{"rendered":"SZAFA STEROWNIKA PLC"},"content":{"rendered":"<div class=\"wpb-content-wrapper\"><p>[vc_row][vc_column width=&#8221;2\/3&#8243;][vc_column_text]Szafy sterownik\u00f3w PLC firmy TORNUM to urz\u0105dzenia projektowane i kompletowane na specjalne zam\u00f3wienie klienta. Szafa mie\u015bci w sobie sterownik urz\u0105dze\u0144 suszarniczych. Montuje si\u0119 j\u0105 w dogodnym i bezpiecznym dla niej miejscu.[\/vc_column_text][\/vc_column][vc_column width=&#8221;1\/3&#8243;][vc_column_text]<strong>BUDOWA I FUNKCJE<\/strong><br \/>\n\u2022 Sterownik PLC<br \/>\n\u2022 Solidna konstrukcja[\/vc_column_text][\/vc_column][\/vc_row]<\/p>\n<\/div>","protected":false},"excerpt":{"rendered":"<p>Szafy sterownik\u00f3w PLC firmy TORNUM to urz\u0105dzenia projektowane i kompletowane na specjalne zam\u00f3wienie klienta.<\/p>\n","protected":false},"featured_media":33476,"comment_status":"open","ping_status":"closed","template":"","meta":{"_acf_changed":false},"product_brand":[],"product_cat":[955,975,1032],"product_tag":[978,979,980],"class_list":{"0":"post-33715","1":"product","2":"type-product","3":"status-publish","4":"has-post-thumbnail","6":"product_cat-all-products-pl","7":"product_cat-grain-management-pl","8":"product_cat-accessories-grain-management-pl","9":"product_tag-monitoring-pl","10":"product_tag-pc-pl","11":"product_tag-plc-pl","12":"description-off","14":"first","15":"instock","16":"shipping-taxable","17":"product-type-simple"},"acf":[],"_links":{"self":[{"href":"https:\/\/www.tornum.com\/pl\/wp-json\/wp\/v2\/product\/33715","targetHints":{"allow":["GET"]}}],"collection":[{"href":"https:\/\/www.tornum.com\/pl\/wp-json\/wp\/v2\/product"}],"about":[{"href":"https:\/\/www.tornum.com\/pl\/wp-json\/wp\/v2\/types\/product"}],"replies":[{"embeddable":true,"href":"https:\/\/www.tornum.com\/pl\/wp-json\/wp\/v2\/comments?post=33715"}],"version-history":[{"count":2,"href":"https:\/\/www.tornum.com\/pl\/wp-json\/wp\/v2\/product\/33715\/revisions"}],"predecessor-version":[{"id":33803,"href":"https:\/\/www.tornum.com\/pl\/wp-json\/wp\/v2\/product\/33715\/revisions\/33803"}],"wp:featuredmedia":[{"embeddable":true,"href":"https:\/\/www.tornum.com\/pl\/wp-json\/wp\/v2\/media\/33476"}],"wp:attachment":[{"href":"https:\/\/www.tornum.com\/pl\/wp-json\/wp\/v2\/media?parent=33715"}],"wp:term":[{"taxonomy":"product_brand","embeddable":true,"href":"https:\/\/www.tornum.com\/pl\/wp-json\/wp\/v2\/product_brand?post=33715"},{"taxonomy":"product_cat","embeddable":true,"href":"https:\/\/www.tornum.com\/pl\/wp-json\/wp\/v2\/product_cat?post=33715"},{"taxonomy":"product_tag","embeddable":true,"href":"https:\/\/www.tornum.com\/pl\/wp-json\/wp\/v2\/product_tag?post=33715"}],"curies":[{"name":"wp","href":"https:\/\/api.w.org\/{rel}","templated":true}]}}