{"id":33716,"date":"2023-05-04T12:51:09","date_gmt":"2023-05-04T12:51:09","guid":{"rendered":"https:\/\/www.tornum.com\/product\/rail-loading-equipment\/"},"modified":"2024-05-24T13:36:36","modified_gmt":"2024-05-24T13:36:36","slug":"system-zaladunku-kolejowego","status":"publish","type":"product","link":"https:\/\/www.tornum.com\/pl\/produkt\/system-zaladunku-kolejowego\/","title":{"rendered":"SYSTEM ZA\u0141ADUNKU KOLEJOWEGO"},"content":{"rendered":"<div class=\"wpb-content-wrapper\"><p>[vc_row][vc_column width=&#8221;2\/3&#8243;][vc_column_text]<\/p>\n<div class=\"content o-stack-sm c-text\">\n<p>Silosy do za\u0142adunku kolejowego firmy Tornum umo\u017cliwiaj\u0105 sprawny i szybki za\u0142adunek ziarna do wagon\u00f3w. Zesp\u00f3\u0142 za\u0142adunkowy sk\u0142ada si\u0119 z ramy mieszcz\u0105cej w sobie cztery kwadratowe zbiorniki o \u0142\u0105cznej pojemno\u015bci si\u0119gaj\u0105cej 320 m<sup>3<\/sup>. Mo\u017cemy r\u00f3wnie\u017c wykona\u0107 okr\u0105g\u0142e zbiorniki za\u0142adunkowe o r\u00f3\u017cnej pojemno\u015bci.<\/p>\n<\/div>\n<p>[\/vc_column_text][\/vc_column][vc_column width=&#8221;1\/3&#8243;][\/vc_column][\/vc_row]<\/p>\n<\/div>","protected":false},"excerpt":{"rendered":"<div class=\"content o-stack-sm c-text\">\n<p>Silosy do za\u0142adunku kolejowego firmy Tornum umo\u017cliwiaj\u0105 sprawny i szybki za\u0142adunek ziarna do wagon\u00f3w. Zesp\u00f3\u0142 za\u0142adunkowy sk\u0142ada si\u0119 z ramy mieszcz\u0105cej w sobie cztery kwadratowe zbiorniki o \u0142\u0105cznej pojemno\u015bci si\u0119gaj\u0105cej 320 m<sup>3<\/sup>. Mo\u017cemy r\u00f3wnie\u017c wykona\u0107 okr\u0105g\u0142e zbiorniki za\u0142adunkowe o r\u00f3\u017cnej pojemno\u015bci.<\/p>\n<\/div>\n","protected":false},"featured_media":33464,"comment_status":"open","ping_status":"closed","template":"","meta":{"_acf_changed":false},"product_brand":[],"product_cat":[955,962,963,1000,1004],"product_tag":[987,1003,989],"class_list":{"0":"post-33716","1":"product","2":"type-product","3":"status-publish","4":"has-post-thumbnail","6":"product_cat-all-products-pl","7":"product_cat-food-2-pl","8":"product_cat-grain-pl","9":"product_cat-storage-pl","10":"product_cat-bulk-loading-bin-pl","11":"product_tag-bin-pl","12":"product_tag-storage-pl","13":"product_tag-transport-pl","14":"description-off","16":"first","17":"instock","18":"shipping-taxable","19":"product-type-simple"},"acf":[],"_links":{"self":[{"href":"https:\/\/www.tornum.com\/pl\/wp-json\/wp\/v2\/product\/33716","targetHints":{"allow":["GET"]}}],"collection":[{"href":"https:\/\/www.tornum.com\/pl\/wp-json\/wp\/v2\/product"}],"about":[{"href":"https:\/\/www.tornum.com\/pl\/wp-json\/wp\/v2\/types\/product"}],"replies":[{"embeddable":true,"href":"https:\/\/www.tornum.com\/pl\/wp-json\/wp\/v2\/comments?post=33716"}],"version-history":[{"count":2,"href":"https:\/\/www.tornum.com\/pl\/wp-json\/wp\/v2\/product\/33716\/revisions"}],"predecessor-version":[{"id":33807,"href":"https:\/\/www.tornum.com\/pl\/wp-json\/wp\/v2\/product\/33716\/revisions\/33807"}],"wp:featuredmedia":[{"embeddable":true,"href":"https:\/\/www.tornum.com\/pl\/wp-json\/wp\/v2\/media\/33464"}],"wp:attachment":[{"href":"https:\/\/www.tornum.com\/pl\/wp-json\/wp\/v2\/media?parent=33716"}],"wp:term":[{"taxonomy":"product_brand","embeddable":true,"href":"https:\/\/www.tornum.com\/pl\/wp-json\/wp\/v2\/product_brand?post=33716"},{"taxonomy":"product_cat","embeddable":true,"href":"https:\/\/www.tornum.com\/pl\/wp-json\/wp\/v2\/product_cat?post=33716"},{"taxonomy":"product_tag","embeddable":true,"href":"https:\/\/www.tornum.com\/pl\/wp-json\/wp\/v2\/product_tag?post=33716"}],"curies":[{"name":"wp","href":"https:\/\/api.w.org\/{rel}","templated":true}]}}