{"id":33717,"date":"2023-04-03T13:08:41","date_gmt":"2023-04-03T13:08:41","guid":{"rendered":"https:\/\/www.tornum.com\/product\/receiving-hopper\/"},"modified":"2025-07-30T13:16:40","modified_gmt":"2025-07-30T13:16:40","slug":"lej-przyjeciowy","status":"publish","type":"product","link":"https:\/\/www.tornum.com\/pl\/produkt\/lej-przyjeciowy\/","title":{"rendered":"LEJ PRZYJ\u0118CIOWY"},"content":{"rendered":"<div class=\"wpb-content-wrapper\"><p>[vc_row][vc_column width=&#8221;2\/3&#8243;][vc_column_text]Lej przyj\u0119ciowy TORNUM opracowano w odpowiedzi na zapotrzebowanie rynku na prosty system odbioru ziarna z pojazd\u00f3w ci\u0119\u017carowych. Lej przyj\u0119ciowy montowany jest powy\u017cej poziomu gruntu, co ogranicza zakres rob\u00f3t budowlanych i ziemnych do niezb\u0119dnego minimum.<\/p>\n<p>Dost\u0119pne s\u0105 cztery r\u00f3\u017cne wielko\u015bci leja przyj\u0119ciowego, o zmiennej wysoko\u015bci kosza. Szeroko\u015b\u0107 leja jest niezmienna i si\u0119ga 4,5 m. Wydajno\u015b\u0107 przeno\u015bnika na dnie leja mo\u017ce wynosi\u0107 od 30 do 120 ton\/godz, wedle wymaga\u0144 klienta.<\/p>\n<p>[\/vc_column_text][\/vc_column][vc_column width=&#8221;1\/3&#8243;][\/vc_column][\/vc_row]<\/p>\n<\/div>","protected":false},"excerpt":{"rendered":"<p>Lej przyj\u0119ciowy TORNUM opracowano w odpowiedzi na zapotrzebowanie rynku na prosty system odbioru ziarna z pojazd\u00f3w ci\u0119\u017carowych. Lej przyj\u0119ciowy montowany jest powy\u017cej poziomu gruntu, co ogranicza zakres rob\u00f3t budowlanych i ziemnych do niezb\u0119dnego minimum.<\/p>\n","protected":false},"featured_media":33314,"comment_status":"open","ping_status":"closed","template":"","meta":{"_acf_changed":false},"product_brand":[],"product_cat":[955,973,962,963,968,990,991],"product_tag":[987,966,989],"class_list":{"0":"post-33717","1":"product","2":"type-product","3":"status-publish","4":"has-post-thumbnail","6":"product_cat-all-products-pl","7":"product_cat-feed-pl","8":"product_cat-food-2-pl","9":"product_cat-grain-pl","10":"product_cat-material-handling-pl","11":"product_cat-intake-pit-pl","12":"product_cat-intake-pit-storage-pl","13":"product_tag-bin-pl","14":"product_tag-dryer-pl","15":"product_tag-transport-pl","16":"pa_products-type-grain-pl","17":"description-off","19":"first","20":"instock","21":"shipping-taxable","22":"product-type-simple"},"acf":[],"_links":{"self":[{"href":"https:\/\/www.tornum.com\/pl\/wp-json\/wp\/v2\/product\/33717","targetHints":{"allow":["GET"]}}],"collection":[{"href":"https:\/\/www.tornum.com\/pl\/wp-json\/wp\/v2\/product"}],"about":[{"href":"https:\/\/www.tornum.com\/pl\/wp-json\/wp\/v2\/types\/product"}],"replies":[{"embeddable":true,"href":"https:\/\/www.tornum.com\/pl\/wp-json\/wp\/v2\/comments?post=33717"}],"version-history":[{"count":2,"href":"https:\/\/www.tornum.com\/pl\/wp-json\/wp\/v2\/product\/33717\/revisions"}],"predecessor-version":[{"id":33811,"href":"https:\/\/www.tornum.com\/pl\/wp-json\/wp\/v2\/product\/33717\/revisions\/33811"}],"wp:featuredmedia":[{"embeddable":true,"href":"https:\/\/www.tornum.com\/pl\/wp-json\/wp\/v2\/media\/33314"}],"wp:attachment":[{"href":"https:\/\/www.tornum.com\/pl\/wp-json\/wp\/v2\/media?parent=33717"}],"wp:term":[{"taxonomy":"product_brand","embeddable":true,"href":"https:\/\/www.tornum.com\/pl\/wp-json\/wp\/v2\/product_brand?post=33717"},{"taxonomy":"product_cat","embeddable":true,"href":"https:\/\/www.tornum.com\/pl\/wp-json\/wp\/v2\/product_cat?post=33717"},{"taxonomy":"product_tag","embeddable":true,"href":"https:\/\/www.tornum.com\/pl\/wp-json\/wp\/v2\/product_tag?post=33717"}],"curies":[{"name":"wp","href":"https:\/\/api.w.org\/{rel}","templated":true}]}}