{"id":33718,"date":"2023-09-04T11:17:20","date_gmt":"2023-09-04T11:17:20","guid":{"rendered":"https:\/\/www.tornum.com\/product\/round-ducts\/"},"modified":"2025-07-30T13:23:17","modified_gmt":"2025-07-30T13:23:17","slug":"kanaly-okragle","status":"publish","type":"product","link":"https:\/\/www.tornum.com\/pl\/produkt\/kanaly-okragle\/","title":{"rendered":"KANA\u0141Y OKR\u0104G\u0141E"},"content":{"rendered":"<div class=\"content o-stack-sm c-text\">\n<p>Modu\u0142owe systemy kana\u0142\u00f3w rurowych o precyzyjnie wykonanych ko\u0144cach ko\u0142nierzowych nadaj\u0105 si\u0119 w szczeg\u00f3lno\u015bci do transportu ziarna i wielu towar\u00f3w sypkich. Rury spawane wzd\u0142u\u017cnie ze spoin\u0105 na folii wyr\u00f3\u017cniaj\u0105 si\u0119 du\u017c\u0105 dok\u0142adno\u015bci\u0105 wymiarow\u0105 wykonania oraz s\u0105 odporne na korozj\u0119. System modu\u0142owy umo\u017cliwia wymian\u0119 cz\u0119\u015bci kana\u0142\u00f3w, a tak\u017ce rozbudow\u0119 ju\u017c istniej\u0105cej ich instalacji w zale\u017cno\u015bci od potrzeb klienta. Odcinki kana\u0142\u00f3w o \u015brednicy od 100 do 400 mm s\u0105 dost\u0119pne na stanie magazynowym. Mo\u017cemy szybko zrealizowa\u0107 dostawy niestandardowe dzi\u0119ki zaawansowanemu technicznie parkowi maszyn produkcyjnych.<\/p>\n<p>Kana\u0142y s\u0105 r\u00f3wnie\u017c dost\u0119pne z ok\u0142adzinami chroni\u0105cymi przed \u015bcieraniem, przeznaczonymi do intensywnej eksploatacji. Ok\u0142adziny wykonuje si\u0119 z tworzywa sztucznego odpornego na tarcie mechaniczne. Oferuj\u0105 trwa\u0142o\u015b\u0107 u\u017cytkow\u0105 nawet 10-krotnie d\u0142u\u017csz\u0105 ni\u017c przy wykonaniu standardowym. Ok\u0142adzin\u0119 wewn\u0119trzn\u0105 kana\u0142u mo\u017cna wymieni\u0107 wykonuj\u0105c kilka prostych czynno\u015bci.<\/p>\n<\/div>\n","protected":false},"excerpt":{"rendered":"<p>Nasze modu\u0142owe systemy kana\u0142\u00f3w okr\u0105g\u0142ych s\u0105 dost\u0119pne w r\u00f3\u017cnych rozmiarach nominalnych, grubo\u015bciach, \u015brednicach, z wyko\u0144czeniem w ocynku lub pow\u0142okami malarskimi, z wewn\u0119trzn\u0105 ok\u0142adzin\u0105 ochronn\u0105 z tworzywa APS o du\u017cej g\u0119sto\u015bci lub bez niej. Nadaj\u0105 si\u0119 do wszelkich zastosowa\u0144 w gospodarstwach rolnych, zak\u0142adach przemys\u0142u rolnego i instalacjach zawodowych.<\/p>\n","protected":false},"featured_media":33467,"comment_status":"open","ping_status":"closed","template":"","meta":{"_acf_changed":false},"product_brand":[],"product_cat":[955,973,962,963,968,1033],"product_tag":[1034,1007],"class_list":{"0":"post-33718","1":"product","2":"type-product","3":"status-publish","4":"has-post-thumbnail","6":"product_cat-all-products-pl","7":"product_cat-feed-pl","8":"product_cat-food-2-pl","9":"product_cat-grain-pl","10":"product_cat-material-handling-pl","11":"product_cat-pipe-system-pl","12":"product_tag-pipes-pl","13":"product_tag-radial-fan-pl","15":"first","16":"instock","17":"shipping-taxable","18":"product-type-simple"},"acf":[],"_links":{"self":[{"href":"https:\/\/www.tornum.com\/pl\/wp-json\/wp\/v2\/product\/33718","targetHints":{"allow":["GET"]}}],"collection":[{"href":"https:\/\/www.tornum.com\/pl\/wp-json\/wp\/v2\/product"}],"about":[{"href":"https:\/\/www.tornum.com\/pl\/wp-json\/wp\/v2\/types\/product"}],"replies":[{"embeddable":true,"href":"https:\/\/www.tornum.com\/pl\/wp-json\/wp\/v2\/comments?post=33718"}],"version-history":[{"count":2,"href":"https:\/\/www.tornum.com\/pl\/wp-json\/wp\/v2\/product\/33718\/revisions"}],"predecessor-version":[{"id":33815,"href":"https:\/\/www.tornum.com\/pl\/wp-json\/wp\/v2\/product\/33718\/revisions\/33815"}],"wp:featuredmedia":[{"embeddable":true,"href":"https:\/\/www.tornum.com\/pl\/wp-json\/wp\/v2\/media\/33467"}],"wp:attachment":[{"href":"https:\/\/www.tornum.com\/pl\/wp-json\/wp\/v2\/media?parent=33718"}],"wp:term":[{"taxonomy":"product_brand","embeddable":true,"href":"https:\/\/www.tornum.com\/pl\/wp-json\/wp\/v2\/product_brand?post=33718"},{"taxonomy":"product_cat","embeddable":true,"href":"https:\/\/www.tornum.com\/pl\/wp-json\/wp\/v2\/product_cat?post=33718"},{"taxonomy":"product_tag","embeddable":true,"href":"https:\/\/www.tornum.com\/pl\/wp-json\/wp\/v2\/product_tag?post=33718"}],"curies":[{"name":"wp","href":"https:\/\/api.w.org\/{rel}","templated":true}]}}