{"id":33719,"date":"2023-05-14T20:19:26","date_gmt":"2023-05-14T20:19:26","guid":{"rendered":"https:\/\/www.tornum.com\/product\/screw-auger\/"},"modified":"2025-07-31T05:32:01","modified_gmt":"2025-07-31T05:32:01","slug":"przenosnik-slimakowy","status":"publish","type":"product","link":"https:\/\/www.tornum.com\/pl\/produkt\/przenosnik-slimakowy\/","title":{"rendered":"PRZENO\u015aNIK \u015aLIMAKOWY"},"content":{"rendered":"<p>Przeno\u015bnik \u015blimakowy TORNUM nadaje si\u0119 do przetaczania materia\u0142\u00f3w ziarnistych<br \/>\ni sypkich, takich jak ziarno, pasza, granulaty czy pelety drewniane. Mo\u017ce pracowa\u0107 pod r\u00f3\u017cnymi k\u0105tami nachylenia \u2013 umo\u017cliwiaj\u0105c transport poziomy i pionowy. Mo\u017cemy przygotowa\u0107 przeno\u015bniki \u015blimakowe w wykonaniu pod konkretne materia\u0142y i o oczekiwanej przez klienta przepustowo\u015bci.<\/p>\n<p>Zasada dzia\u0142ania naszego przeno\u015bnika \u015blimakowego polega na obrotach \u015bruby spiralnej (\u015blimaka) na centralnym wale wewn\u0105trz obudowy w postaci stalowej rury. System rur obudowy sk\u0142ada si\u0119 z odcink\u00f3w o sta\u0142ej, standardowej d\u0142ugo\u015bci, kt\u00f3re montuje si\u0119, aby skompletowa\u0107 przeno\u015bnik o zam\u00f3wionej d\u0142ugo\u015bci.<\/p>\n<p>Istniej\u0105 dwa g\u0142\u00f3wne typy zespo\u0142\u00f3w nap\u0119dowych dla tych urz\u0105dze\u0144: tak zwany nap\u0119d bezpo\u015bredni, w kt\u00f3rego przypadku silnik jest pod\u0142\u0105czony bezpo\u015brednio do \u015blimaka wy\u0142\u0105cznie za pomoc\u0105 sprz\u0119g\u0142a, albo otwarta przek\u0142adnia z nap\u0119dem \u0142a\u0144cuchowym lub paskiem klinowym.<\/p>\n<p>\u015aruba \u015blimaka sk\u0142ada si\u0119 ze stalowej spirali przymocowanej do osi w postaci stalowej rury. Dost\u0119pne s\u0105 r\u00f3\u017cne \u015brednice \u015blimak\u00f3w dla ka\u017cdej z g\u0142\u00f3wnych grup urz\u0105dze\u0144. Skok i \u015brednic\u0119 \u015bruby nale\u017cy dobra\u0107 do rodzaju przetaczanego materia\u0142u i oczekiwanej przepustowo\u015bci przeno\u015bnika. Rura zewn\u0119trzna obudowy \u015blimaka wykonana jest ze stali ocynkowanej. \u015aruba i rura obudowy tworz\u0105 tzw. przed\u0142u\u017cenie.<\/p>\n","protected":false},"excerpt":{"rendered":"<p>Przeno\u015bnik \u015blimakowy TORNUM nadaje si\u0119 do przetaczania materia\u0142\u00f3w ziarnistych i sypkich, takich jak ziarno, pasza, granulaty czy pelety drewniane. Mo\u017ce pracowa\u0107 pod r\u00f3\u017cnymi k\u0105tami nachylenia \u2013 umo\u017cliwiaj\u0105c transport poziomy i pionowy. Mo\u017cemy przygotowa\u0107 przeno\u015bniki \u015blimakowe w wykonaniu pod konkretne materia\u0142y i o oczekiwanej przez klienta przepustowo\u015bci.<\/p>\n","protected":false},"featured_media":33380,"comment_status":"open","ping_status":"closed","template":"","meta":{"_acf_changed":false},"product_brand":[],"product_cat":[955,973,962,963,968,1009],"product_tag":[1003,989],"class_list":{"0":"post-33719","1":"product","2":"type-product","3":"status-publish","4":"has-post-thumbnail","6":"product_cat-all-products-pl","7":"product_cat-feed-pl","8":"product_cat-food-2-pl","9":"product_cat-grain-pl","10":"product_cat-material-handling-pl","11":"product_cat-screw-auger-pl","12":"product_tag-storage-pl","13":"product_tag-transport-pl","14":"description-off","16":"first","17":"instock","18":"shipping-taxable","19":"product-type-simple"},"acf":[],"_links":{"self":[{"href":"https:\/\/www.tornum.com\/pl\/wp-json\/wp\/v2\/product\/33719","targetHints":{"allow":["GET"]}}],"collection":[{"href":"https:\/\/www.tornum.com\/pl\/wp-json\/wp\/v2\/product"}],"about":[{"href":"https:\/\/www.tornum.com\/pl\/wp-json\/wp\/v2\/types\/product"}],"replies":[{"embeddable":true,"href":"https:\/\/www.tornum.com\/pl\/wp-json\/wp\/v2\/comments?post=33719"}],"version-history":[{"count":2,"href":"https:\/\/www.tornum.com\/pl\/wp-json\/wp\/v2\/product\/33719\/revisions"}],"predecessor-version":[{"id":33819,"href":"https:\/\/www.tornum.com\/pl\/wp-json\/wp\/v2\/product\/33719\/revisions\/33819"}],"wp:featuredmedia":[{"embeddable":true,"href":"https:\/\/www.tornum.com\/pl\/wp-json\/wp\/v2\/media\/33380"}],"wp:attachment":[{"href":"https:\/\/www.tornum.com\/pl\/wp-json\/wp\/v2\/media?parent=33719"}],"wp:term":[{"taxonomy":"product_brand","embeddable":true,"href":"https:\/\/www.tornum.com\/pl\/wp-json\/wp\/v2\/product_brand?post=33719"},{"taxonomy":"product_cat","embeddable":true,"href":"https:\/\/www.tornum.com\/pl\/wp-json\/wp\/v2\/product_cat?post=33719"},{"taxonomy":"product_tag","embeddable":true,"href":"https:\/\/www.tornum.com\/pl\/wp-json\/wp\/v2\/product_tag?post=33719"}],"curies":[{"name":"wp","href":"https:\/\/api.w.org\/{rel}","templated":true}]}}