{"id":33720,"date":"2023-05-14T20:04:48","date_gmt":"2023-05-14T20:04:48","guid":{"rendered":"https:\/\/www.tornum.com\/product\/spirogyre-sweep-auger\/"},"modified":"2025-07-31T05:45:15","modified_gmt":"2025-07-31T05:45:15","slug":"przenosnik-slimakowy-zbierajacy-spirogyre","status":"publish","type":"product","link":"https:\/\/www.tornum.com\/pl\/produkt\/przenosnik-slimakowy-zbierajacy-spirogyre\/","title":{"rendered":"PRZENO\u015aNIK \u015aLIMAKOWY ZBIERAJ\u0104CY SPIROGYRE"},"content":{"rendered":"<p><strong>PRZENO\u015aNIK \u015aLIMAKOWY ZBIERAJ\u0104CY SPIROGYRE MORILLON<\/strong><\/p>\n<p>Spirogyre firmy Morillon dost\u0119pny w Tornum to solidny przeno\u015bnik \u015blimakowy zbieraj\u0105cy, kt\u00f3ry nadaje si\u0119 do zastosowa\u0144 przemys\u0142owych. Urz\u0105dzenia te s\u0105 dost\u0119pne dla silos\u00f3w o \u015brednicy od 5 do 35 metr\u00f3w.<\/p>\n<p>Dost\u0119pne s\u0105 dwa modele przeno\u015bnika Spirogyre: typ S z zamontowanym od g\u00f3ry silnikiem z przek\u0142adni\u0105 \u015blimakow\u0105 oraz typ SCD z silnikiem zamontowanym od do\u0142u \u2013 dla bezpieczniejszej pracy i \u0142atwego dost\u0119pu serwisowego.<\/p>\n<p>Przeno\u015bnik wymusza ruch przez silos dzi\u0119ki przeniesieniu nap\u0119du z gumowym segmentowym ko\u0142em, kt\u00f3re zwi\u0119ksza bezpiecze\u0144stwo pracy. Przeno\u015bniki \u015blimakowe zbieraj\u0105ce Spirogyre s\u0105 dost\u0119pne w pi\u0119ciu rozmiarach i z przepustowo\u015bci\u0105 od 25 do 300 ton\/h.<\/p>\n","protected":false},"excerpt":{"rendered":"<p>Spirogyre firmy Morillon dost\u0119pny w Tornum to solidny przeno\u015bnik \u015blimakowy zbieraj\u0105cy, kt\u00f3ry nadaje si\u0119 do zastosowa\u0144 przemys\u0142owych. Urz\u0105dzenia te s\u0105 dost\u0119pne dla silos\u00f3w o \u015brednicy od 5 do 35 metr\u00f3w.<\/p>\n","protected":false},"featured_media":33457,"comment_status":"open","ping_status":"closed","template":"","meta":{"_acf_changed":false},"product_brand":[],"product_cat":[955,963,968,1008,1009,1036],"product_tag":[1003,989],"class_list":{"0":"post-33720","1":"product","2":"type-product","3":"status-publish","4":"has-post-thumbnail","6":"product_cat-all-products-pl","7":"product_cat-grain-pl","8":"product_cat-material-handling-pl","9":"product_cat-silo-discharge-pl","10":"product_cat-screw-auger-pl","11":"product_cat-sweep-conveyor-material-handling-ro-pl","12":"product_tag-storage-pl","13":"product_tag-transport-pl","14":"description-off","16":"first","17":"instock","18":"shipping-taxable","19":"product-type-simple"},"acf":[],"_links":{"self":[{"href":"https:\/\/www.tornum.com\/pl\/wp-json\/wp\/v2\/product\/33720","targetHints":{"allow":["GET"]}}],"collection":[{"href":"https:\/\/www.tornum.com\/pl\/wp-json\/wp\/v2\/product"}],"about":[{"href":"https:\/\/www.tornum.com\/pl\/wp-json\/wp\/v2\/types\/product"}],"replies":[{"embeddable":true,"href":"https:\/\/www.tornum.com\/pl\/wp-json\/wp\/v2\/comments?post=33720"}],"version-history":[{"count":1,"href":"https:\/\/www.tornum.com\/pl\/wp-json\/wp\/v2\/product\/33720\/revisions"}],"predecessor-version":[{"id":33829,"href":"https:\/\/www.tornum.com\/pl\/wp-json\/wp\/v2\/product\/33720\/revisions\/33829"}],"wp:featuredmedia":[{"embeddable":true,"href":"https:\/\/www.tornum.com\/pl\/wp-json\/wp\/v2\/media\/33457"}],"wp:attachment":[{"href":"https:\/\/www.tornum.com\/pl\/wp-json\/wp\/v2\/media?parent=33720"}],"wp:term":[{"taxonomy":"product_brand","embeddable":true,"href":"https:\/\/www.tornum.com\/pl\/wp-json\/wp\/v2\/product_brand?post=33720"},{"taxonomy":"product_cat","embeddable":true,"href":"https:\/\/www.tornum.com\/pl\/wp-json\/wp\/v2\/product_cat?post=33720"},{"taxonomy":"product_tag","embeddable":true,"href":"https:\/\/www.tornum.com\/pl\/wp-json\/wp\/v2\/product_tag?post=33720"}],"curies":[{"name":"wp","href":"https:\/\/api.w.org\/{rel}","templated":true}]}}