{"id":33721,"date":"2023-05-14T20:07:50","date_gmt":"2023-05-14T20:07:50","guid":{"rendered":"https:\/\/www.tornum.com\/product\/sweep-conveyor-ktis\/"},"modified":"2025-07-09T14:06:54","modified_gmt":"2025-07-09T14:06:54","slug":"przenosnik-zbierajacy-ktis","status":"publish","type":"product","link":"https:\/\/www.tornum.com\/pl\/produkt\/przenosnik-zbierajacy-ktis\/","title":{"rendered":"PRZENO\u015aNIK ZBIERAJ\u0104CY KTIS"},"content":{"rendered":"<h3>PRZENO\u015aNIK ZBIERAJ\u0104CY SKANDIA KTIS<\/h3>\n<p>Przeno\u015bnik zbieraj\u0105cy KTIS s\u0142u\u017cy do przetaczania materia\u0142u z silosu do przeno\u015bnika dolnego. Jego praca nie wymaga interwencji operatora. Wyposa\u017cony jest w szczotk\u0119, dzi\u0119ki czemu dok\u0142adnie wymiata ca\u0142\u0105 zawarto\u015b\u0107 silosu.<\/p>\n<p>KTIS wykonany jest z blachy ocynkowanej, zgodnie z dyrektywami UE w sprawie maszyn. KTIS ma klasyfikacj\u0119 2D\/OD w kategorii II i nadaje si\u0119 do przetaczania produkt\u00f3w granulowanych i sypkich materia\u0142\u00f3w poza strefami zagro\u017cenia wybuchem.<\/p>\n<p>Przeno\u015bnik zbieraj\u0105cy KTIS jest przeznaczony do odprowadzania ziarna z silosu do przeno\u015bnika dolnego Skandia. Przepustowo\u015bci znamionowe podaje si\u0119 dla ziarna<br \/>\no wilgotno\u015bci 15% i g\u0119sto\u015bci nasypowej 750 kg\/m\u00b3. Przepustowo\u015b\u0107 zmienia si\u0119 proporcjonalnie do pr\u0119dko\u015bci obrotowej przek\u0142adni nap\u0119dowej. Urz\u0105dzenie pod\u0142\u0105cza si\u0119 do zasilania za pomoc\u0105 kabla z wtyczk\u0105. Pier\u015bcie\u0144 \u015blizgowy jest dost\u0119pny za dop\u0142at\u0105.<\/p>\n","protected":false},"excerpt":{"rendered":"<p>Przeno\u015bnik zbieraj\u0105cy KTIS s\u0142u\u017cy do przetaczania materia\u0142u z silosu do przeno\u015bnika dolnego. Jego praca nie wymaga interwencji operatora. Wyposa\u017cony jest w szczotk\u0119, dzi\u0119ki czemu dok\u0142adnie wymiata ca\u0142\u0105 zawarto\u015b\u0107 silosu.<\/p>\n","protected":false},"featured_media":33372,"comment_status":"open","ping_status":"closed","template":"","meta":{"_acf_changed":false},"product_brand":[],"product_cat":[955,963,968,1022,1008,1036],"product_tag":[1003,989],"class_list":{"0":"post-33721","1":"product","2":"type-product","3":"status-publish","4":"has-post-thumbnail","6":"product_cat-all-products-pl","7":"product_cat-grain-pl","8":"product_cat-material-handling-pl","9":"product_cat-conveyors-pl","10":"product_cat-silo-discharge-pl","11":"product_cat-sweep-conveyor-material-handling-ro-pl","12":"product_tag-storage-pl","13":"product_tag-transport-pl","14":"description-off","16":"first","17":"instock","18":"shipping-taxable","19":"product-type-simple"},"acf":[],"_links":{"self":[{"href":"https:\/\/www.tornum.com\/pl\/wp-json\/wp\/v2\/product\/33721","targetHints":{"allow":["GET"]}}],"collection":[{"href":"https:\/\/www.tornum.com\/pl\/wp-json\/wp\/v2\/product"}],"about":[{"href":"https:\/\/www.tornum.com\/pl\/wp-json\/wp\/v2\/types\/product"}],"replies":[{"embeddable":true,"href":"https:\/\/www.tornum.com\/pl\/wp-json\/wp\/v2\/comments?post=33721"}],"version-history":[{"count":2,"href":"https:\/\/www.tornum.com\/pl\/wp-json\/wp\/v2\/product\/33721\/revisions"}],"predecessor-version":[{"id":33837,"href":"https:\/\/www.tornum.com\/pl\/wp-json\/wp\/v2\/product\/33721\/revisions\/33837"}],"wp:featuredmedia":[{"embeddable":true,"href":"https:\/\/www.tornum.com\/pl\/wp-json\/wp\/v2\/media\/33372"}],"wp:attachment":[{"href":"https:\/\/www.tornum.com\/pl\/wp-json\/wp\/v2\/media?parent=33721"}],"wp:term":[{"taxonomy":"product_brand","embeddable":true,"href":"https:\/\/www.tornum.com\/pl\/wp-json\/wp\/v2\/product_brand?post=33721"},{"taxonomy":"product_cat","embeddable":true,"href":"https:\/\/www.tornum.com\/pl\/wp-json\/wp\/v2\/product_cat?post=33721"},{"taxonomy":"product_tag","embeddable":true,"href":"https:\/\/www.tornum.com\/pl\/wp-json\/wp\/v2\/product_tag?post=33721"}],"curies":[{"name":"wp","href":"https:\/\/api.w.org\/{rel}","templated":true}]}}