{"id":33723,"date":"2023-05-14T20:09:44","date_gmt":"2023-05-14T20:09:44","guid":{"rendered":"https:\/\/www.tornum.com\/product\/sweep-out\/"},"modified":"2024-05-24T13:51:10","modified_gmt":"2024-05-24T13:51:10","slug":"sweep-out","status":"publish","type":"product","link":"https:\/\/www.tornum.com\/pl\/produkt\/sweep-out\/","title":{"rendered":"SWEEP OUT"},"content":{"rendered":"<h3>SWEEP OUT<\/h3>\n<p>Sweep Out to przeno\u015bny przeno\u015bnik \u015blimakowy zbieraj\u0105cy do ko\u0144cowego roz\u0142adunku ziarna z silos\u00f3w magazynowych. Sweep Out zosta\u0142 wyprodukowany w Szwecji<br \/>\ni wyr\u00f3\u017cnia si\u0119 solidn\u0105 konstrukcj\u0105, dzi\u0119ki kt\u00f3rej idealnie nadaje si\u0119 do przewidzianych dla niego zastosowa\u0144. Konstrukcja jest przyjazna dla u\u017cytkownika. Przeno\u015bnik ma uchwyt do przenoszenia, kt\u00f3ry u\u0142atwia przetaczanie przeno\u015bnika mi\u0119dzy silosami. Maksymalna wydajno\u015b\u0107 mo\u017ce si\u0119ga\u0107 25 ton\/h.<\/p>\n<p><strong>BUDOWA I FUNKCJA<\/strong><br \/>\n\u2022 Nap\u0119d bezpo\u015bredni silnikiem z przek\u0142adni\u0105 \u015blimakow\u0105 (nie wymaga konserwacji<br \/>\ni eliminuje ryzyko po\u017caru)<br \/>\n\u2022 Nadaje si\u0119 do silos\u00f3w o \u015brednicy od 4 metr\u00f3w do 15 metr\u00f3w \u2013 mo\u017cliwo\u015b\u0107 zam\u00f3wienia przeno\u015bnika o wielko\u015bci pasuj\u0105cej do ka\u017cdego modelu silosu cylindrycznego<\/p>\n","protected":false},"excerpt":{"rendered":"<p>Sweep Out to przeno\u015bny przeno\u015bnik \u015blimakowy zbieraj\u0105cy do ko\u0144cowego roz\u0142adunku ziarna ze silos\u00f3w magazynowych. Sweep Out zosta\u0142 wyprodukowany w Szwecji i wyr\u00f3\u017cnia si\u0119 solidn\u0105 konstrukcj\u0105, dzi\u0119ki kt\u00f3rej idealnie nadaje si\u0119 do przewidzianych dla niego zastosowa\u0144. Konstrukcja jest przyjazna dla u\u017cytkownika. Przeno\u015bnik ma uchwyt do przenoszenia, kt\u00f3ry u\u0142atwia przetaczanie przeno\u015bnika mi\u0119dzy silosami. Maksymalna wydajno\u015b\u0107 mo\u017ce si\u0119ga\u0107 25 ton\/h.<\/p>\n","protected":false},"featured_media":33376,"comment_status":"open","ping_status":"closed","template":"","meta":{"_acf_changed":false},"product_brand":[],"product_cat":[955,963,968,1008,1009,1036],"product_tag":[1003,989],"class_list":{"0":"post-33723","1":"product","2":"type-product","3":"status-publish","4":"has-post-thumbnail","6":"product_cat-all-products-pl","7":"product_cat-grain-pl","8":"product_cat-material-handling-pl","9":"product_cat-silo-discharge-pl","10":"product_cat-screw-auger-pl","11":"product_cat-sweep-conveyor-material-handling-ro-pl","12":"product_tag-storage-pl","13":"product_tag-transport-pl","14":"description-off","16":"first","17":"instock","18":"shipping-taxable","19":"product-type-simple"},"acf":[],"_links":{"self":[{"href":"https:\/\/www.tornum.com\/pl\/wp-json\/wp\/v2\/product\/33723","targetHints":{"allow":["GET"]}}],"collection":[{"href":"https:\/\/www.tornum.com\/pl\/wp-json\/wp\/v2\/product"}],"about":[{"href":"https:\/\/www.tornum.com\/pl\/wp-json\/wp\/v2\/types\/product"}],"replies":[{"embeddable":true,"href":"https:\/\/www.tornum.com\/pl\/wp-json\/wp\/v2\/comments?post=33723"}],"version-history":[{"count":1,"href":"https:\/\/www.tornum.com\/pl\/wp-json\/wp\/v2\/product\/33723\/revisions"}],"predecessor-version":[{"id":33840,"href":"https:\/\/www.tornum.com\/pl\/wp-json\/wp\/v2\/product\/33723\/revisions\/33840"}],"wp:featuredmedia":[{"embeddable":true,"href":"https:\/\/www.tornum.com\/pl\/wp-json\/wp\/v2\/media\/33376"}],"wp:attachment":[{"href":"https:\/\/www.tornum.com\/pl\/wp-json\/wp\/v2\/media?parent=33723"}],"wp:term":[{"taxonomy":"product_brand","embeddable":true,"href":"https:\/\/www.tornum.com\/pl\/wp-json\/wp\/v2\/product_brand?post=33723"},{"taxonomy":"product_cat","embeddable":true,"href":"https:\/\/www.tornum.com\/pl\/wp-json\/wp\/v2\/product_cat?post=33723"},{"taxonomy":"product_tag","embeddable":true,"href":"https:\/\/www.tornum.com\/pl\/wp-json\/wp\/v2\/product_tag?post=33723"}],"curies":[{"name":"wp","href":"https:\/\/api.w.org\/{rel}","templated":true}]}}