{"id":33724,"date":"2023-05-14T20:14:44","date_gmt":"2023-05-14T20:14:44","guid":{"rendered":"https:\/\/www.tornum.com\/product\/sweep-out-permanent\/"},"modified":"2024-05-24T13:52:46","modified_gmt":"2024-05-24T13:52:46","slug":"sweep-out-staly","status":"publish","type":"product","link":"https:\/\/www.tornum.com\/pl\/produkt\/sweep-out-staly\/","title":{"rendered":"SWEEP OUT STA\u0141Y"},"content":{"rendered":"<div class=\"wpb-content-wrapper\"><p>[vc_row][vc_column width=&#8221;2\/3&#8243;][vc_column_text]<\/p>\n<h3><strong>TORNUM SWEEP OUT STA\u0141Y<\/strong><\/h3>\n<p>Jest to przeno\u015bnik \u015blimakowy zbieraj\u0105cy firmy Tornum przeznaczony do zabudowy sta\u0142ej w silosie. Przeno\u015bnik \u015blimakowy sk\u0142ada si\u0119 z zespo\u0142u nap\u0119dowego, przed\u0142u\u017ce\u0144 segmentowych o znormalizowanej d\u0142ugo\u015bci oraz zamkni\u0119cia z \u0142a\u0144cuchem i ko\u0142em nap\u0119dowym. Przeno\u015bnik \u015blimakowy zbieraj\u0105cy jest dost\u0119pny w kilku r\u00f3\u017cnych standardowych d\u0142ugo\u015bciach, cho\u0107 mo\u017cna zam\u00f3wi\u0107 d\u0142ugo\u015b\u0107 niestandardow\u0105, kt\u00f3ra jest ograniczona do 9,7 metra.<\/p>\n<p>Maksymalna przepustowo\u015b\u0107: 60 ton\/h.[\/vc_column_text][\/vc_column][vc_column width=&#8221;1\/3&#8243;][vc_column_text]<strong>Cechy<\/strong><br \/>\n\u2022 Silnik z przek\u0142adni\u0105 \u015blimakow\u0105<br \/>\n\u2022 \u015acianka boczna z blachy malowanej proszkowo<br \/>\n\u2022 D\u0142ugo\u015b\u0107 \u015bcianki bocznej regulowana w zakresie \u00b1100 mm<\/p>\n<p>[\/vc_column_text][\/vc_column][\/vc_row]<\/p>\n<\/div>","protected":false},"excerpt":{"rendered":"<p>Jest to przeno\u015bnik \u015blimakowy zbieraj\u0105cy firmy Tornum przeznaczony do zabudowy sta\u0142ej w silosie. Jest oparty na elastycznej systemowej konstrukcji modu\u0142owej, kt\u00f3r\u0105 mo\u017cna zam\u00f3wi\u0107 pod konkretn\u0105 wielko\u015b\u0107 silosu.<\/p>\n","protected":false},"featured_media":33377,"comment_status":"open","ping_status":"closed","template":"","meta":{"_acf_changed":false},"product_brand":[],"product_cat":[955,963,968,1008,1009,1036],"product_tag":[1003,989],"class_list":{"0":"post-33724","1":"product","2":"type-product","3":"status-publish","4":"has-post-thumbnail","6":"product_cat-all-products-pl","7":"product_cat-grain-pl","8":"product_cat-material-handling-pl","9":"product_cat-silo-discharge-pl","10":"product_cat-screw-auger-pl","11":"product_cat-sweep-conveyor-material-handling-ro-pl","12":"product_tag-storage-pl","13":"product_tag-transport-pl","14":"description-off","16":"first","17":"instock","18":"shipping-taxable","19":"product-type-simple"},"acf":[],"_links":{"self":[{"href":"https:\/\/www.tornum.com\/pl\/wp-json\/wp\/v2\/product\/33724","targetHints":{"allow":["GET"]}}],"collection":[{"href":"https:\/\/www.tornum.com\/pl\/wp-json\/wp\/v2\/product"}],"about":[{"href":"https:\/\/www.tornum.com\/pl\/wp-json\/wp\/v2\/types\/product"}],"replies":[{"embeddable":true,"href":"https:\/\/www.tornum.com\/pl\/wp-json\/wp\/v2\/comments?post=33724"}],"version-history":[{"count":2,"href":"https:\/\/www.tornum.com\/pl\/wp-json\/wp\/v2\/product\/33724\/revisions"}],"predecessor-version":[{"id":33844,"href":"https:\/\/www.tornum.com\/pl\/wp-json\/wp\/v2\/product\/33724\/revisions\/33844"}],"wp:featuredmedia":[{"embeddable":true,"href":"https:\/\/www.tornum.com\/pl\/wp-json\/wp\/v2\/media\/33377"}],"wp:attachment":[{"href":"https:\/\/www.tornum.com\/pl\/wp-json\/wp\/v2\/media?parent=33724"}],"wp:term":[{"taxonomy":"product_brand","embeddable":true,"href":"https:\/\/www.tornum.com\/pl\/wp-json\/wp\/v2\/product_brand?post=33724"},{"taxonomy":"product_cat","embeddable":true,"href":"https:\/\/www.tornum.com\/pl\/wp-json\/wp\/v2\/product_cat?post=33724"},{"taxonomy":"product_tag","embeddable":true,"href":"https:\/\/www.tornum.com\/pl\/wp-json\/wp\/v2\/product_tag?post=33724"}],"curies":[{"name":"wp","href":"https:\/\/api.w.org\/{rel}","templated":true}]}}