{"id":33725,"date":"2023-05-17T13:17:49","date_gmt":"2023-05-17T13:17:49","guid":{"rendered":"https:\/\/www.tornum.com\/product\/tecflam-gas-burner\/"},"modified":"2025-07-31T06:02:50","modified_gmt":"2025-07-31T06:02:50","slug":"palnik-gazowy-tecflam","status":"publish","type":"product","link":"https:\/\/www.tornum.com\/pl\/produkt\/palnik-gazowy-tecflam\/","title":{"rendered":"PALNIK GAZOWY TECFLAM"},"content":{"rendered":"<p>W omawianym typie spalania paliwa, powietrze podawane do suszenia ziarna przez wentylatory w suszarni miesza si\u0119 z powietrzem wt\u0142aczanym przez dmuchawy palnik\u00f3w i spalinami \u2013 powsta\u0142a mieszanka s\u0142u\u017cy do suszenia produktu, co ogranicza pob\u00f3r energii. Moc cieplna palnik\u00f3w si\u0119ga od 814 kW do 16 280 kW.<\/p>\n","protected":false},"excerpt":{"rendered":"<p>TORNUM oferuje palniki gazowe na LPG lub gaz ziemny do ogrzewania bezpo\u015bredniego dla pionowych suszarni do ziarna. Asortyment obejmuje kilka r\u00f3\u017cnych typ\u00f3w palnik\u00f3w kana\u0142owych lub liniowych \u2013 dob\u00f3r zale\u017cy od rodzaju montowanej instalacji.<\/p>\n<p>Suszarnia do ziarna z palnikiem gazowym ogrzewana bezpo\u015bredniego zu\u017cywa mniej energii w por\u00f3wnaniu z suszarni\u0105 o ogrzewaniu po\u015brednim, np. z kot\u0142a na olej opa\u0142owy.<\/p>\n","protected":false},"featured_media":33419,"comment_status":"open","ping_status":"closed","template":"","meta":{"_acf_changed":false},"product_brand":[],"product_cat":[955,956,964],"product_tag":[965,966],"class_list":{"0":"post-33725","1":"product","2":"type-product","3":"status-publish","4":"has-post-thumbnail","6":"product_cat-all-products-pl","7":"product_cat-conditioning-pl","8":"product_cat-heat-sources-pl","9":"product_tag-burner-pl","10":"product_tag-dryer-pl","11":"description-off","13":"first","14":"instock","15":"shipping-taxable","16":"product-type-simple"},"acf":[],"_links":{"self":[{"href":"https:\/\/www.tornum.com\/pl\/wp-json\/wp\/v2\/product\/33725","targetHints":{"allow":["GET"]}}],"collection":[{"href":"https:\/\/www.tornum.com\/pl\/wp-json\/wp\/v2\/product"}],"about":[{"href":"https:\/\/www.tornum.com\/pl\/wp-json\/wp\/v2\/types\/product"}],"replies":[{"embeddable":true,"href":"https:\/\/www.tornum.com\/pl\/wp-json\/wp\/v2\/comments?post=33725"}],"version-history":[{"count":2,"href":"https:\/\/www.tornum.com\/pl\/wp-json\/wp\/v2\/product\/33725\/revisions"}],"predecessor-version":[{"id":33848,"href":"https:\/\/www.tornum.com\/pl\/wp-json\/wp\/v2\/product\/33725\/revisions\/33848"}],"wp:featuredmedia":[{"embeddable":true,"href":"https:\/\/www.tornum.com\/pl\/wp-json\/wp\/v2\/media\/33419"}],"wp:attachment":[{"href":"https:\/\/www.tornum.com\/pl\/wp-json\/wp\/v2\/media?parent=33725"}],"wp:term":[{"taxonomy":"product_brand","embeddable":true,"href":"https:\/\/www.tornum.com\/pl\/wp-json\/wp\/v2\/product_brand?post=33725"},{"taxonomy":"product_cat","embeddable":true,"href":"https:\/\/www.tornum.com\/pl\/wp-json\/wp\/v2\/product_cat?post=33725"},{"taxonomy":"product_tag","embeddable":true,"href":"https:\/\/www.tornum.com\/pl\/wp-json\/wp\/v2\/product_tag?post=33725"}],"curies":[{"name":"wp","href":"https:\/\/api.w.org\/{rel}","templated":true}]}}