{"id":33726,"date":"2023-05-14T21:03:59","date_gmt":"2023-05-14T21:03:59","guid":{"rendered":"https:\/\/www.tornum.com\/product\/temperature-monitoring\/"},"modified":"2025-07-31T06:09:55","modified_gmt":"2025-07-31T06:09:55","slug":"pomiar-temperatury","status":"publish","type":"product","link":"https:\/\/www.tornum.com\/pl\/produkt\/pomiar-temperatury\/","title":{"rendered":"POMIAR TEMPERATURY"},"content":{"rendered":"<div class=\"wpb-content-wrapper\"><p>[vc_row][vc_column width=&#8221;2\/3&#8243;][vc_column_text]System pomiaru temperatury firmy Tornum do silos\u00f3w magazynowych umo\u017cliwia dok\u0142adniejsz\u0105 kontrol\u0119 jako\u015bci ziarna podczas jego sk\u0142adowania. Przewody pomiarowe maj\u0105 posta\u0107 wytrzyma\u0142ych rurek zbrojonych, wyposa\u017conych w szereg czujnik\u00f3w pomiarowych. Tornum oferuje dwa rodzaje system\u00f3w pomiaru i nadzoru temperatury \u2013 w postaci r\u0119cznego przyrz\u0105du zasilanego z akumulatora, kt\u00f3ry mo\u017cna przenosi\u0107 mi\u0119dzy instalacjami przewod\u00f3w pomiarowych, a tak\u017ce w postaci systemu opartego na komputerze PC, do ci\u0105g\u0142ego pomiaru temperatury, z sygnalizacj\u0105 poziomu alarmowego i rejestracj\u0105 przebieg\u00f3w temperatury wewn\u0105trz magazynu zbo\u017cowego.<\/p>\n<p>Oferujemy r\u00f3wnie\u017c sondy pomiarowe przeznaczone dla r\u0119cznego przyrz\u0105du pomiarowego.<\/p>\n<p>Mo\u017cliwe jest bezprzewodowe przesy\u0142anie danych i dost\u0119p do pomiar\u00f3w poprzez Internet.[\/vc_column_text][\/vc_column][vc_column width=&#8221;1\/3&#8243;][vc_column_text]<strong>ZALETY<\/strong><br \/>\n\u2022 Dost\u0119p do pe\u0142nych danych historycznych w postaci wykres\u00f3w i tabel<br \/>\n\u2022 Alarmy przebiegu trendu temperatury i temperatury rzeczywistej<br \/>\n\u2022 Sterowanie wentylacj\u0105<br \/>\n\u2022 Kontrola poziomu<br \/>\n\u2022 Mo\u017cliwo\u015b\u0107 bezprzewodowego przesy\u0142ania danych<br \/>\n\u2022 Rozwi\u0105zanie niezawodne i przyjazne dla u\u017cytkownika<br \/>\n\u2022 Prosty monta\u017c i instalacja<br \/>\n\u2022 Mo\u017cliwo\u015b\u0107 zam\u00f3wienia interfejsu w dowolnej wersji j\u0119zykowej<br \/>\n\u2022 Kable pomiarowe czujnik\u00f3w z atestem dla strefy ATEX 20\/21\/22[\/vc_column_text][\/vc_column][\/vc_row]<\/p>\n<\/div>","protected":false},"excerpt":{"rendered":"<p>System pomiaru temperatury firmy Tornum do silos\u00f3w magazynowych umo\u017cliwia dok\u0142adniejsz\u0105 kontrol\u0119 jako\u015bci ziarna podczas jego sk\u0142adowania.<\/p>\n","protected":false},"featured_media":33462,"comment_status":"open","ping_status":"closed","template":"","meta":{"_acf_changed":false},"product_brand":[],"product_cat":[955,973,962,963,975,1038],"product_tag":[978,979,980],"class_list":{"0":"post-33726","1":"product","2":"type-product","3":"status-publish","4":"has-post-thumbnail","6":"product_cat-all-products-pl","7":"product_cat-feed-pl","8":"product_cat-food-2-pl","9":"product_cat-grain-pl","10":"product_cat-grain-management-pl","11":"product_cat-temperature-monitoring-pl","12":"product_tag-monitoring-pl","13":"product_tag-pc-pl","14":"product_tag-plc-pl","15":"description-off","17":"first","18":"instock","19":"shipping-taxable","20":"product-type-simple"},"acf":[],"_links":{"self":[{"href":"https:\/\/www.tornum.com\/pl\/wp-json\/wp\/v2\/product\/33726","targetHints":{"allow":["GET"]}}],"collection":[{"href":"https:\/\/www.tornum.com\/pl\/wp-json\/wp\/v2\/product"}],"about":[{"href":"https:\/\/www.tornum.com\/pl\/wp-json\/wp\/v2\/types\/product"}],"replies":[{"embeddable":true,"href":"https:\/\/www.tornum.com\/pl\/wp-json\/wp\/v2\/comments?post=33726"}],"version-history":[{"count":2,"href":"https:\/\/www.tornum.com\/pl\/wp-json\/wp\/v2\/product\/33726\/revisions"}],"predecessor-version":[{"id":33852,"href":"https:\/\/www.tornum.com\/pl\/wp-json\/wp\/v2\/product\/33726\/revisions\/33852"}],"wp:featuredmedia":[{"embeddable":true,"href":"https:\/\/www.tornum.com\/pl\/wp-json\/wp\/v2\/media\/33462"}],"wp:attachment":[{"href":"https:\/\/www.tornum.com\/pl\/wp-json\/wp\/v2\/media?parent=33726"}],"wp:term":[{"taxonomy":"product_brand","embeddable":true,"href":"https:\/\/www.tornum.com\/pl\/wp-json\/wp\/v2\/product_brand?post=33726"},{"taxonomy":"product_cat","embeddable":true,"href":"https:\/\/www.tornum.com\/pl\/wp-json\/wp\/v2\/product_cat?post=33726"},{"taxonomy":"product_tag","embeddable":true,"href":"https:\/\/www.tornum.com\/pl\/wp-json\/wp\/v2\/product_tag?post=33726"}],"curies":[{"name":"wp","href":"https:\/\/api.w.org\/{rel}","templated":true}]}}