{"id":33727,"date":"2023-01-29T22:13:08","date_gmt":"2023-01-29T22:13:08","guid":{"rendered":"https:\/\/www.tornum.com\/product\/tf-dryer\/"},"modified":"2025-07-31T06:15:50","modified_gmt":"2025-07-31T06:15:50","slug":"suszarnia-tf","status":"publish","type":"product","link":"https:\/\/www.tornum.com\/pl\/produkt\/suszarnia-tf\/","title":{"rendered":"SUSZARNIA TF"},"content":{"rendered":"<div class=\"wpb-content-wrapper\"><p>[vc_row][vc_column][vc_column_text]<strong>Szybkie prze\u0142\u0105czanie mi\u0119dzy suszeniem porcjowym i ci\u0105g\u0142ym<\/strong><\/p>\n<p>Tornum TF to elastyczna suszarnia, kt\u00f3ra pozwala optymalnie dobra\u0107 rodzaj suszenia do suszonego ziarna i jego ilo\u015bci, bez uszczerbku dla jego jako\u015bci po wysuszeniu.<br \/>\nTF to zasadniczo dwie suszarnie w postaci jednego urz\u0105dzenia. W zale\u017cno\u015bci od warunk\u00f3w technologicznych, mo\u017cna wybra\u0107 suszenie ci\u0105g\u0142e lub porcjowe.<\/p>\n<p>Suszarnia Tornum TF mo\u017ce pracowa\u0107 r\u00f3wnie\u017c pod niskim ci\u015bnieniem. Ca\u0142e powietrze susz\u0105ce jest czerpane przez suszarni\u0119 za pomoc\u0105 wentylatora, kt\u00f3rego wielko\u015b\u0107 dobiera si\u0119 do wielko\u015bci samej suszarni i wydajno\u015bci \u017ar\u00f3d\u0142a ciep\u0142a.<br \/>\nSuszarnia niskoci\u015bnieniowa wydziela znacznie mniej py\u0142u do otoczenia ni\u017c tak zwana suszarnia wysokoci\u015bnieniowa, co r\u00f3wnie\u017c eliminuje ryzyko kondensacji w pobli\u017cu ziarna, w rurach i podno\u015bnikach.<\/p>\n<p>Po uruchomieniu suszenia ci\u0105g\u0142ego zawsze nast\u0119puje \u201eprzerwa rozruchowa\u201d, po kt\u00f3rej suszarnia rozpoczyna prac\u0119 samodzieln\u0105. Zalety suszenia ci\u0105g\u0142ego rosn\u0105 wraz z ilo\u015bci\u0105 osuszanego ziarna.<br \/>\n<strong>W trybie suszenia ci\u0105g\u0142ego <\/strong>mo\u017cna sterowa\u0107 suszarni\u0105 za pomoc\u0105 systemu Tornum IDC, kt\u00f3ry mierzy wilgotno\u015b\u0107 w ziarnie wchodz\u0105cym i wychodz\u0105cym.<\/p>\n<p>W przypadku mniejszych ilo\u015bci lub ziaren, kt\u00f3re maj\u0105 by\u0107 suszone w niskiej temperaturze przez d\u0142u\u017cszy czas, nale\u017cy wybra\u0107 tryb suszenia porcjowego.<br \/>\n<strong>W trybie suszenia porcjowego <\/strong>sterowanie suszarni\u0105 opiera si\u0119 na masie porcji (wsadu), czasie lub temperaturze suszenia \u2013 przy czym to u\u017cytkownik okre\u015bla, kt\u00f3ry<br \/>\nz parametr\u00f3w jest najkorzystniejszy dla procesu suszenia.<\/p>\n<p>\u2013 TF mo\u017cna \u0142atwo prze\u0142\u0105cza\u0107 mi\u0119dzy suszeniem ci\u0105g\u0142ym i porcjowym za pomoc\u0105 zasuw sterowanych silnikami, kt\u00f3re mog\u0105 pracowa\u0107 np. pod kontrol\u0105 systemu sterowania firmy Tornum. Dzi\u0119ki temu suszarnia mo\u017ce by\u0107 gotowa do pracy natychmiast po zako\u0144czeniu suszenia ci\u0105g\u0142ego.<br \/>\n\u2013 Suszarni\u0119 opr\u00f3\u017cnia si\u0119 do ostatniego ziarenka, poniewa\u017c wewn\u0105trz urz\u0105dzenia nie ma powierzchni, na kt\u00f3rych m\u00f3g\u0142by zawiesza\u0107 si\u0119 produkt. U\u0142atwia to czyszczenie<br \/>\ni odka\u017canie w razie zmiany rodzaju ziarna.<br \/>\n\u2013 TF mo\u017ce by\u0107 wyposa\u017cona w wentylatory dost\u0119pne na zam\u00f3wienie u\u017cytkownika \u2013 s\u0105 to wentylatory osiowe lub wentylatory odpylaj\u0105ce typu CAC lub EDS, w przypadku, gdy nabywca ma szczeg\u00f3lne wymagania wobec warunk\u00f3w w otoczeniu suszarni. Ka\u017cda wersja mo\u017ce by\u0107 doposa\u017cona w t\u0142umik akustyczny.<br \/>\n\u2013 TF mo\u017ce by\u0107 sterowana w trybie ci\u0105g\u0142ym za pomoc\u0105 systemu *IDC firmy Tornum lub \u2013 w trybie suszenia porcjowego \u2013 w funkcji zadanego czasu, masy porcji (wsadu) lub temperatury. *Dotyczy wykonania sk\u0142adaj\u0105cego si\u0119 z co najmniej 12 sekcji.<br \/>\n\u2013 TF mo\u017ce pracowa\u0107 z dost\u0119pnym na zam\u00f3wienie \u017ar\u00f3d\u0142em ciep\u0142a, zaprojektowanym przez Tornum zgodnie z zaleceniami LBK. Do najpowszechniej u\u017cywanych \u017ar\u00f3de\u0142 ciep\u0142a dla suszarni nale\u017c\u0105: palniki olejowe ogrzewania po\u015bredniego, palniki gazowe na gaz ziemny lub LPG, palniki ogrzewania bezpo\u015bredniego zasilane peletami lub zr\u0119bkami, agregaty wody gor\u0105cej, agregaty parowe i agregaty elektryczne.<\/p>\n<p>[\/vc_column_text][\/vc_column][\/vc_row]<\/p>\n<\/div>","protected":false},"excerpt":{"rendered":"<p>Tornum TF to elastyczna suszarnia, kt\u00f3ra pozwala optymalnie dobra\u0107 rodzaj suszenia do suszonego ziarna i jego ilo\u015bci, bez uszczerbku dla jego jako\u015bci po wysuszeniu.<br \/>\nTF to zasadniczo dwie suszarnie w postaci jednego urz\u0105dzenia. W zale\u017cno\u015bci od warunk\u00f3w technologicznych, mo\u017cna wybra\u0107 suszenie ci\u0105g\u0142e lub porcjowe.<\/p>\n","protected":false},"featured_media":33286,"comment_status":"open","ping_status":"closed","template":"","meta":{"_acf_changed":false},"product_brand":[],"product_cat":[955,963,956,983],"product_tag":[966,1003,989],"class_list":{"0":"post-33727","1":"product","2":"type-product","3":"status-publish","4":"has-post-thumbnail","6":"product_cat-all-products-pl","7":"product_cat-grain-pl","8":"product_cat-conditioning-pl","9":"product_cat-grain-dryers-pl","10":"product_tag-dryer-pl","11":"product_tag-storage-pl","12":"product_tag-transport-pl","13":"pa_products-type-all-products-pl","14":"pa_products-type-food-pl","15":"description-off","17":"first","18":"instock","19":"shipping-taxable","20":"product-type-simple"},"acf":[],"_links":{"self":[{"href":"https:\/\/www.tornum.com\/pl\/wp-json\/wp\/v2\/product\/33727","targetHints":{"allow":["GET"]}}],"collection":[{"href":"https:\/\/www.tornum.com\/pl\/wp-json\/wp\/v2\/product"}],"about":[{"href":"https:\/\/www.tornum.com\/pl\/wp-json\/wp\/v2\/types\/product"}],"replies":[{"embeddable":true,"href":"https:\/\/www.tornum.com\/pl\/wp-json\/wp\/v2\/comments?post=33727"}],"version-history":[{"count":2,"href":"https:\/\/www.tornum.com\/pl\/wp-json\/wp\/v2\/product\/33727\/revisions"}],"predecessor-version":[{"id":33856,"href":"https:\/\/www.tornum.com\/pl\/wp-json\/wp\/v2\/product\/33727\/revisions\/33856"}],"wp:featuredmedia":[{"embeddable":true,"href":"https:\/\/www.tornum.com\/pl\/wp-json\/wp\/v2\/media\/33286"}],"wp:attachment":[{"href":"https:\/\/www.tornum.com\/pl\/wp-json\/wp\/v2\/media?parent=33727"}],"wp:term":[{"taxonomy":"product_brand","embeddable":true,"href":"https:\/\/www.tornum.com\/pl\/wp-json\/wp\/v2\/product_brand?post=33727"},{"taxonomy":"product_cat","embeddable":true,"href":"https:\/\/www.tornum.com\/pl\/wp-json\/wp\/v2\/product_cat?post=33727"},{"taxonomy":"product_tag","embeddable":true,"href":"https:\/\/www.tornum.com\/pl\/wp-json\/wp\/v2\/product_tag?post=33727"}],"curies":[{"name":"wp","href":"https:\/\/api.w.org\/{rel}","templated":true}]}}