{"id":33728,"date":"2023-04-03T11:47:47","date_gmt":"2023-04-03T11:47:47","guid":{"rendered":"https:\/\/www.tornum.com\/product\/tornum-conditioning-laterals\/"},"modified":"2025-08-01T08:17:24","modified_gmt":"2025-08-01T08:17:24","slug":"kanaly-kondycjonujace-poprzeczne-tornum","status":"publish","type":"product","link":"https:\/\/www.tornum.com\/pl\/produkt\/kanaly-kondycjonujace-poprzeczne-tornum\/","title":{"rendered":"KANA\u0141Y KONDYCJONUJ\u0104CE POPRZECZNE TORNUM"},"content":{"rendered":"<div class=\"wpb-content-wrapper\"><p>[vc_row gap=&#8221;35&#8243;][vc_column width=&#8221;2\/3&#8243;][vc_column_text]Kana\u0142y kondycjonuj\u0105ce poprzeczne firmy Tornum umo\u017cliwiaj\u0105 kondycjonowanie ziarna w silosach lejowych. Powietrze doprowadza si\u0119 za pomoc\u0105 kana\u0142u \u00d8 200 mm. Kana\u0142y kondycjonuj\u0105ce poprzeczne mog\u0105 by\u0107 r\u00f3wnie\u017c montowane w wi\u0119kszo\u015bci typ\u00f3w zbiornik\u00f3w i silos\u00f3w.[\/vc_column_text][\/vc_column][vc_column width=&#8221;1\/3&#8243;][\/vc_column][\/vc_row]<\/p>\n<\/div>","protected":false},"excerpt":{"rendered":"<p>Kana\u0142y kondycjonuj\u0105ce poprzeczne firmy Tornum umo\u017cliwiaj\u0105 kondycjonowanie ziarna w silosach lejowych. Powietrze doprowadza si\u0119 za pomoc\u0105 kana\u0142u \u00d8 200 mm. Kana\u0142y kondycjonuj\u0105ce poprzeczne mog\u0105 by\u0107 r\u00f3wnie\u017c montowane w wi\u0119kszo\u015bci typ\u00f3w zbiornik\u00f3w i silos\u00f3w.<\/p>\n","protected":false},"featured_media":33437,"comment_status":"open","ping_status":"closed","template":"","meta":{"_acf_changed":false},"product_brand":[],"product_cat":[955,962,963,956,1039],"product_tag":[970,1040,1007],"class_list":{"0":"post-33728","1":"product","2":"type-product","3":"status-publish","4":"has-post-thumbnail","6":"product_cat-all-products-pl","7":"product_cat-food-2-pl","8":"product_cat-grain-pl","9":"product_cat-conditioning-pl","10":"product_cat-conditioning-laterals-pl","11":"product_tag-conditioning-pl","12":"product_tag-hopper-silo-pl","13":"product_tag-radial-fan-pl","14":"pa_products-type-grain-pl","15":"description-off","17":"first","18":"instock","19":"shipping-taxable","20":"product-type-simple"},"acf":[],"_links":{"self":[{"href":"https:\/\/www.tornum.com\/pl\/wp-json\/wp\/v2\/product\/33728","targetHints":{"allow":["GET"]}}],"collection":[{"href":"https:\/\/www.tornum.com\/pl\/wp-json\/wp\/v2\/product"}],"about":[{"href":"https:\/\/www.tornum.com\/pl\/wp-json\/wp\/v2\/types\/product"}],"replies":[{"embeddable":true,"href":"https:\/\/www.tornum.com\/pl\/wp-json\/wp\/v2\/comments?post=33728"}],"version-history":[{"count":3,"href":"https:\/\/www.tornum.com\/pl\/wp-json\/wp\/v2\/product\/33728\/revisions"}],"predecessor-version":[{"id":51177,"href":"https:\/\/www.tornum.com\/pl\/wp-json\/wp\/v2\/product\/33728\/revisions\/51177"}],"wp:featuredmedia":[{"embeddable":true,"href":"https:\/\/www.tornum.com\/pl\/wp-json\/wp\/v2\/media\/33437"}],"wp:attachment":[{"href":"https:\/\/www.tornum.com\/pl\/wp-json\/wp\/v2\/media?parent=33728"}],"wp:term":[{"taxonomy":"product_brand","embeddable":true,"href":"https:\/\/www.tornum.com\/pl\/wp-json\/wp\/v2\/product_brand?post=33728"},{"taxonomy":"product_cat","embeddable":true,"href":"https:\/\/www.tornum.com\/pl\/wp-json\/wp\/v2\/product_cat?post=33728"},{"taxonomy":"product_tag","embeddable":true,"href":"https:\/\/www.tornum.com\/pl\/wp-json\/wp\/v2\/product_tag?post=33728"}],"curies":[{"name":"wp","href":"https:\/\/api.w.org\/{rel}","templated":true}]}}