{"id":33729,"date":"2023-05-14T21:20:59","date_gmt":"2023-05-14T21:20:59","guid":{"rendered":"https:\/\/www.tornum.com\/product\/tornum-tx\/"},"modified":"2025-07-31T06:29:42","modified_gmt":"2025-07-31T06:29:42","slug":"tornum-tx","status":"publish","type":"product","link":"https:\/\/www.tornum.com\/pl\/produkt\/tornum-tx\/","title":{"rendered":"TORNUM TX"},"content":{"rendered":"<div class=\"content o-stack-sm c-text\">\n<p><strong>System rur do pracy w trudnych warunkach<\/strong><br \/>\n\u2013 Trwa\u0142y system z po\u0142\u0105czeniami na ko\u0142nierze skr\u0119cane \u015brubami.<br \/>\n\u2013 Wyko\u0144czenie \u2013 stal ocynkowana lub emaliowana.<br \/>\n\u2013 Elastyczny system z kolankami prostok\u0105tnymi i skr\u0119conymi pod r\u00f3\u017cnymi k\u0105tami.<br \/>\n\u2013 Dost\u0119pne wymiary: 200, 250, 300 cm.<br \/>\n\u2013 Grubo\u015b\u0107 blachy 3 mm.<br \/>\n\u2013 Dost\u0119pna jest wersja wzmocniona do pracy z zanieczyszczeniami \u015bciernymi, wyposa\u017cona w ok\u0142adzin\u0119 wewn\u0119trzn\u0105 z tworzywa sztucznego o grubo\u015bci 8 mm.<\/p>\n<p><strong>Rozdzielacz 2-dro\u017cny<\/strong><br \/>\n\u2013 Wszystkie elementy blaszane s\u0105 wymienne, co pozwala unikn\u0105\u0107 wymiany ca\u0142ego rozdzielacza w przypadku zu\u017cycia poszczeg\u00f3lnych element\u00f3w.<br \/>\n\u2013 Rozdzielacze s\u0105 elastyczne i dost\u0119pne w wersji lewej lub prawej, za\u015b czujniki po\u0142o\u017cenia dzia\u0142aj\u0105 indukcyjnie i mog\u0105 by\u0107 montowane po obu stronach.<br \/>\n\u2013 Otwory rewizyjne do kontroli zu\u017cycia i po\u0142o\u017cenia element\u00f3w wewn\u0119trznych (co ogranicza niebezpiecze\u0144stwo zanieczyszczenia).<br \/>\n\u2013 Blacha gr. 3 mm.<br \/>\n\u2013 P\u0142yta zasuwy ze stali Hardox gr. 8 mm, w ok\u0142adzinie z tworzywa sztucznego gr. 8 mm.<\/p>\n<p><strong>Zasuwa<\/strong><br \/>\n\u2013 Wytrzyma\u0142e zasuwy do rozmaitych zastosowa\u0144.<br \/>\n\u2013 Konstrukcja o solidnym stalowym gwincie.<br \/>\n\u2013 Zasuwa wyposa\u017cona w przegub kulowy, dzi\u0119ki czemu otwiera si\u0119 i zamyka pod du\u017cym naporem materia\u0142u.<br \/>\n\u2013 Dost\u0119pne z ko\u0142em nap\u0119dowym r\u0119cznym lub silnikiem elektrycznym.<br \/>\n\u2013 Zasuwy nadaj\u0105 si\u0119 np. do monta\u017cu na dnie w osi silosu.<br \/>\n\u2013 Dost\u0119pne wymiary: 200, 250, 300 cm.<br \/>\n\u2013 W g\u00f3rnej cz\u0119\u015bci zasuwy znajduj\u0105 si\u0119 blachy prowadz\u0105ce, kt\u00f3re gwarantuj\u0105 jej szczelne domkni\u0119cie.<br \/>\n\u2013 Regulowane uszczelki zapobiegaj\u0105 wysypywaniu si\u0119 produktu do mechanizmu zasuwy.<\/p>\n<\/div>\n","protected":false},"excerpt":{"rendered":"<p>Rury kwadratowe do skomplikowanych instalacji. Zaprojektowane z my\u015bl\u0105 o d\u0142ugiej trwa\u0142o\u015bci i du\u017cej wytrzyma\u0142o\u015bci.<\/p>\n","protected":false},"featured_media":33451,"comment_status":"open","ping_status":"closed","template":"","meta":{"_acf_changed":false},"product_brand":[],"product_cat":[955,973,962,963,968,1033],"product_tag":[1034],"class_list":{"0":"post-33729","1":"product","2":"type-product","3":"status-publish","4":"has-post-thumbnail","6":"product_cat-all-products-pl","7":"product_cat-feed-pl","8":"product_cat-food-2-pl","9":"product_cat-grain-pl","10":"product_cat-material-handling-pl","11":"product_cat-pipe-system-pl","12":"product_tag-pipes-pl","13":"description-off","15":"first","16":"instock","17":"shipping-taxable","18":"product-type-simple"},"acf":[],"_links":{"self":[{"href":"https:\/\/www.tornum.com\/pl\/wp-json\/wp\/v2\/product\/33729","targetHints":{"allow":["GET"]}}],"collection":[{"href":"https:\/\/www.tornum.com\/pl\/wp-json\/wp\/v2\/product"}],"about":[{"href":"https:\/\/www.tornum.com\/pl\/wp-json\/wp\/v2\/types\/product"}],"replies":[{"embeddable":true,"href":"https:\/\/www.tornum.com\/pl\/wp-json\/wp\/v2\/comments?post=33729"}],"version-history":[{"count":2,"href":"https:\/\/www.tornum.com\/pl\/wp-json\/wp\/v2\/product\/33729\/revisions"}],"predecessor-version":[{"id":33864,"href":"https:\/\/www.tornum.com\/pl\/wp-json\/wp\/v2\/product\/33729\/revisions\/33864"}],"wp:featuredmedia":[{"embeddable":true,"href":"https:\/\/www.tornum.com\/pl\/wp-json\/wp\/v2\/media\/33451"}],"wp:attachment":[{"href":"https:\/\/www.tornum.com\/pl\/wp-json\/wp\/v2\/media?parent=33729"}],"wp:term":[{"taxonomy":"product_brand","embeddable":true,"href":"https:\/\/www.tornum.com\/pl\/wp-json\/wp\/v2\/product_brand?post=33729"},{"taxonomy":"product_cat","embeddable":true,"href":"https:\/\/www.tornum.com\/pl\/wp-json\/wp\/v2\/product_cat?post=33729"},{"taxonomy":"product_tag","embeddable":true,"href":"https:\/\/www.tornum.com\/pl\/wp-json\/wp\/v2\/product_tag?post=33729"}],"curies":[{"name":"wp","href":"https:\/\/api.w.org\/{rel}","templated":true}]}}